{"id":35933,"date":"2025-08-29T13:00:13","date_gmt":"2025-08-29T13:00:13","guid":{"rendered":"https:\/\/alfaomega.tv\/librarie\/?post_type=product&#038;p=35933"},"modified":"2025-08-29T13:00:23","modified_gmt":"2025-08-29T13:00:23","slug":"biblie-medie-056-zti-turcoaz-floral","status":"publish","type":"product","link":"https:\/\/alfaomega.tv\/librarie\/produse\/biblii\/biblie-medie-056-zti-turcoaz-floral\/","title":{"rendered":"Biblie medie 056 ZTI turcoaz floral"},"content":{"rendered":"<p>Edi\u0163ia standard revizuit\u0103 reprezint\u0103 o nou\u0103 culegere a textului cu \u00eendrept\u0103ri ortografice, ortoepice,<br \/>gramaticale \u015fi de punctua\u0163ie.<br \/>Coper\u0163i din piele ecologic\u0103, CU fermoar, culori alb, roz, ro\u0219u, turcoaz \u0219i maro foarte atr\u0103g\u0103toare<br \/>Carte foarte bine lucrat\u0103 cu index \u015fi margini aurite, cuvintele Mantuirorului in rosu.<br \/>Foi sub\u0163iri scrise lizibil pe dou\u0103 coloane.<\/p>\n","protected":false},"excerpt":{"rendered":"<p>Edi\u0163ia standard revizuit\u0103 reprezint\u0103 o nou\u0103 culegere a textului cu \u00eendrept\u0103ri ortografice, ortoepice,gramaticale \u015fi de punctua\u0163ie.Coper\u0163i din piele ecologic\u0103, CU fermoar, culori alb, roz, ro\u0219u, turcoaz \u0219i maro foarte atr\u0103g\u0103toareCarte foarte bine lucrat\u0103 cu index \u015fi margini aurite, cuvintele Mantuirorului in rosu.Foi sub\u0163iri scrise lizibil pe dou\u0103 coloane.<\/p>\n","protected":false},"featured_media":7609,"template":"","meta":{"_acf_changed":false},"product_brand":[],"product_cat":[29],"product_tag":[],"class_list":{"0":"post-35933","1":"product","2":"type-product","3":"status-publish","4":"has-post-thumbnail","6":"product_cat-biblii","7":"pa_format-carte-tiparita","9":"first","10":"outofstock","11":"shipping-taxable","12":"purchasable","13":"product-type-variable"},"acf":[],"_links":{"self":[{"href":"https:\/\/alfaomega.tv\/librarie\/wp-json\/wp\/v2\/product\/35933","targetHints":{"allow":["GET"]}}],"collection":[{"href":"https:\/\/alfaomega.tv\/librarie\/wp-json\/wp\/v2\/product"}],"about":[{"href":"https:\/\/alfaomega.tv\/librarie\/wp-json\/wp\/v2\/types\/product"}],"wp:featuredmedia":[{"embeddable":true,"href":"https:\/\/alfaomega.tv\/librarie\/wp-json\/wp\/v2\/media\/7609"}],"wp:attachment":[{"href":"https:\/\/alfaomega.tv\/librarie\/wp-json\/wp\/v2\/media?parent=35933"}],"wp:term":[{"taxonomy":"product_brand","embeddable":true,"href":"https:\/\/alfaomega.tv\/librarie\/wp-json\/wp\/v2\/product_brand?post=35933"},{"taxonomy":"product_cat","embeddable":true,"href":"https:\/\/alfaomega.tv\/librarie\/wp-json\/wp\/v2\/product_cat?post=35933"},{"taxonomy":"product_tag","embeddable":true,"href":"https:\/\/alfaomega.tv\/librarie\/wp-json\/wp\/v2\/product_tag?post=35933"}],"curies":[{"name":"wp","href":"https:\/\/api.w.org\/{rel}","templated":true}]}}