{"id":35935,"date":"2025-08-29T13:00:13","date_gmt":"2025-08-29T13:00:13","guid":{"rendered":"https:\/\/alfaomega.tv\/librarie\/?post_type=product&#038;p=35935"},"modified":"2025-08-29T13:00:23","modified_gmt":"2025-08-29T13:00:23","slug":"biblie-mica-046-zti-roz-floral","status":"publish","type":"product","link":"https:\/\/alfaomega.tv\/librarie\/produse\/biblii\/biblie-mica-046-zti-roz-floral\/","title":{"rendered":"Biblie mic\u0103 046 ZTI roz floral"},"content":{"rendered":"<p>Edi\u0163ia de fa\u0163\u0103 reprezint\u0103 o nou\u0103 culegere a textului cu \u00eendrept\u0103ri ortografice, ortoepice, gramaticale \u015fi de punctua\u0163ie,<br \/>respect\u00e2nd \u00een \u00eentrgime opera traduc\u0103torului.<br \/>Primele patru pagini din Biblie con\u0163in p\u0103r\u0163i din istoria traducerii Sfintei Scripturi \u00een limba rom\u00e2n\u0103 \u015fi locul, \u00een istorie,<br \/>pe care \u00eel ocup\u0103 Biblia Cornilescu.<br \/>Coper\u0163i din piele ecologic\u0103 foarte bine cusute, are index, f\u0103r\u0103 fermoar, culori ca \u00een imagine, foarte<br \/>atr\u0103g\u0103toare.<br \/>Cartea este foarte bine lucrat\u0103, foile sunt fine, u\u015for g\u0103lbui, cu marginile argintate.<br \/>Cuvintele M\u00e2ntuitorului sunt marcate cu culoare ro\u015fie.<\/p>\n","protected":false},"excerpt":{"rendered":"<p>Edi\u0163ia de fa\u0163\u0103 reprezint\u0103 o nou\u0103 culegere a textului cu \u00eendrept\u0103ri ortografice, ortoepice, gramaticale \u015fi de punctua\u0163ie,respect\u00e2nd \u00een \u00eentrgime opera traduc\u0103torului.Primele patru pagini din Biblie con\u0163in p\u0103r\u0163i din istoria traducerii Sfintei Scripturi \u00een limba rom\u00e2n\u0103 \u015fi locul, \u00een istorie,pe care \u00eel ocup\u0103 Biblia Cornilescu.Coper\u0163i din piele ecologic\u0103 foarte bine cusute, are index, f\u0103r\u0103 fermoar, culori [&hellip;]<\/p>\n","protected":false},"featured_media":7611,"template":"","meta":{"_acf_changed":false},"product_brand":[],"product_cat":[29],"product_tag":[],"class_list":{"0":"post-35935","1":"product","2":"type-product","3":"status-publish","4":"has-post-thumbnail","6":"product_cat-biblii","7":"pa_format-carte-tiparita","9":"first","10":"outofstock","11":"shipping-taxable","12":"purchasable","13":"product-type-variable"},"acf":[],"_links":{"self":[{"href":"https:\/\/alfaomega.tv\/librarie\/wp-json\/wp\/v2\/product\/35935","targetHints":{"allow":["GET"]}}],"collection":[{"href":"https:\/\/alfaomega.tv\/librarie\/wp-json\/wp\/v2\/product"}],"about":[{"href":"https:\/\/alfaomega.tv\/librarie\/wp-json\/wp\/v2\/types\/product"}],"wp:featuredmedia":[{"embeddable":true,"href":"https:\/\/alfaomega.tv\/librarie\/wp-json\/wp\/v2\/media\/7611"}],"wp:attachment":[{"href":"https:\/\/alfaomega.tv\/librarie\/wp-json\/wp\/v2\/media?parent=35935"}],"wp:term":[{"taxonomy":"product_brand","embeddable":true,"href":"https:\/\/alfaomega.tv\/librarie\/wp-json\/wp\/v2\/product_brand?post=35935"},{"taxonomy":"product_cat","embeddable":true,"href":"https:\/\/alfaomega.tv\/librarie\/wp-json\/wp\/v2\/product_cat?post=35935"},{"taxonomy":"product_tag","embeddable":true,"href":"https:\/\/alfaomega.tv\/librarie\/wp-json\/wp\/v2\/product_tag?post=35935"}],"curies":[{"name":"wp","href":"https:\/\/api.w.org\/{rel}","templated":true}]}}