{"id":35941,"date":"2025-08-29T13:00:14","date_gmt":"2025-08-29T13:00:14","guid":{"rendered":"https:\/\/alfaomega.tv\/librarie\/?post_type=product&#038;p=35941"},"modified":"2025-08-29T13:00:24","modified_gmt":"2025-08-29T13:00:24","slug":"biblie-medie-057-zti-rosie-1","status":"publish","type":"product","link":"https:\/\/alfaomega.tv\/librarie\/produse\/biblii\/biblie-medie-057-zti-rosie-1\/","title":{"rendered":"Biblie medie 057 ZTI &#8211; rosie 1"},"content":{"rendered":"<div class=\"col-md-8 col-xs-12\">\n<div class=\"des-section\">\n<div class=\"p-des\">Biblie format mediu, copert\u0103 \u00een piele \u0219i fermoar, cu margini aurii \u0219i index. Con\u021bine urm\u0103toarele materiale ajut\u0103toare: \u2022 Plan de citire a Bibliei \u00eentr-un an \u2022 Dic\u021bionar de cuvinte \u2022 Minunile Domnului Isus \u2022 Pildele Domnului Isus \u2022 Unit\u0103\u021bi de m\u0103sur\u0103 \u00een Biblie<\/div>\n<\/div>\n<\/div>\n","protected":false},"excerpt":{"rendered":"<p>Biblie format mediu, copert\u0103 \u00een piele \u0219i fermoar, cu margini aurii \u0219i index. Con\u021bine urm\u0103toarele materiale ajut\u0103toare: \u2022 Plan de citire a Bibliei \u00eentr-un an \u2022 Dic\u021bionar de cuvinte \u2022 Minunile Domnului Isus \u2022 Pildele Domnului Isus \u2022 Unit\u0103\u021bi de m\u0103sur\u0103 \u00een Biblie<\/p>\n","protected":false},"featured_media":7621,"template":"","meta":{"_acf_changed":false},"product_brand":[],"product_cat":[29],"product_tag":[],"class_list":{"0":"post-35941","1":"product","2":"type-product","3":"status-publish","4":"has-post-thumbnail","6":"product_cat-biblii","7":"pa_format-carte-tiparita","9":"first","10":"instock","11":"shipping-taxable","12":"purchasable","13":"product-type-variable"},"acf":[],"_links":{"self":[{"href":"https:\/\/alfaomega.tv\/librarie\/wp-json\/wp\/v2\/product\/35941","targetHints":{"allow":["GET"]}}],"collection":[{"href":"https:\/\/alfaomega.tv\/librarie\/wp-json\/wp\/v2\/product"}],"about":[{"href":"https:\/\/alfaomega.tv\/librarie\/wp-json\/wp\/v2\/types\/product"}],"wp:featuredmedia":[{"embeddable":true,"href":"https:\/\/alfaomega.tv\/librarie\/wp-json\/wp\/v2\/media\/7621"}],"wp:attachment":[{"href":"https:\/\/alfaomega.tv\/librarie\/wp-json\/wp\/v2\/media?parent=35941"}],"wp:term":[{"taxonomy":"product_brand","embeddable":true,"href":"https:\/\/alfaomega.tv\/librarie\/wp-json\/wp\/v2\/product_brand?post=35941"},{"taxonomy":"product_cat","embeddable":true,"href":"https:\/\/alfaomega.tv\/librarie\/wp-json\/wp\/v2\/product_cat?post=35941"},{"taxonomy":"product_tag","embeddable":true,"href":"https:\/\/alfaomega.tv\/librarie\/wp-json\/wp\/v2\/product_tag?post=35941"}],"curies":[{"name":"wp","href":"https:\/\/api.w.org\/{rel}","templated":true}]}}