{"id":35947,"date":"2025-08-29T13:00:15","date_gmt":"2025-08-29T13:00:15","guid":{"rendered":"https:\/\/alfaomega.tv\/librarie\/?post_type=product&#038;p=35947"},"modified":"2025-09-03T12:14:26","modified_gmt":"2025-09-03T12:14:26","slug":"judecata-natiunilor-dupa-cum-trateaza-israelul","status":"publish","type":"product","link":"https:\/\/alfaomega.tv\/librarie\/produse\/intelegerea-vremurilor-israel\/judecata-natiunilor-dupa-cum-trateaza-israelul\/","title":{"rendered":"Judecata nat\u0326iunilor dupa\u0306 cum trateaza\u0306 Israelul"},"content":{"rendered":"<p class=\"p1\">Aceast\u0103 compila\u021bie de versete, realizat\u0103 de dr. Billye Brim, poate sluji drept ghid de referin\u021b\u0103 rapid\u0103 cu privire la un subiect anume din Cuv\u00e2ntul lui Dumnezeu referitor la Israel: na\u021biunile de pe p\u0103m\u00e2nt sunt judecate \u00een func\u021bie de cum anume trateaz\u0103 na\u021biunea aleas\u0103 a Israelului.<\/p>\n<\/p>\n<p>Nr. pagini: 28<\/p>\n","protected":false},"excerpt":{"rendered":"<p>Aceast\u0103 compila\u021bie de versete, realizat\u0103 de dr. Billye Brim, poate sluji drept ghid de referin\u021b\u0103 rapid\u0103 cu privire la un subiect anume din Cuv\u00e2ntul lui Dumnezeu referitor la Israel: na\u021biunile de pe p\u0103m\u00e2nt sunt judecate \u00een func\u021bie de cum anume trateaz\u0103 na\u021biunea aleas\u0103 a Israelului. Nr. pagini: 28<\/p>\n","protected":false},"featured_media":7633,"template":"","meta":{"_acf_changed":false},"product_brand":[],"product_cat":[24],"product_tag":[],"class_list":{"0":"post-35947","1":"product","2":"type-product","3":"status-publish","4":"has-post-thumbnail","6":"product_cat-intelegerea-vremurilor-israel","7":"pa_autori-billye-brim","8":"pa_format-carte-tiparita","9":"pa_format-carte-electronica","11":"first","12":"instock","13":"shipping-taxable","14":"purchasable","15":"product-type-variable"},"acf":[],"_links":{"self":[{"href":"https:\/\/alfaomega.tv\/librarie\/wp-json\/wp\/v2\/product\/35947","targetHints":{"allow":["GET"]}}],"collection":[{"href":"https:\/\/alfaomega.tv\/librarie\/wp-json\/wp\/v2\/product"}],"about":[{"href":"https:\/\/alfaomega.tv\/librarie\/wp-json\/wp\/v2\/types\/product"}],"wp:featuredmedia":[{"embeddable":true,"href":"https:\/\/alfaomega.tv\/librarie\/wp-json\/wp\/v2\/media\/7633"}],"wp:attachment":[{"href":"https:\/\/alfaomega.tv\/librarie\/wp-json\/wp\/v2\/media?parent=35947"}],"wp:term":[{"taxonomy":"product_brand","embeddable":true,"href":"https:\/\/alfaomega.tv\/librarie\/wp-json\/wp\/v2\/product_brand?post=35947"},{"taxonomy":"product_cat","embeddable":true,"href":"https:\/\/alfaomega.tv\/librarie\/wp-json\/wp\/v2\/product_cat?post=35947"},{"taxonomy":"product_tag","embeddable":true,"href":"https:\/\/alfaomega.tv\/librarie\/wp-json\/wp\/v2\/product_tag?post=35947"}],"curies":[{"name":"wp","href":"https:\/\/api.w.org\/{rel}","templated":true}]}}