{"id":35951,"date":"2025-08-29T13:00:24","date_gmt":"2025-08-29T13:00:24","guid":{"rendered":"https:\/\/alfaomega.tv\/librarie\/?post_type=product&#038;p=35951"},"modified":"2025-10-30T15:01:58","modified_gmt":"2025-10-30T15:01:58","slug":"in-centrul-slavei-lui-dumnezeu","status":"publish","type":"product","link":"https:\/\/alfaomega.tv\/librarie\/produse\/identitate-crestere-spirituala-revelatie\/in-centrul-slavei-lui-dumnezeu\/","title":{"rendered":"\u00cen centrul slavei lui Dumnezeu"},"content":{"rendered":"<p>Dac\u0103 vrei o revela\u021bie mai profund\u0103 a lui Dumnezeu \u00een inima ta \u0219i o demonstra\u021bie mai puternic\u0103 a Duhului S\u0103u \u00een via\u021ba ta, atunci aceast\u0103 carte este pentru tine! Vino \u00een centrul slavei lui Dumnezeu, unde te a\u0219teapt\u0103 cea mai profund\u0103 \u0219i radical\u0103 transformare pe care ai experimentat-o vreodat\u0103!<\/p>\n<p>Aprins de puterea dragostei lui Dumnezeu \u0219i transformat \u00een imaginea fiin\u021bei Sale, devii o parte a armatei supranaturale a lui Dumnezeu din timpul sf\u00e2r\u0219itului, care \u00eencepe s\u0103 transforme aceast\u0103 lume cu puterea care L-a \u00eenviat pe Isus din mor\u021bi.<\/p>\n<p>Fii uimit \u0219i inspirat de ceea ce Dumnezeu face ast\u0103zi \u0219i vrea s\u0103 fac\u0103 prin tine. C\u00e2nd fiul meu Isaac a tradus \u00een chinez\u0103 pentru mine cartea \u201eAt the Center of God\u2019s Glory\u201d (\u201e\u00cen centrul slavei lui Dumnezeu\u201d \u2013 n. tr), am auzit o voce \u00een inima mea ca vuietul unor ape mari, o chemare care reflect\u0103 inima lui Dumnezeu. &#8211; <em>fratele Yun \u201eBack to Jerusalem\u201d<\/em><\/p>\n<p>Citirea acestei c\u0103r\u021bi a atins ceva \u00een inima mea, iar Psalmul 42:7 descrie cel mai bine acest lucru: \u201eUn val cheam\u0103 un alt val\u201d. &#8211; <em>Lilo Keller, Stiftung Schleife<\/em><\/p>\n<p>Ce carte puternic\u0103&#8230; &#8211; <em>Jean &#8211; Luc Trachsel, IAHM<\/em><\/p>\n<p>\u00cembarca\u021bi-v\u0103 \u00eentr-o c\u0103l\u0103torie fascinant\u0103 de descoperire a persoanei lui Dumnezeu, care v\u0103 va schimba complet via\u021ba&#8230; &#8211; <em>Andreas Herrmann, Move Church<\/em><\/p>\n","protected":false},"excerpt":{"rendered":"<p>Al treilea volum din seria c\u0103r\u021bilor despre Slava lui Dumnezeu<\/p>\n","protected":false},"featured_media":7639,"template":"","meta":{"_acf_changed":false},"product_brand":[],"product_cat":[21],"product_tag":[],"class_list":{"0":"post-35951","1":"product","2":"type-product","3":"status-publish","4":"has-post-thumbnail","6":"product_cat-identitate-crestere-spirituala-revelatie","7":"pa_autori-dr-georg-karl","8":"pa_format-carte-tiparita","9":"pa_format-carte-electronica","11":"first","12":"instock","13":"shipping-taxable","14":"purchasable","15":"product-type-variable"},"acf":[],"_links":{"self":[{"href":"https:\/\/alfaomega.tv\/librarie\/wp-json\/wp\/v2\/product\/35951","targetHints":{"allow":["GET"]}}],"collection":[{"href":"https:\/\/alfaomega.tv\/librarie\/wp-json\/wp\/v2\/product"}],"about":[{"href":"https:\/\/alfaomega.tv\/librarie\/wp-json\/wp\/v2\/types\/product"}],"wp:featuredmedia":[{"embeddable":true,"href":"https:\/\/alfaomega.tv\/librarie\/wp-json\/wp\/v2\/media\/7639"}],"wp:attachment":[{"href":"https:\/\/alfaomega.tv\/librarie\/wp-json\/wp\/v2\/media?parent=35951"}],"wp:term":[{"taxonomy":"product_brand","embeddable":true,"href":"https:\/\/alfaomega.tv\/librarie\/wp-json\/wp\/v2\/product_brand?post=35951"},{"taxonomy":"product_cat","embeddable":true,"href":"https:\/\/alfaomega.tv\/librarie\/wp-json\/wp\/v2\/product_cat?post=35951"},{"taxonomy":"product_tag","embeddable":true,"href":"https:\/\/alfaomega.tv\/librarie\/wp-json\/wp\/v2\/product_tag?post=35951"}],"curies":[{"name":"wp","href":"https:\/\/api.w.org\/{rel}","templated":true}]}}