{"id":35953,"date":"2025-08-29T13:00:25","date_gmt":"2025-08-29T13:00:25","guid":{"rendered":"https:\/\/alfaomega.tv\/librarie\/?post_type=product&#038;p=35953"},"modified":"2025-11-13T09:15:04","modified_gmt":"2025-11-13T09:15:04","slug":"invazia-gloriei","status":"publish","type":"product","link":"https:\/\/alfaomega.tv\/librarie\/produse\/identitate-crestere-spirituala-revelatie\/invazia-gloriei\/","title":{"rendered":"Invazia gloriei"},"content":{"rendered":"<p>\u201ePrin credin\u0163\u0103 pricepem c\u0103 lumea a fost f\u0103cut\u0103 prin Cuv\u00e2ntul lui Dumnezeu, a\u015fa c\u0103 tot ce se vede n-a fost f\u0103cut din lucruri care se v\u0103d.\u201d &#8211; Evrei 11:3<\/p>\n<p>Exist\u0103 ceva dincolo de experien\u021ba ta cre\u0219tin\u0103 actual\u0103? Te cheam\u0103 Dumnezeu la urm\u0103torul nivel al gloriei Sale?<\/p>\n<p>Prin Scriptur\u0103 \u0219i experien\u021b\u0103 direct\u0103, Invazia gloriei de David Herzog dezv\u0103luie misterele:<\/p>\n<ul>\n<li>Fizica cuantic\u0103 \u0219i gloria.<\/li>\n<li>Gloria profetic\u0103 \u0219i revelatoare.<\/li>\n<li>Mersul pe ap\u0103 \u0219i prin pere\u021bi.<\/li>\n<li>Invadarea guvernelor cu gloria.<\/li>\n<li>Portaluri \u0219i por\u021bi geografice.<\/li>\n<li>Minuni creative \u0219i \u00eenvieri.<\/li>\n<li>Vise, viziuni \u0219i teleportare.<\/li>\n<\/ul>\n<p>Aceast\u0103 edi\u021bie extins\u0103 aduce o experien\u021b\u0103 intim\u0103 cu Dumnezeu \u00een spa\u021biul \u0219i timpul t\u0103u personal. Po\u021bi umbla \u00een gloria \u00eenvierii, unde oameni, p\u0103r\u021bi ale corpului, profe\u021bii \u0219i chem\u0103ri care au fost latente sunt \u00eenviate. Po\u021bi \u00eenv\u0103\u021ba cum s\u0103 accesezi Cerul, cre\u00e2nd trezire \u0219i acceler\u00e2nd recoltele miraculoase din sem\u0103natul \u00een zona gloriei.<\/p>\n<p>Dumnezeu a\u0219teapt\u0103 s\u0103 realizezi c\u0103 visul t\u0103u, profe\u021bia, dorin\u021ba sau miracolul t\u0103u nu sunt moarte &#8211; doar adormite! Dumnezeu este gata &#8211; ast\u0103zi &#8211; s\u0103 trezeasc\u0103 acele promisiuni pe m\u0103sur\u0103 ce te deschizi c\u0103tre gloria Sa abundent\u0103.<\/p>\n<p>\u00a0<\/p>\n<p>Nr. pagini: 236<\/p>\n","protected":false},"excerpt":{"rendered":"<p>Umblarea sub un cer deschis<\/p>\n","protected":false},"featured_media":7641,"template":"","meta":{"_acf_changed":false},"product_brand":[],"product_cat":[21],"product_tag":[],"class_list":{"0":"post-35953","1":"product","2":"type-product","3":"status-publish","4":"has-post-thumbnail","6":"product_cat-identitate-crestere-spirituala-revelatie","7":"pa_autori-david-herzog","8":"pa_format-carte-tiparita","9":"pa_format-carte-electronica","11":"first","12":"instock","13":"shipping-taxable","14":"purchasable","15":"product-type-variable"},"acf":[],"_links":{"self":[{"href":"https:\/\/alfaomega.tv\/librarie\/wp-json\/wp\/v2\/product\/35953","targetHints":{"allow":["GET"]}}],"collection":[{"href":"https:\/\/alfaomega.tv\/librarie\/wp-json\/wp\/v2\/product"}],"about":[{"href":"https:\/\/alfaomega.tv\/librarie\/wp-json\/wp\/v2\/types\/product"}],"wp:featuredmedia":[{"embeddable":true,"href":"https:\/\/alfaomega.tv\/librarie\/wp-json\/wp\/v2\/media\/7641"}],"wp:attachment":[{"href":"https:\/\/alfaomega.tv\/librarie\/wp-json\/wp\/v2\/media?parent=35953"}],"wp:term":[{"taxonomy":"product_brand","embeddable":true,"href":"https:\/\/alfaomega.tv\/librarie\/wp-json\/wp\/v2\/product_brand?post=35953"},{"taxonomy":"product_cat","embeddable":true,"href":"https:\/\/alfaomega.tv\/librarie\/wp-json\/wp\/v2\/product_cat?post=35953"},{"taxonomy":"product_tag","embeddable":true,"href":"https:\/\/alfaomega.tv\/librarie\/wp-json\/wp\/v2\/product_tag?post=35953"}],"curies":[{"name":"wp","href":"https:\/\/api.w.org\/{rel}","templated":true}]}}