{"id":35955,"date":"2025-08-29T13:00:25","date_gmt":"2025-08-29T13:00:25","guid":{"rendered":"https:\/\/alfaomega.tv\/librarie\/?post_type=product&#038;p=35955"},"modified":"2025-10-23T07:53:31","modified_gmt":"2025-10-23T07:53:31","slug":"razboiul-spiritual-si-modul-in-care-eliberarea-iti-poate-schimba-viata","status":"publish","type":"product","link":"https:\/\/alfaomega.tv\/librarie\/produse\/restaurare-vindecare-eliberare\/razboiul-spiritual-si-modul-in-care-eliberarea-iti-poate-schimba-viata\/","title":{"rendered":"R\u0103zboiul spiritual \u0219i modul \u00een care eliberarea \u00ee\u021bi poate schimba via\u021ba"},"content":{"rendered":"<p>Descoper\u0103 puterea transformatoare a r\u0103zboiului spiritual \u0219i a eliber\u0103rii \u00een cartea \u201eR\u0103zboiul spiritual \u0219i modul \u00een care eliberarea \u00ee\u021bi poate schimba via\u021ba\u201d. Folosind modelul a dou\u0103 \u00eemp\u0103r\u0103\u021bii \u00een contrast, aceast\u0103 carte abordeaz\u0103 chestiuni de vindecare l\u0103untric\u0103, s\u0103n\u0103tate fizic\u0103 \u0219i eliberare din lan\u021burile robiei, aduc\u00e2nd claritate \u00een toat\u0103 confuzia care \u00eenconjoar\u0103 subiectul eliber\u0103rii.<\/p>\n<p>Dezv\u0103luind lucr\u0103rile \u00eemp\u0103r\u0103\u021biei \u00eentunericului, aceasta scoate la lumin\u0103 blestemele genera\u021bionale, judec\u0103\u021bile demonice \u0219i tainele p\u0103catului, aduc\u00e2nd r\u0103spunsuri la \u00eentreb\u0103ri despre vin\u0103, suferin\u021b\u0103, s\u0103r\u0103cie, boli \u0219i prezen\u021ba lui Dumnezeu \u00een vremuri de necaz. Prin faptul c\u0103 \u00ee\u0219i \u00een\u021beleg identitatea \u0219i bun\u0103tatea lui Dumnezeu, cititorii sunt echipa\u021bi s\u0103 exercite autoritate spiritual\u0103 \u00eempotriva \u00eentunericului, biruind conflictele interne \u0219i influen\u021bele demonice.<\/p>\n<p>Cercet\u00e2nd \u00een ad\u00e2ncime tacticile Satanei \u0219i importan\u021ba separ\u0103rii oamenilor de comportamentele demonice, cartea de fa\u021b\u0103 \u00eei \u00eemputernice\u0219te pe cititori s\u0103 se angajeze \u00eentr-o eliberare efectiv\u0103. Av\u00e2nd o \u00een\u021belegere asupra regulilor r\u0103zboiului spiritual \u0219i acces\u00e2nd instan\u021ba Cerului, cartea ofer\u0103 \u00een\u021belepciune \u0219i abilit\u0103\u021bi practice pentru eliberare personal\u0103 \u0219i facilitarea vindec\u0103rii \u00een dreptul altora.<\/p>\n<p>\u00a0<\/p>\n<p>Nr. pagini: 298<\/p>\n","protected":false},"excerpt":{"rendered":"<p>Puterea transformatoare a r\u0103zboiului spiritual \u0219i a eliber\u0103rii<\/p>\n","protected":false},"featured_media":7643,"template":"","meta":{"_acf_changed":false},"product_brand":[],"product_cat":[25],"product_tag":[],"class_list":{"0":"post-35955","1":"product","2":"type-product","3":"status-publish","4":"has-post-thumbnail","6":"product_cat-restaurare-vindecare-eliberare","7":"pa_autori-marjorie-cole","8":"pa_format-carte-tiparita","9":"pa_format-carte-electronica","11":"first","12":"instock","13":"shipping-taxable","14":"purchasable","15":"product-type-variable"},"acf":[],"_links":{"self":[{"href":"https:\/\/alfaomega.tv\/librarie\/wp-json\/wp\/v2\/product\/35955","targetHints":{"allow":["GET"]}}],"collection":[{"href":"https:\/\/alfaomega.tv\/librarie\/wp-json\/wp\/v2\/product"}],"about":[{"href":"https:\/\/alfaomega.tv\/librarie\/wp-json\/wp\/v2\/types\/product"}],"wp:featuredmedia":[{"embeddable":true,"href":"https:\/\/alfaomega.tv\/librarie\/wp-json\/wp\/v2\/media\/7643"}],"wp:attachment":[{"href":"https:\/\/alfaomega.tv\/librarie\/wp-json\/wp\/v2\/media?parent=35955"}],"wp:term":[{"taxonomy":"product_brand","embeddable":true,"href":"https:\/\/alfaomega.tv\/librarie\/wp-json\/wp\/v2\/product_brand?post=35955"},{"taxonomy":"product_cat","embeddable":true,"href":"https:\/\/alfaomega.tv\/librarie\/wp-json\/wp\/v2\/product_cat?post=35955"},{"taxonomy":"product_tag","embeddable":true,"href":"https:\/\/alfaomega.tv\/librarie\/wp-json\/wp\/v2\/product_tag?post=35955"}],"curies":[{"name":"wp","href":"https:\/\/api.w.org\/{rel}","templated":true}]}}