{"id":35957,"date":"2025-08-29T13:00:25","date_gmt":"2025-08-29T13:00:25","guid":{"rendered":"https:\/\/alfaomega.tv\/librarie\/?post_type=product&#038;p=35957"},"modified":"2025-08-29T13:00:36","modified_gmt":"2025-08-29T13:00:36","slug":"eroii-luminii-volumul-6","status":"publish","type":"product","link":"https:\/\/alfaomega.tv\/librarie\/produse\/resurse-pentru-copii\/eroii-luminii-volumul-6\/","title":{"rendered":"Eroii luminii &#8211; volumul 6"},"content":{"rendered":"<p>Povestea lui Mary Slessor &#8211; Curajoasa misionar\u0103 sco\u021bian\u0103 Mary Slessor a p\u0103truns foarte departe \u00een jungla nigerian\u0103, aduc\u00e2nd cu ea medicamente, educa\u021bie \u0219i mesajul Evangheliei care schimb\u0103 vie\u021bi. C\u00e2nd o t\u00e2n\u0103r\u0103 mam\u0103 sose\u0219te la u\u0219a ei \u00een toiul nop\u021bii cu o pereche de gemeni nou-n\u0103scu\u021bi, Mary prime\u0219te o nou\u0103 chemare din partea lui Dumnezeu: \u201eDu-te \u0219i du pacea \u0219i Vestea Bun\u0103 la poporul Okoyong, unde un vr\u0103jitor puternic \u00eei terorizeaz\u0103 pe cei vulnerabili.\u201d<\/p>\n<p>Povestea lui Richard Allen &#8211; N\u0103scut \u00een sclavie \u00een SUA \u00eenainte de R\u0103zboiul de Independen\u021b\u0103, t\u00e2n\u0103rul Richard Allen crede c\u0103 se confrunt\u0103 cu un viitor f\u0103r\u0103 speran\u021b\u0103. Dar, dup\u0103 ce a devenit cre\u0219tin \u0219i apoi \u0219i-a v\u0103zut st\u0103p\u00e2nul ajung\u00e2nd \u0219i el la credin\u021b\u0103, Allen \u00ee\u0219i cump\u0103r\u0103 libertatea. Fiind liber, el \u00cel sluje\u0219te pe Dumnezeu mai \u00eent\u00e2i predic\u00e2nd Evanghelia oamenilor din spa\u021biile rurale, \u0219i apoi ca pastor \u00een Philadelphia. Cu toate acestea, Allen nu poate l\u0103sa \u00een urm\u0103 nedrept\u0103\u021bile din trecutul s\u0103u.<\/p>\n<p>Povestea lui John Newton &#8211; Cum a putut un negustor de sclavi s\u0103 compun\u0103 unul dintre cele mai \u00eendr\u0103gite imnuri ale noastre? John Newton, impertinent \u0219i foarte zgomotos, \u0219i-a \u00eenceput via\u021ba pe mare ca marinar dezertor, apoi a devenit sclav \u0219i, \u00een cele din urm\u0103, negustor de sclavi. A transportat africani r\u0103pi\u021bi peste Atlantic, dar, dup\u0103 o convertire dramatic\u0103, John \u00eencepe s\u0103 \u00een\u021beleag\u0103 marele r\u0103u al sclaviei. La \u00eentoarcerea sa \u00een Anglia, John devine un pastor respectat, scriind imnuri \u0219i predici care schimb\u0103 lumea.<\/p>\n<\/p>\n<p>Continut: 1 DVD \/ 3 episoade x 30 minute (subtitrat in lb romana)<\/p>\n","protected":false},"excerpt":{"rendered":"<p>\u201eEroii Luminii&#8221; este o serie de desene animate despre via\u021ba unor eroi ai credin\u021bei pe care copiii se pot baza.<\/p>\n","protected":false},"featured_media":7645,"template":"","meta":{"_acf_changed":false},"product_brand":[],"product_cat":[34],"product_tag":[],"class_list":{"0":"post-35957","1":"product","2":"type-product","3":"status-publish","4":"has-post-thumbnail","6":"product_cat-resurse-pentru-copii","7":"pa_autori-alfa-omega-tv","8":"pa_format-dvd","10":"first","11":"instock","12":"shipping-taxable","13":"purchasable","14":"product-type-variable","15":"has-default-attributes"},"acf":[],"_links":{"self":[{"href":"https:\/\/alfaomega.tv\/librarie\/wp-json\/wp\/v2\/product\/35957","targetHints":{"allow":["GET"]}}],"collection":[{"href":"https:\/\/alfaomega.tv\/librarie\/wp-json\/wp\/v2\/product"}],"about":[{"href":"https:\/\/alfaomega.tv\/librarie\/wp-json\/wp\/v2\/types\/product"}],"wp:featuredmedia":[{"embeddable":true,"href":"https:\/\/alfaomega.tv\/librarie\/wp-json\/wp\/v2\/media\/7645"}],"wp:attachment":[{"href":"https:\/\/alfaomega.tv\/librarie\/wp-json\/wp\/v2\/media?parent=35957"}],"wp:term":[{"taxonomy":"product_brand","embeddable":true,"href":"https:\/\/alfaomega.tv\/librarie\/wp-json\/wp\/v2\/product_brand?post=35957"},{"taxonomy":"product_cat","embeddable":true,"href":"https:\/\/alfaomega.tv\/librarie\/wp-json\/wp\/v2\/product_cat?post=35957"},{"taxonomy":"product_tag","embeddable":true,"href":"https:\/\/alfaomega.tv\/librarie\/wp-json\/wp\/v2\/product_tag?post=35957"}],"curies":[{"name":"wp","href":"https:\/\/api.w.org\/{rel}","templated":true}]}}