{"id":35959,"date":"2025-08-29T13:00:25","date_gmt":"2025-08-29T13:00:25","guid":{"rendered":"https:\/\/alfaomega.tv\/librarie\/?post_type=product&#038;p=35959"},"modified":"2025-10-20T10:05:13","modified_gmt":"2025-10-20T10:05:13","slug":"dragostea-si-profetia","status":"publish","type":"product","link":"https:\/\/alfaomega.tv\/librarie\/produse\/identitate-crestere-spirituala-revelatie\/dragostea-si-profetia\/","title":{"rendered":"Dragostea \u0219i profe\u021bia"},"content":{"rendered":"<p>Darurile profetice f\u0103r\u0103 dragoste nu sunt nimic. Dar cum arat\u0103 dragostea prin darul profe\u021biei? Patru versete scrise \u00een urm\u0103 cu aproximativ dou\u0103 mii de ani surprind una dintre cele mai mari descrieri ale dragostei din lume. Aceste versete dezv\u0103luie treisprezece secrete pentru func\u021bionarea s\u0103n\u0103toas\u0103 a darului spiritual al profe\u021biei \u00een societate; acestea sunt protocolul profetic suprem.<\/p>\n<p>Nr. pagini: 128<\/p>\n","protected":false},"excerpt":{"rendered":"<p>Ghidul fundamental al protocolului profetic<\/p>\n","protected":false},"featured_media":7647,"template":"","meta":{"_acf_changed":false},"product_brand":[],"product_cat":[21],"product_tag":[],"class_list":{"0":"post-35959","1":"product","2":"type-product","3":"status-publish","4":"has-post-thumbnail","6":"product_cat-identitate-crestere-spirituala-revelatie","7":"pa_autori-dan-mccollam","8":"pa_format-carte-tiparita","9":"pa_format-carte-electronica","11":"first","12":"instock","13":"shipping-taxable","14":"purchasable","15":"product-type-variable"},"acf":[],"_links":{"self":[{"href":"https:\/\/alfaomega.tv\/librarie\/wp-json\/wp\/v2\/product\/35959","targetHints":{"allow":["GET"]}}],"collection":[{"href":"https:\/\/alfaomega.tv\/librarie\/wp-json\/wp\/v2\/product"}],"about":[{"href":"https:\/\/alfaomega.tv\/librarie\/wp-json\/wp\/v2\/types\/product"}],"wp:featuredmedia":[{"embeddable":true,"href":"https:\/\/alfaomega.tv\/librarie\/wp-json\/wp\/v2\/media\/7647"}],"wp:attachment":[{"href":"https:\/\/alfaomega.tv\/librarie\/wp-json\/wp\/v2\/media?parent=35959"}],"wp:term":[{"taxonomy":"product_brand","embeddable":true,"href":"https:\/\/alfaomega.tv\/librarie\/wp-json\/wp\/v2\/product_brand?post=35959"},{"taxonomy":"product_cat","embeddable":true,"href":"https:\/\/alfaomega.tv\/librarie\/wp-json\/wp\/v2\/product_cat?post=35959"},{"taxonomy":"product_tag","embeddable":true,"href":"https:\/\/alfaomega.tv\/librarie\/wp-json\/wp\/v2\/product_tag?post=35959"}],"curies":[{"name":"wp","href":"https:\/\/api.w.org\/{rel}","templated":true}]}}