{"id":35963,"date":"2025-08-29T13:00:26","date_gmt":"2025-08-29T13:00:26","guid":{"rendered":"https:\/\/alfaomega.tv\/librarie\/?post_type=product&#038;p=35963"},"modified":"2025-10-23T09:01:58","modified_gmt":"2025-10-23T09:01:58","slug":"stop-mersului-la-biserica","status":"publish","type":"product","link":"https:\/\/alfaomega.tv\/librarie\/produse\/identitate-crestere-spirituala-revelatie\/stop-mersului-la-biserica\/","title":{"rendered":"Stop mersului la biseric\u0103"},"content":{"rendered":"<p>Dup\u0103 mai mult de dou\u0103zeci de ani de pastora\u021bie, am ajuns \u00eentr-un punct \u00een care eram gata s\u0103 renun\u021b la biseric\u0103. Eram at\u00e2t de dezam\u0103git \u0219i de r\u0103nit de ma\u0219ina\u021bii, de spiritul de competi\u021bie \u0219i de atitudinile de-a dreptul diavole\u0219ti manifestate de diverse grupuri din biseric\u0103, \u00eenc\u00e2t eram gata s\u0103 m\u0103 al\u0103tur celor care au renun\u021bat s\u0103 mai mearg\u0103 la biseric\u0103. N-am f\u0103cut-o \u00eens\u0103, ci m-am plecat pe genunchi, \u00een c\u0103utarea lui Dumnezeu \u0219i a adev\u0103ratei Sale Biserici. Ceea ce am descoperit \u00een urm\u0103 o va schimba \u0219i pe a ta. Dac\u0103 ceea ce cau\u021bi este rela\u021bie \u0219i nu religie, Evanghelie \u0219i nu b\u00e2rf\u0103, leg\u0103m\u00e2nt \u0219i nu competi\u021bie, atunci ai \u00een m\u00e2n\u0103 cartea potrivit\u0103.<em> &#8211; Larry Pyle<\/em><\/p>\n<p>Larry Pyle are o \u00een\u021belegere clar\u0103 a ceea ce (cine) este cu adev\u0103rat Biserica&#8230; Cartea aceasta te va schimba. <em>&#8211; Dr. Ronald E. Cottle<\/em><\/p>\n<p>Dr. Pyle a \u00een\u021beles care este sensul cuv\u00e2ntului \u201eBiseric\u0103\u201d, a\u0219a cum este aceasta folosit \u00een Cuv\u00e2ntul lui Dumnezeu, \u0219i acum cheam\u0103 la d\u0103r\u00e2marea structurilor biserice\u0219ti \u00een\u0103l\u021bate de oameni, pentru a se putea revela adev\u0103rata Biseric\u0103. <em>&#8211; Dr. Fuschia T. Pickett<\/em><\/p>\n<p>Marcat de o mare durere personal\u0103, Larry aduce Trupului lui Hristos un mesaj vital de r\u0103zboi spiritual. <em>&#8211; Ray Beeson<\/em><\/p>\n<\/p>\n<p>Nr. pagini: 218<\/p>\n","protected":false},"excerpt":{"rendered":"<p>Modelul de a fi Biserica lui Hristos<\/p>\n","protected":false},"featured_media":7651,"template":"","meta":{"_acf_changed":false},"product_brand":[],"product_cat":[21],"product_tag":[],"class_list":{"0":"post-35963","1":"product","2":"type-product","3":"status-publish","4":"has-post-thumbnail","6":"product_cat-identitate-crestere-spirituala-revelatie","7":"pa_autori-larry-b-pyle","8":"pa_format-carte-tiparita","9":"pa_format-carte-electronica","11":"first","12":"instock","13":"shipping-taxable","14":"purchasable","15":"product-type-variable"},"acf":[],"_links":{"self":[{"href":"https:\/\/alfaomega.tv\/librarie\/wp-json\/wp\/v2\/product\/35963","targetHints":{"allow":["GET"]}}],"collection":[{"href":"https:\/\/alfaomega.tv\/librarie\/wp-json\/wp\/v2\/product"}],"about":[{"href":"https:\/\/alfaomega.tv\/librarie\/wp-json\/wp\/v2\/types\/product"}],"wp:featuredmedia":[{"embeddable":true,"href":"https:\/\/alfaomega.tv\/librarie\/wp-json\/wp\/v2\/media\/7651"}],"wp:attachment":[{"href":"https:\/\/alfaomega.tv\/librarie\/wp-json\/wp\/v2\/media?parent=35963"}],"wp:term":[{"taxonomy":"product_brand","embeddable":true,"href":"https:\/\/alfaomega.tv\/librarie\/wp-json\/wp\/v2\/product_brand?post=35963"},{"taxonomy":"product_cat","embeddable":true,"href":"https:\/\/alfaomega.tv\/librarie\/wp-json\/wp\/v2\/product_cat?post=35963"},{"taxonomy":"product_tag","embeddable":true,"href":"https:\/\/alfaomega.tv\/librarie\/wp-json\/wp\/v2\/product_tag?post=35963"}],"curies":[{"name":"wp","href":"https:\/\/api.w.org\/{rel}","templated":true}]}}