{"id":35967,"date":"2025-08-29T13:00:26","date_gmt":"2025-08-29T13:00:26","guid":{"rendered":"https:\/\/alfaomega.tv\/librarie\/?post_type=product&#038;p=35967"},"modified":"2025-11-06T13:49:58","modified_gmt":"2025-11-06T13:49:58","slug":"du-te-si-spune-ghid-de-studiu","status":"publish","type":"product","link":"https:\/\/alfaomega.tv\/librarie\/produse\/slujind-trupul-lui-hristos\/du-te-si-spune-ghid-de-studiu\/","title":{"rendered":"Du-te \u0219i spune &#8211; ghid de studiu"},"content":{"rendered":"<p>Un ghid de studiu la cartea \u201eDu-te &amp; spune\u201d, aceast\u0103 carte cu activit\u0103\u021bi interactiv\u0103 este conceput\u0103 pentru a ini\u021bia \u0219i facilita discu\u021bii \u0219i aplica\u021bii practice prin \u00eentreb\u0103ri ce te pun pe g\u00e2nduri, filmule\u021be \u0219i materiale bonus, ceea ce o face o resurs\u0103 valoroas\u0103 pentru biserici, grupuri mici, grupuri de tineret sau chiar indivizi.<\/p>\n<p>Ve\u021bi dob\u00e2ndi \u00eencredere pentru a \u00eemp\u0103rt\u0103\u0219i Evanghelia prin:<\/p>\n<ul>\n<li>\u00cenv\u0103\u021b\u0103turi bonus<\/li>\n<li>\u00centreb\u0103ri interactive<\/li>\n<li>R\u0103spunsuri practice<\/li>\n<li>Aplica\u021bii<\/li>\n<li>Citate<\/li>\n<li>Alerg\u0103tori de \u0219tafet\u0103 suplimentari \u0219i altele.<\/li>\n<\/ul>\n<p>\u201e\u00cemi place aceast\u0103 carte! M\u0103rturiile v\u0103 vor inspira. Chemarea la misiune \u0219i evanghelizare v\u0103 va provoca. Iar Duhul Sf\u00e2nt care arde \u00een Shawn v\u0103 va aminti c\u0103 acum este momentul s\u0103 apuca\u021bi \u0218tafeta Evangheliei \u0219i S\u0103 merge\u021bi &amp; S\u0103 spune\u021bi!\u201d<br \/>\n<strong>STEPHEN EVANS<\/strong> <em>\u2013 Pre\u0219edinte, Light of Life International<\/em><\/p>\n<p>\u201eShawn a abordat cu m\u0103iestrie toate motivele pentru care nu \u00eemp\u0103rt\u0103\u0219im Evanghelia \u2013 scuzele pe care ni le g\u0103sim. Eu mi le-am g\u0103sit pe toate. Shawn le abordeaz\u0103 pe toate, nu cu nuiaua, ci prin relat\u0103ri, istorie, umor, pasiune \u0219i substraturi pline de putere din Biblie. Ve\u021bi ajunge bine echipa\u021bi&#8230; \u0219i entuziasma\u021bi s\u0103 \u00eemp\u0103rt\u0103\u0219i\u021bi cu al\u021bii propria m\u0103rturie despre acest om, Isus.\u201d<br \/>\n<strong>RON CANTOR<\/strong> <em>\u2013 Pre\u0219edinte, ShelanuTV, Israel; Director Israel, God TV<\/em><\/p>\n<p>&nbsp;<\/p>\n","protected":false},"excerpt":{"rendered":"<p>Cheam\u0103 \u00eentreaga comunitate la evanghelizare \u00eempreun\u0103!<\/p>\n","protected":false},"featured_media":7655,"template":"","meta":{"_acf_changed":false},"product_brand":[],"product_cat":[19],"product_tag":[],"class_list":{"0":"post-35967","1":"product","2":"type-product","3":"status-publish","4":"has-post-thumbnail","6":"product_cat-slujind-trupul-lui-hristos","7":"pa_autori-shawn-brann","8":"pa_format-carte-tiparita","9":"pa_format-carte-electronica","11":"first","12":"instock","13":"shipping-taxable","14":"purchasable","15":"product-type-variable"},"acf":[],"_links":{"self":[{"href":"https:\/\/alfaomega.tv\/librarie\/wp-json\/wp\/v2\/product\/35967","targetHints":{"allow":["GET"]}}],"collection":[{"href":"https:\/\/alfaomega.tv\/librarie\/wp-json\/wp\/v2\/product"}],"about":[{"href":"https:\/\/alfaomega.tv\/librarie\/wp-json\/wp\/v2\/types\/product"}],"wp:featuredmedia":[{"embeddable":true,"href":"https:\/\/alfaomega.tv\/librarie\/wp-json\/wp\/v2\/media\/7655"}],"wp:attachment":[{"href":"https:\/\/alfaomega.tv\/librarie\/wp-json\/wp\/v2\/media?parent=35967"}],"wp:term":[{"taxonomy":"product_brand","embeddable":true,"href":"https:\/\/alfaomega.tv\/librarie\/wp-json\/wp\/v2\/product_brand?post=35967"},{"taxonomy":"product_cat","embeddable":true,"href":"https:\/\/alfaomega.tv\/librarie\/wp-json\/wp\/v2\/product_cat?post=35967"},{"taxonomy":"product_tag","embeddable":true,"href":"https:\/\/alfaomega.tv\/librarie\/wp-json\/wp\/v2\/product_tag?post=35967"}],"curies":[{"name":"wp","href":"https:\/\/api.w.org\/{rel}","templated":true}]}}