{"id":35971,"date":"2025-08-29T13:00:27","date_gmt":"2025-08-29T13:00:27","guid":{"rendered":"https:\/\/alfaomega.tv\/librarie\/?post_type=product&#038;p=35971"},"modified":"2025-10-23T11:22:37","modified_gmt":"2025-10-23T11:22:37","slug":"cum-sa-faci-fata-respingerii-si-laudei-oamenilor","status":"publish","type":"product","link":"https:\/\/alfaomega.tv\/librarie\/produse\/identitate-crestere-spirituala-revelatie\/cum-sa-faci-fata-respingerii-si-laudei-oamenilor\/","title":{"rendered":"Cum s\u0103 faci fa\u021b\u0103 respingerii \u0219i laudei oamenilor"},"content":{"rendered":"<p><strong>Respingerea.<\/strong> Ugh! Mul\u021bi dintre noi am fost devasta\u021bi de ea, \u0219i mul\u021bi dintre noi am practicat-o.<\/p>\n<p><strong>Lauda.<\/strong> Acesta e un cuv\u00e2nt mai vesel. Dar tentaculele sinistre ale laudei oamenilor caut\u0103 s\u0103 descalifice slujitorii lui Dumnezeu de la mo\u0219tenirea lor bogat\u0103.<\/p>\n<p>Respingerea \u0219i lauda oamenilor sunt ca dou\u0103 \u0219an\u021buri pe autostrada \u00eengust\u0103 a sfin\u021birii. Fiecare pas conteaz\u0103. Pentru Isus, p\u0103rerile oamenilor nu aveau nicio valoare \u00een compara\u021bie cu afec\u021biunea exuberant\u0103 \u0219i binecuv\u00e2ntarea \u00eenfl\u0103c\u0103rat\u0103 a Tat\u0103lui S\u0103u.<\/p>\n<p>\u00cenva\u021b\u0103 cum s\u0103-\u021bi p\u0103strezi inima \u00eenaintea lui Dumnezeu \u00eentr-un mod care \u00cei face pl\u0103cere atunci c\u00e2nd experimentezi at\u00e2t respingerea, c\u00e2t \u0219i lauda oamenilor.<\/p>\n<p>\u201eProblema respingerii este una dintre problemele principale ale existen\u021bei omului. Duhul Sf\u00e2nt ridic\u0103 lucr\u0103ri ne\u00eenfricate \u00eenainte de cea de-A Doua Venire a lui Hristos \u0219i dore\u0219te s\u0103-\u0218i ajute poporul s\u0103 tr\u0103iasc\u0103 cu o dragoste \u00eendr\u0103znea\u021b\u0103, pe m\u0103sur\u0103 ce acceptt\u0103 stigma care \u00eenso\u021be\u0219te c\u0103utarea lui Dumnezeu cu toat\u0103 inima. Bob Sorge are experien\u021b\u0103 \u00een aceast\u0103 dimensiune vital\u0103 a harului lui Dumnezeu \u0219i scrie \u00eentr-un mod clar \u0219i util.\u201d\u00a0 <em>&#8211; Mike Bickle, Director Casa Interna\u021bional\u0103 de Rug\u0103ciune, Kansas City, Missouri<\/em><\/p>\n<p>\u201eEste o lectur\u0103 obligatorie pentru cei care doresc s\u0103 \u00een\u021beleag\u0103 adev\u0103rata maturitate spiritual\u0103.\u201d <em>&#8211; Paul Johansson, Rector, Elim Bible Institute, Lima, New York<\/em><\/p>\n<p>\u201eExist\u0103 sezoane c\u00e2nd Dumnezeu trimite o carte de actualitate ca s\u0103-\u0218i ajute copiii s\u0103 reflecte imaginea lui Hristos. Aceasta este una dintre acele c\u0103r\u021bi! Scurt\u0103 \u0219i provocatoare\u2026 cite\u0219te-o \u0219i d\u0103-o \u0219i altora.\u201d <em>&#8211; Larry Tomczak, Lider cre\u0219tin, plantator de biserici<\/em><\/p>\n<p>Nr. pagini: 112<\/p>\n","protected":false},"excerpt":{"rendered":"<p>\u00cenva\u021b\u0103 cum s\u0103-\u021bi p\u0103strezi inima \u00eenaintea lui Dumnezeu \u00eentr-un mod care \u00cei face pl\u0103cere atunci c\u00e2nd experimentezi at\u00e2t respingerea, c\u00e2t \u0219i lauda<\/p>\n","protected":false},"featured_media":7659,"template":"","meta":{"_acf_changed":false},"product_brand":[],"product_cat":[21],"product_tag":[],"class_list":{"0":"post-35971","1":"product","2":"type-product","3":"status-publish","4":"has-post-thumbnail","6":"product_cat-identitate-crestere-spirituala-revelatie","7":"pa_autori-bob-sorge","8":"pa_format-carte-tiparita","9":"pa_format-carte-electronica","11":"first","12":"instock","13":"shipping-taxable","14":"purchasable","15":"product-type-variable"},"acf":[],"_links":{"self":[{"href":"https:\/\/alfaomega.tv\/librarie\/wp-json\/wp\/v2\/product\/35971","targetHints":{"allow":["GET"]}}],"collection":[{"href":"https:\/\/alfaomega.tv\/librarie\/wp-json\/wp\/v2\/product"}],"about":[{"href":"https:\/\/alfaomega.tv\/librarie\/wp-json\/wp\/v2\/types\/product"}],"wp:featuredmedia":[{"embeddable":true,"href":"https:\/\/alfaomega.tv\/librarie\/wp-json\/wp\/v2\/media\/7659"}],"wp:attachment":[{"href":"https:\/\/alfaomega.tv\/librarie\/wp-json\/wp\/v2\/media?parent=35971"}],"wp:term":[{"taxonomy":"product_brand","embeddable":true,"href":"https:\/\/alfaomega.tv\/librarie\/wp-json\/wp\/v2\/product_brand?post=35971"},{"taxonomy":"product_cat","embeddable":true,"href":"https:\/\/alfaomega.tv\/librarie\/wp-json\/wp\/v2\/product_cat?post=35971"},{"taxonomy":"product_tag","embeddable":true,"href":"https:\/\/alfaomega.tv\/librarie\/wp-json\/wp\/v2\/product_tag?post=35971"}],"curies":[{"name":"wp","href":"https:\/\/api.w.org\/{rel}","templated":true}]}}