{"id":35973,"date":"2025-08-29T13:00:27","date_gmt":"2025-08-29T13:00:27","guid":{"rendered":"https:\/\/alfaomega.tv\/librarie\/?post_type=product&#038;p=35973"},"modified":"2025-10-22T13:56:52","modified_gmt":"2025-10-22T13:56:52","slug":"rugaciunea-care-muta-muntii-2","status":"publish","type":"product","link":"https:\/\/alfaomega.tv\/librarie\/produse\/rugaciune-mijlocire\/rugaciunea-care-muta-muntii-2\/","title":{"rendered":"Rug\u0103ciunea care mut\u0103 mun\u021bii"},"content":{"rendered":"<p>Cele mai dificile provoc\u0103ri \u2013 din vie\u021bile personale \u0219i din comunit\u0103\u021bile noastre \u2013 pot fi abordate, biruite \u0219i date la o parte prin intermediul rug\u0103ciunii alimentate de credin\u021b\u0103. Probleme rela\u021bionale, str\u00e2mtor\u0103ri financiare, conflicte emo\u021bionale \u0219i sociale \u2013 oricare ar fi muntele t\u0103u, \u00een urma rug\u0103ciunii, puterea lui Dumnezeu \u00eel poate muta.<\/p>\n<p>\u201eDumnezeu va muta mun\u021bii din via\u021ba noastr\u0103, dar noi nu trebuie s\u0103 ne oprim aici. Scopul S\u0103u este s\u0103 transforme totodat\u0103 vie\u021bile celor din jurul nostru\u201d, observ\u0103 Debra. \u201e\u00cenc\u0103 de la \u00eenceput, chemarea lui Dumnezeu pentru mine a fost s\u0103-mi concentrez rug\u0103ciunile asupra problemelor mari, specifice care produc o fragmentare social\u0103: lipsa inspira\u021biei \u00een r\u00e2ndul tinerilor, izolarea oamenilor \u00een v\u00e2rst\u0103, e\u0219ecurile familiale \u0219i lipsa de \u00eencredere \u0219i separarea dintre grupurile etnice. \u00cen majoritatea zonelor este nevoie ca ace\u0219ti mun\u021bi s\u0103 fie muta\u021bi.\u201d<\/p>\n<p>\u201eDac\u0103 ceea ce \u00ee\u021bi st\u0103 \u00eenainte este prea greu de urcat, de s\u0103pat sau de ocolit \u2013 este timpul pentru acea rug\u0103ciune care mut\u0103 mun\u021bii!\u201d &#8211; <em>Anthony Delaney, Ivy Church, Manchester<\/em><\/p>\n<p>\u201eLucrez cu colegi poli\u021bi\u0219ti de multe credin\u021be \u0219i cu mul\u021bi care nu au o credin\u021b\u0103 determinat\u0103 &#8211; to\u021bi sunt \u00eenm\u0103rmuri\u021bi c\u00e2nd sunt martori la ceea ce poate fi deblocat \u00een felul acesta.\u201d &#8211; <em>Olivia Pinkney, QPM MA, Agent \u0219ef de poli\u021bie, Hampshire Constabulary<\/em><\/p>\n<p>Nr. pagini: 188<\/p>\n","protected":false},"excerpt":{"rendered":"<p>Un poten\u021bial nelimitat<\/p>\n","protected":false},"featured_media":7661,"template":"","meta":{"_acf_changed":false},"product_brand":[],"product_cat":[22],"product_tag":[],"class_list":{"0":"post-35973","1":"product","2":"type-product","3":"status-publish","4":"has-post-thumbnail","6":"product_cat-rugaciune-mijlocire","7":"pa_autori-debra-green","8":"pa_format-carte-tiparita","9":"pa_format-carte-electronica","11":"first","12":"instock","13":"shipping-taxable","14":"purchasable","15":"product-type-variable"},"acf":[],"_links":{"self":[{"href":"https:\/\/alfaomega.tv\/librarie\/wp-json\/wp\/v2\/product\/35973","targetHints":{"allow":["GET"]}}],"collection":[{"href":"https:\/\/alfaomega.tv\/librarie\/wp-json\/wp\/v2\/product"}],"about":[{"href":"https:\/\/alfaomega.tv\/librarie\/wp-json\/wp\/v2\/types\/product"}],"wp:featuredmedia":[{"embeddable":true,"href":"https:\/\/alfaomega.tv\/librarie\/wp-json\/wp\/v2\/media\/7661"}],"wp:attachment":[{"href":"https:\/\/alfaomega.tv\/librarie\/wp-json\/wp\/v2\/media?parent=35973"}],"wp:term":[{"taxonomy":"product_brand","embeddable":true,"href":"https:\/\/alfaomega.tv\/librarie\/wp-json\/wp\/v2\/product_brand?post=35973"},{"taxonomy":"product_cat","embeddable":true,"href":"https:\/\/alfaomega.tv\/librarie\/wp-json\/wp\/v2\/product_cat?post=35973"},{"taxonomy":"product_tag","embeddable":true,"href":"https:\/\/alfaomega.tv\/librarie\/wp-json\/wp\/v2\/product_tag?post=35973"}],"curies":[{"name":"wp","href":"https:\/\/api.w.org\/{rel}","templated":true}]}}