{"id":35975,"date":"2025-08-29T13:00:27","date_gmt":"2025-08-29T13:00:27","guid":{"rendered":"https:\/\/alfaomega.tv\/librarie\/?post_type=product&#038;p=35975"},"modified":"2025-10-23T10:26:38","modified_gmt":"2025-10-23T10:26:38","slug":"cucerit-din-interior","status":"publish","type":"product","link":"https:\/\/alfaomega.tv\/librarie\/produse\/identitate-crestere-spirituala-revelatie\/cucerit-din-interior\/","title":{"rendered":"Cucerit din interior"},"content":{"rendered":"<p><strong><\/strong><strong>CE ERA SIONUL?<\/strong><\/p>\n<p>Sion era o \u00eent\u0103ritur\u0103 de pe teritoriul Ierusalimului locuit\u0103 de vr\u0103jma\u0219i,  care tr\u0103iau nestingheri\u021bi \u00een interiorul grani\u021belor Israelului.<\/p>\n<p><strong>CUM A FOST CAPTURAT\u0102 \u00ceNT\u0102RITURA SIONULUI?<\/strong><\/p>\n<p>Strategia lui David a fost s\u0103 p\u0103trund\u0103 prin sistemul de tuneluri al cet\u0103\u021bii, s\u0103 urce prin pu\u021bul de ap\u0103 \u0219i s\u0103 deschid\u0103 poarta cet\u0103\u021bii din interior (2 Samuel 5:6-9).<\/p>\n<p><strong><\/strong><strong>CE ANUME REPREZINT\u0102 GONIREA VR\u0102JMA\u0218ILOR DIN SION?<\/strong><\/p>\n<p>Este un tipar care ilustreaz\u0103 modul \u00een care vom penetra \u0219i cuceri marile obstacole ce ne stau \u00eenainte.<\/p>\n<p>Mul\u021bi dintre noi ne lovim de obstacole formidabile precum boala, depresia, crizele financiare, problemele \u00een familie etc. Ad\u00e2ncindu-ne \u00een rug\u0103ciune \u0219i apoi \u00een\u0103l\u021b\u00e2ndu-ne din \u00eentuneric vom debloca din interior u\u0219ile \u00eent\u0103riturii din via\u021ba noastr\u0103 \u0219i-l vom \u00eenvinge pe vr\u0103jma\u0219.<\/p>\n<p><strong>Descoperim cum s\u0103:<\/strong><\/p>\n<ul>\n<li>Penetrezi \u0219i desfiin\u021bezi \u00eent\u0103ritura cu care ai de-a face.<\/li>\n<li>Abordezi duhurile de boal\u0103 care \u00eei \u021bin captivi pe oameni.<\/li>\n<li>Devii un r\u0103zboinic care schimb\u0103 istoria.<\/li>\n<\/ul>\n<p>Nr pagini: 164<\/p>\n","protected":false},"excerpt":{"rendered":"<p>Capturarea \u00eent\u0103riturii Sionului<\/p>\n","protected":false},"featured_media":7663,"template":"","meta":{"_acf_changed":false},"product_brand":[],"product_cat":[21],"product_tag":[],"class_list":{"0":"post-35975","1":"product","2":"type-product","3":"status-publish","4":"has-post-thumbnail","6":"product_cat-identitate-crestere-spirituala-revelatie","7":"pa_autori-bob-sorge","8":"pa_format-carte-tiparita","9":"pa_format-carte-electronica","11":"first","12":"instock","13":"shipping-taxable","14":"purchasable","15":"product-type-variable"},"acf":[],"_links":{"self":[{"href":"https:\/\/alfaomega.tv\/librarie\/wp-json\/wp\/v2\/product\/35975","targetHints":{"allow":["GET"]}}],"collection":[{"href":"https:\/\/alfaomega.tv\/librarie\/wp-json\/wp\/v2\/product"}],"about":[{"href":"https:\/\/alfaomega.tv\/librarie\/wp-json\/wp\/v2\/types\/product"}],"wp:featuredmedia":[{"embeddable":true,"href":"https:\/\/alfaomega.tv\/librarie\/wp-json\/wp\/v2\/media\/7663"}],"wp:attachment":[{"href":"https:\/\/alfaomega.tv\/librarie\/wp-json\/wp\/v2\/media?parent=35975"}],"wp:term":[{"taxonomy":"product_brand","embeddable":true,"href":"https:\/\/alfaomega.tv\/librarie\/wp-json\/wp\/v2\/product_brand?post=35975"},{"taxonomy":"product_cat","embeddable":true,"href":"https:\/\/alfaomega.tv\/librarie\/wp-json\/wp\/v2\/product_cat?post=35975"},{"taxonomy":"product_tag","embeddable":true,"href":"https:\/\/alfaomega.tv\/librarie\/wp-json\/wp\/v2\/product_tag?post=35975"}],"curies":[{"name":"wp","href":"https:\/\/api.w.org\/{rel}","templated":true}]}}