{"id":35979,"date":"2025-08-29T13:00:37","date_gmt":"2025-08-29T13:00:37","guid":{"rendered":"https:\/\/alfaomega.tv\/librarie\/?post_type=product&#038;p=35979"},"modified":"2025-10-20T10:01:18","modified_gmt":"2025-10-20T10:01:18","slug":"puterea-intr-un-nume","status":"publish","type":"product","link":"https:\/\/alfaomega.tv\/librarie\/produse\/identitate-crestere-spirituala-revelatie\/puterea-intr-un-nume\/","title":{"rendered":"Puterea \u00eentr-un nume"},"content":{"rendered":"<p>Dac\u0103 \u021bi-am spune c\u0103 r\u0103spunsurile la dou\u0103 dintre \u00eentreb\u0103rile cele mai mari ale vie\u021bii noastre \u2013 \u201eCine sunt?\u201d \u0219i \u201eDe ce sunt \u00een via\u021b\u0103?\u201d \u2013 se pot g\u0103si \u00een numele t\u0103u? Explor\u00e2nd ce spune Dumnezeu despre numele t\u0103u, vei descoperi o hart\u0103 a comorilor care te conduce la adev\u0103rata ta identitate \u0219i un itinerar care te \u00eendrum\u0103 spre \u00eemplinirea destinului.<\/p>\n<p>Aceast\u0103 carte este un compas care te ghideaz\u0103 s\u0103:<\/p>\n<ul>\n<li>DESCOPERI CINE E\u0218TI \u0218I PENTRU CE AI FOST F\u0102CUT<\/li>\n<li>DEBLOCHEZI O NOU\u0102 DIMENSIUNE DE \u00ceN\u021aELEGERE PRIN SEMNIFICA\u021aIA PRACTIC\u0102 \u0218I SPIRITUAL\u0102 A NUMELOR<\/li>\n<li>CREEZI PROPRIA DECLARA\u021aIE A IDENTIT\u0102\u021aII TALE CERE\u0218TI, O DECLARA\u021aIE PUTERNIC\u0102 A CINE E\u0218TI TU<\/li>\n<li>ADOP\u021aI AUTORITATEA, FAVOAREA \u0218I INFLUEN\u021aA CARE SUNT ATA\u0218ATE NUMELUI T\u0102U<\/li>\n<li>TE \u00ceMPUTERNICE\u0218TI PERSONAL S\u0102 \u00ceI VEZI PE AL\u021aII PRIN PERSPECTIVA R\u0102SCUMP\u0102R\u0102TOARE A IDENTIT\u0102\u021aII LOR CERE\u0218TI<\/li>\n<\/ul>\n<p>Nr. pagini: 196<\/p>\n","protected":false},"excerpt":{"rendered":"<p>O hart\u0103 a comorilor c\u0103tre identitatea ta \u0219i o hart\u0103 a drumului spre destinului t\u0103u<\/p>\n","protected":false},"featured_media":7667,"template":"","meta":{"_acf_changed":false},"product_brand":[],"product_cat":[21],"product_tag":[],"class_list":{"0":"post-35979","1":"product","2":"type-product","3":"status-publish","4":"has-post-thumbnail","6":"product_cat-identitate-crestere-spirituala-revelatie","7":"pa_autori-dan-mccollam","8":"pa_format-carte-tiparita","9":"pa_format-carte-electronica","11":"first","12":"instock","13":"shipping-taxable","14":"purchasable","15":"product-type-variable"},"acf":[],"_links":{"self":[{"href":"https:\/\/alfaomega.tv\/librarie\/wp-json\/wp\/v2\/product\/35979","targetHints":{"allow":["GET"]}}],"collection":[{"href":"https:\/\/alfaomega.tv\/librarie\/wp-json\/wp\/v2\/product"}],"about":[{"href":"https:\/\/alfaomega.tv\/librarie\/wp-json\/wp\/v2\/types\/product"}],"wp:featuredmedia":[{"embeddable":true,"href":"https:\/\/alfaomega.tv\/librarie\/wp-json\/wp\/v2\/media\/7667"}],"wp:attachment":[{"href":"https:\/\/alfaomega.tv\/librarie\/wp-json\/wp\/v2\/media?parent=35979"}],"wp:term":[{"taxonomy":"product_brand","embeddable":true,"href":"https:\/\/alfaomega.tv\/librarie\/wp-json\/wp\/v2\/product_brand?post=35979"},{"taxonomy":"product_cat","embeddable":true,"href":"https:\/\/alfaomega.tv\/librarie\/wp-json\/wp\/v2\/product_cat?post=35979"},{"taxonomy":"product_tag","embeddable":true,"href":"https:\/\/alfaomega.tv\/librarie\/wp-json\/wp\/v2\/product_tag?post=35979"}],"curies":[{"name":"wp","href":"https:\/\/api.w.org\/{rel}","templated":true}]}}