{"id":35983,"date":"2025-08-29T13:00:37","date_gmt":"2025-08-29T13:00:37","guid":{"rendered":"https:\/\/alfaomega.tv\/librarie\/?post_type=product&#038;p=35983"},"modified":"2025-08-29T13:00:49","modified_gmt":"2025-08-29T13:00:49","slug":"povestirile-biblice-prind-viata-card-stick-usb-seria-1-2","status":"publish","type":"product","link":"https:\/\/alfaomega.tv\/librarie\/produse\/resurse-pentru-copii\/povestirile-biblice-prind-viata-card-stick-usb-seria-1-2\/","title":{"rendered":"Povestirile biblice prind via\u021b\u0103 &#8211; Card stick USB &#8211; Seria 1-2"},"content":{"rendered":"<p>\u00cen primele dou\u0103 serii ale emisiunii \u201ePovestirile biblice prind via\u021b\u0103\u201d sunt prezentate evenimente \u0219i personaje cheie din istoria biblic\u0103 \u0219i din dezvoltarea poporului ales de Dumnezeu, \u00eencep\u00e2nd cu povestea crea\u021biei lumii \u0219i \u00eentregului univers \u0219i p\u00e2n\u0103 la Iosif, care ajunge prim-ministru al Egiptului \u0219i salveaz\u0103 na\u021biunea de foamete.<\/p>\n<p>Aceast\u0103 nou\u0103 serie de emisiuni va ajuta copiii s\u0103 \u00een\u021beleag\u0103 evenimentele fundamentale din Biblie \u0219i cum acestea au influen\u021bat istoria umanit\u0103\u021bii, toate fiind prezentate \u00eentr-un mod accesibil \u0219i captivant. Fiecare episod este o surs\u0103 de cunoa\u0219tere a planului Lui Dumnezeu \u0219i a modului \u00een care El \u00ee\u0219i duce la \u00eemplinire voia Sa, at\u00e2t pentru cei mici, c\u00e2t \u0219i pentru cei mari, povestirile fiind ilustrate cu ajutorul metodei culorilor \u0219i schi\u021belor<\/p>\n<p>\u201ePovestirile biblice prind via\u021b\u0103\u201d este o serie dedicat\u0103 copiilor, care prezint\u0103 \u00eentr-un mod captivant eroii credin\u021bei din Biblie \u0219i \u00eenv\u0103\u021b\u0103turile lor profunde. Aceast\u0103 serie \u00ee\u0219i propune s\u0103 transmit\u0103 \u00eentr-o manier\u0103 accesibil\u0103 \u0219i interesant\u0103 planul m\u0103re\u021b al lui Dumnezeu pentru \u00eentreaga omenire \u0219i poporul S\u0103u ales, Israel.<\/p>\n<p>Emisiune pentru copii. Card stick-ul USB con\u021bine 26 de episoade a c\u00e2te 10-14 minute fiecare.<\/p>\n<p class=\"western\"><span style=\"font-size: large;\"><strong>Episoade <\/strong><\/span><span style=\"font-size: large;\"><strong>seria 1 \u0219i 2<\/strong><\/span><span style=\"font-size: large;\"><strong>:<\/strong><\/span><\/p>\n<p class=\"western\"><span style=\"font-size: large;\">1.1 &#8211; La \u00eenceput <\/span><\/p>\n<p class=\"western\"><span style=\"font-size: large;\">1.2 &#8211; <\/span><span style=\"font-size: large;\">Primii oameni <\/span><\/p>\n<p class=\"western\"><span style=\"font-size: large;\">1.3 &#8211; <\/span><span style=\"font-size: large;\">P\u0103catul<\/span><\/p>\n<p class=\"western\"><span style=\"font-size: large;\">1.4 &#8211; <\/span><span style=\"font-size: large;\">Cain \u0219i Abel <\/span><\/p>\n<p class=\"western\"><span style=\"font-size: large;\">1.5 &#8211; <\/span><span style=\"font-size: large;\">Arca lui Noe <\/span><\/p>\n<p class=\"western\"><span style=\"font-size: large;\">1.6 &#8211; <\/span><span style=\"font-size: large;\">Potopul<\/span><\/p>\n<p class=\"western\"><span style=\"font-size: large;\">1.7 &#8211; <\/span><span style=\"font-size: large;\">Turnul Babel <\/span><\/p>\n<p class=\"western\"><span style=\"font-size: large;\">1.8 &#8211; <\/span><span style=\"font-size: large;\">Avraam<\/span><\/p>\n<p class=\"western\"><span style=\"font-size: large;\">1.9 &#8211; <\/span><span style=\"font-size: large;\">Avraam \u0219i Lot<\/span><\/p>\n<p class=\"western\"><span style=\"font-size: large;\">1.10 &#8211; <\/span><span style=\"font-size: large;\">Isaac<\/span><\/p>\n<p class=\"western\"><span style=\"font-size: large;\">1.11 &#8211; <\/span><span style=\"font-size: large;\">Lot salvat <\/span><\/p>\n<p class=\"western\"><span style=\"font-size: large;\">1.12 &#8211; <\/span><span style=\"font-size: large;\">Na\u0219terea lui Isaac <\/span><\/p>\n<p class=\"western\"><span style=\"font-size: large;\">1.13 &#8211; <\/span><span style=\"font-size: large;\">Credin\u021ba lui Avraam<\/span><\/p>\n<p class=\"western\"><span style=\"font-size: large;\">2.1 &#8211; <\/span><span style=\"font-size: large;\">O so\u021bie pentru Isaac <\/span><\/p>\n<p class=\"western\"><span style=\"font-size: large;\">2.<\/span><span style=\"color: #000000;\"><span style=\"font-family: 'Liberation Serif', serif;\"><span style=\"font-size: large;\">2<\/span><\/span><\/span><span style=\"font-size: large;\"> &#8211; <\/span><span style=\"font-size: large;\">Iacov \u0219i Esau <\/span><\/p>\n<p class=\"western\"><span style=\"font-size: large;\">2.3 &#8211; <\/span><span style=\"font-size: large;\">Iacov \u00een\u0219eal\u0103 \u0219i fuge <\/span><\/p>\n<p class=\"western\"><span style=\"font-size: large;\">2.4 &#8211; <\/span><span style=\"font-size: large;\">Scara cerului <\/span><\/p>\n<p class=\"western\"><span style=\"font-size: large;\">2.5 &#8211; <\/span><span style=\"font-size: large;\">Iacov la Laban <\/span><\/p>\n<p class=\"western\"><span style=\"font-size: large;\">2.6 &#8211; <\/span><span style=\"font-size: large;\">Iacov pleac\u0103 \u00een Canaan <\/span><\/p>\n<p class=\"western\"><span style=\"font-size: large;\">2.7 &#8211; <\/span><span style=\"font-size: large;\">Lupta lui Iacov<\/span><\/p>\n<p class=\"western\"><span style=\"font-size: large;\">2.8 &#8211; <\/span><span style=\"font-size: large;\">\u00cemp\u0103carea lui Iacov cu Esau <\/span><\/p>\n<p class=\"western\"><span style=\"font-size: large;\">2.9 &#8211; <\/span><span style=\"font-size: large;\">Visele lui Iosif<\/span><\/p>\n<p class=\"western\"><span style=\"font-size: large;\">2.10 &#8211; <\/span><span style=\"font-size: large;\">Iosif v\u00e2ndut ca sclav <\/span><\/p>\n<p class=\"western\"><span style=\"font-size: large;\">2.11 &#8211; <\/span><span style=\"font-size: large;\">Iosif nedrept\u0103\u021bit <\/span><\/p>\n<p class=\"western\"><span style=\"font-size: large;\">2.12 &#8211; <\/span><span style=\"font-size: large;\">Visele de\u021binu\u021bilor<\/span><\/p>\n<p class=\"western\"><span style=\"font-size: large;\">2.13 &#8211; <\/span><span style=\"font-size: large;\">Iosif \u2013 de la sclav la prim ministru<\/span><\/p>\n","protected":false},"excerpt":{"rendered":"<p>Emisiune pentru copii<\/p>\n","protected":false},"featured_media":7673,"template":"","meta":{"_acf_changed":false},"product_brand":[],"product_cat":[34],"product_tag":[],"class_list":{"0":"post-35983","1":"product","2":"type-product","3":"status-publish","4":"has-post-thumbnail","6":"product_cat-resurse-pentru-copii","7":"pa_autori-alfa-omega-tv","8":"pa_format-stick-usb","10":"first","11":"instock","12":"shipping-taxable","13":"purchasable","14":"product-type-variable","15":"has-default-attributes"},"acf":[],"_links":{"self":[{"href":"https:\/\/alfaomega.tv\/librarie\/wp-json\/wp\/v2\/product\/35983","targetHints":{"allow":["GET"]}}],"collection":[{"href":"https:\/\/alfaomega.tv\/librarie\/wp-json\/wp\/v2\/product"}],"about":[{"href":"https:\/\/alfaomega.tv\/librarie\/wp-json\/wp\/v2\/types\/product"}],"wp:featuredmedia":[{"embeddable":true,"href":"https:\/\/alfaomega.tv\/librarie\/wp-json\/wp\/v2\/media\/7673"}],"wp:attachment":[{"href":"https:\/\/alfaomega.tv\/librarie\/wp-json\/wp\/v2\/media?parent=35983"}],"wp:term":[{"taxonomy":"product_brand","embeddable":true,"href":"https:\/\/alfaomega.tv\/librarie\/wp-json\/wp\/v2\/product_brand?post=35983"},{"taxonomy":"product_cat","embeddable":true,"href":"https:\/\/alfaomega.tv\/librarie\/wp-json\/wp\/v2\/product_cat?post=35983"},{"taxonomy":"product_tag","embeddable":true,"href":"https:\/\/alfaomega.tv\/librarie\/wp-json\/wp\/v2\/product_tag?post=35983"}],"curies":[{"name":"wp","href":"https:\/\/api.w.org\/{rel}","templated":true}]}}