{"id":35985,"date":"2025-08-29T13:00:38","date_gmt":"2025-08-29T13:00:38","guid":{"rendered":"https:\/\/alfaomega.tv\/librarie\/?post_type=product&#038;p=35985"},"modified":"2025-08-29T13:00:49","modified_gmt":"2025-08-29T13:00:49","slug":"povestirile-biblice-prind-viata-card-stick-usb-seria-3-4","status":"publish","type":"product","link":"https:\/\/alfaomega.tv\/librarie\/produse\/resurse-pentru-copii\/povestirile-biblice-prind-viata-card-stick-usb-seria-3-4\/","title":{"rendered":"Povestirile biblice prind via\u021b\u0103 &#8211; Card stick USB &#8211; Seria 3-4"},"content":{"rendered":"<p>\u00cen seriile 3 \u0219i 4, \u201ePovestirile Biblice Prind Via\u021b\u0103\u201d continu\u0103 cu momente esen\u021biale din via\u021ba lui Moise: fuga sa, \u00eent\u00e2lnirea cu Dumnezeu la Rugul Aprins, cele 10 urgii \u0219i trecerea M\u0103rii Ro\u0219ii. De asemenea, sunt relatate evenimente importante: Primul Pa\u0219te, Cele 10 Porunci \u0219i Cucerirea Ierihonului \u2013 toate oferind lec\u021bii de credin\u021b\u0103, curaj \u0219i ascultare de Dumnezeu.<\/p>\n<p>\u201ePovestirile Biblice Prind Via\u021b\u0103\u201d \u00ee\u0219i propun s\u0103 ajute copiii s\u0103 \u00een\u021beleag\u0103 planul divin pentru omenire \u0219i poporul ales al lui Dumnezeu, Israel, oferindu-le \u00eenv\u0103\u021b\u0103minte valoroase ce pot fi aplicate \u00een via\u021ba lor de zi cu zi. Astfel, copiii vor \u00eenv\u0103\u021ba despre personaje biblice precum Moise, Iosua, Debora, Ghedeon \u0219i Samson, \u00eenv\u0103\u021b\u00e2nd \u00een\u021beleg\u00e2nd importan\u021ba credin\u021bei \u0219i ascult\u0103rii de Dumnezeu.<\/p>\n<p>\u201ePovestirile biblice prind via\u021b\u0103\u201d este o serie dedicat\u0103 copiilor, care prezint\u0103 \u00eentr-un mod captivant eroii credin\u021bei din Biblie \u0219i \u00eenv\u0103\u021b\u0103turile lor profunde. Aceast\u0103 serie \u00ee\u0219i propune s\u0103 transmit\u0103 voia lui Dumnezeu pentru omenire, prin intermediul pove\u0219tilor biblice istorisite prin metoda culorilor \u0219i schi\u021belor, fiind o surs\u0103 de \u00een\u021belepciune \u0219i inspira\u021bie at\u00e2t pentru cei mari, c\u00e2t \u0219i pentru cei mici.<\/p>\n<p>Emisiune pentru copii. Card stick-ul USB con\u021bine 26 de episoade a c\u00e2te 10-14 minute fiecare.<\/p>\n<p class=\"western\"><span style=\"font-size: large\"><strong>Episoade <\/strong><\/span><span style=\"font-size: large\"><strong>seria 3 \u0219i 4<\/strong><\/span><span style=\"font-size: large\"><strong>:<\/strong><\/span><\/p>\n<p class=\"western\"><span style=\"font-size: large\">3.1 &#8211; <\/span><span style=\"font-size: large\">Re\u00eentregirea familiei <\/span><\/p>\n<p class=\"western\"><span style=\"font-size: large\">3.2 &#8211; <\/span><span style=\"font-size: large\">Moartea lui Iacov <\/span><\/p>\n<p class=\"western\"><span style=\"font-size: large\">3.3 &#8211; <\/span><span style=\"font-size: large\">Moise<\/span><\/p>\n<p class=\"western\"><span style=\"font-size: large\">3.4 &#8211; <\/span><span style=\"font-size: large\">Fuga lui Moise <\/span><\/p>\n<p class=\"western\"><span style=\"font-size: large\">3.5 &#8211; <\/span><span style=\"font-size: large\">Rugul aprins <\/span><\/p>\n<p class=\"western\"><span style=\"font-size: large\">3.6 &#8211; <\/span><span style=\"font-size: large\">\u00cenaintea lui Faraon <\/span><\/p>\n<p class=\"western\"><span style=\"font-size: large\">3.7 &#8211; <\/span><span style=\"font-size: large\">Cele 10 urgii <\/span><\/p>\n<p class=\"western\"><span style=\"font-size: large\">3.8 &#8211; <\/span><span style=\"font-size: large\">Primul Pa\u0219te <\/span><\/p>\n<p class=\"western\"><span style=\"font-size: large\">3.9 &#8211; <\/span><span style=\"font-size: large\">Trecerea m\u0103rii Ro\u0219ii <\/span><\/p>\n<p class=\"western\"><span style=\"font-size: large\">3.10 &#8211; <\/span><span style=\"font-size: large\">C\u00e2rtirea lui Israel <\/span><\/p>\n<p class=\"western\"><span style=\"font-size: large\">3.11 &#8211; <\/span><span style=\"font-size: large\">Cele 10 porunci <\/span><\/p>\n<p class=\"western\"><span style=\"font-size: large\">3.12 &#8211; <\/span><span style=\"font-size: large\">Vi\u021belul de aur <\/span><\/p>\n<p class=\"western\"><span style=\"font-size: large\">3.13 &#8211; <\/span><span style=\"font-size: large\">Leg\u0103m\u00e2ntul<\/span><\/p>\n<p class=\"western\"><span style=\"font-size: large\">4.1 &#8211; <\/span><span style=\"font-size: large\">Cele 12 iscoade <\/span><\/p>\n<p class=\"western\"><span style=\"font-size: large\">4.2 &#8211; <\/span><span style=\"font-size: large\">Toiagul lui Aaron <\/span><\/p>\n<p class=\"western\"><span style=\"font-size: large\">4.3 &#8211; <\/span><span style=\"font-size: large\">Balac \u0219i Balaam <\/span><\/p>\n<p class=\"western\"><span style=\"font-size: large\">4.4 &#8211; <\/span><span style=\"font-size: large\">Moartea lui Moise <\/span><\/p>\n<p class=\"western\"><span style=\"font-size: large\">4.5 &#8211; <\/span><span style=\"font-size: large\">Dou\u0103 iscoade la Ierihon <\/span><\/p>\n<p class=\"western\"><span style=\"font-size: large\">4.6 &#8211; <\/span><span style=\"font-size: large\">Trecerea Iordanului <\/span><\/p>\n<p class=\"western\"><span style=\"font-size: large\">4.7 &#8211; <\/span><span style=\"font-size: large\">Cucerirea Ierihonului <\/span><\/p>\n<p class=\"western\"><span style=\"font-size: large\">4.8 &#8211; <\/span><span style=\"font-size: large\">P\u0103catul lui Acan <\/span><\/p>\n<p class=\"western\"><span style=\"font-size: large\">4.9 &#8211; <\/span><span style=\"font-size: large\">Moartea lui Iosua<\/span><\/p>\n<p class=\"western\"><span style=\"font-size: large\">4.10 &#8211; <\/span><span style=\"font-size: large\">Debora \u0219i Barac <\/span><\/p>\n<p class=\"western\"><span style=\"font-size: large\">4.11 &#8211; <\/span><span style=\"font-size: large\">Ghedeon<\/span><\/p>\n<p class=\"western\"><span style=\"font-size: large\">4.12 &#8211; <\/span><span style=\"font-size: large\">Victoria lui Ghedeon <\/span><\/p>\n<p class=\"western\"><span style=\"font-size: large\">4.13 &#8211; <\/span><span style=\"font-size: large\">Samson<\/span><\/p>\n","protected":false},"excerpt":{"rendered":"<p>Emisiune pentru copii<\/p>\n","protected":false},"featured_media":7675,"template":"","meta":{"_acf_changed":false},"product_brand":[],"product_cat":[34],"product_tag":[],"class_list":{"0":"post-35985","1":"product","2":"type-product","3":"status-publish","4":"has-post-thumbnail","6":"product_cat-resurse-pentru-copii","7":"pa_autori-alfa-omega-tv","8":"pa_format-stick-usb","10":"first","11":"instock","12":"shipping-taxable","13":"purchasable","14":"product-type-variable"},"acf":[],"_links":{"self":[{"href":"https:\/\/alfaomega.tv\/librarie\/wp-json\/wp\/v2\/product\/35985","targetHints":{"allow":["GET"]}}],"collection":[{"href":"https:\/\/alfaomega.tv\/librarie\/wp-json\/wp\/v2\/product"}],"about":[{"href":"https:\/\/alfaomega.tv\/librarie\/wp-json\/wp\/v2\/types\/product"}],"wp:featuredmedia":[{"embeddable":true,"href":"https:\/\/alfaomega.tv\/librarie\/wp-json\/wp\/v2\/media\/7675"}],"wp:attachment":[{"href":"https:\/\/alfaomega.tv\/librarie\/wp-json\/wp\/v2\/media?parent=35985"}],"wp:term":[{"taxonomy":"product_brand","embeddable":true,"href":"https:\/\/alfaomega.tv\/librarie\/wp-json\/wp\/v2\/product_brand?post=35985"},{"taxonomy":"product_cat","embeddable":true,"href":"https:\/\/alfaomega.tv\/librarie\/wp-json\/wp\/v2\/product_cat?post=35985"},{"taxonomy":"product_tag","embeddable":true,"href":"https:\/\/alfaomega.tv\/librarie\/wp-json\/wp\/v2\/product_tag?post=35985"}],"curies":[{"name":"wp","href":"https:\/\/api.w.org\/{rel}","templated":true}]}}