{"id":35987,"date":"2025-08-29T13:00:38","date_gmt":"2025-08-29T13:00:38","guid":{"rendered":"https:\/\/alfaomega.tv\/librarie\/?post_type=product&#038;p=35987"},"modified":"2025-09-01T13:43:58","modified_gmt":"2025-09-01T13:43:58","slug":"activarea-copiilor-in-dimensiunea-profetica","status":"publish","type":"product","link":"https:\/\/alfaomega.tv\/librarie\/produse\/identitate-crestere-spirituala-revelatie\/activarea-copiilor-in-dimensiunea-profetica\/","title":{"rendered":"Activarea copiilor \u00een dimensiunea profetic\u0103"},"content":{"rendered":"<p>Te-ai \u00eentrebat vreodat\u0103 dac\u0103 pentru copii era prea greu s\u0103 \u00cel aud\u0103 pe Dumnezeu sau s\u0103 se conecteze cu El? Cau\u021bi o modalitate simpl\u0103 pentru a-\u021bi instrui copiii s\u0103 se conecteze cu inima Tat\u0103lui? Vrei s\u0103 activezi darul profetic \u00een copilul t\u0103u, grupul t\u0103u de \u0219coal\u0103 acas\u0103 sau la biseric\u0103, astfel \u00eenc\u00e2t ei s\u0103 \u00cel poat\u0103 auzi pe Dumnezeu pentru ei \u00een\u0219i\u0219i \u0219i pentru al\u021bii?<\/p>\n<p>Cartea \u201eActivarea copiilor \u00een dimensiunea profetic\u0103\u201d este o resurs\u0103 fundamental\u0103 care s\u0103 ajute oferind r\u0103spuns acestor \u00eentreb\u0103ri \u0219i nu numai!<\/p>\n<p>Pe m\u0103sur\u0103 ce cite\u0219ti vei \u00eenv\u0103\u021ba:<\/p>\n<ul>\n<li>S\u0103 vezi copiii \u00een modul \u00een care \u00eei vede Dumnezeu.<\/li>\n<li>Simplitatea activ\u0103rii copiilor \u00een cele profetice.<\/li>\n<li>Cum s\u0103 creezi un spa\u021biu sigur, \u00een care copiii s\u0103 \u00eenve\u021be s\u0103 aud\u0103 vocea lui Dumnezeu.<\/li>\n<li>Instrumente practice pentru a \u00eent\u0103ri umblarea copilului t\u0103u cu Dumnezeu Tat\u0103l.<\/li>\n<\/ul>\n<p>Prin \u00een\u021belepciune, pove\u0219ti practice \u0219i informa\u021bii, vei fi \u00eemputernicit s\u0103 instruie\u0219ti o genera\u021bie t\u00e2n\u0103r\u0103 s\u0103 \u00een\u021beleag\u0103 un simplu fapt: Dumnezeu nu e greu de \u00een\u021beles!<\/p>\n<\/p>\n<p>Nr. pagini: 138<\/p>\n","protected":false},"excerpt":{"rendered":"<p>\u00cemputernicind viitoarea genera\u021bie s\u0103 aud\u0103 \u0219i s\u0103 r\u0103spund\u0103 vocii lui Dumnezeu<\/p>\n","protected":false},"featured_media":7677,"template":"","meta":{"_acf_changed":false},"product_brand":[],"product_cat":[21],"product_tag":[],"class_list":{"0":"post-35987","1":"product","2":"type-product","3":"status-publish","4":"has-post-thumbnail","6":"product_cat-identitate-crestere-spirituala-revelatie","7":"pa_autori-klancy-cunningham","8":"pa_format-carte-tiparita","9":"pa_format-carte-electronica","11":"first","12":"instock","13":"shipping-taxable","14":"purchasable","15":"product-type-variable"},"acf":[],"_links":{"self":[{"href":"https:\/\/alfaomega.tv\/librarie\/wp-json\/wp\/v2\/product\/35987","targetHints":{"allow":["GET"]}}],"collection":[{"href":"https:\/\/alfaomega.tv\/librarie\/wp-json\/wp\/v2\/product"}],"about":[{"href":"https:\/\/alfaomega.tv\/librarie\/wp-json\/wp\/v2\/types\/product"}],"wp:featuredmedia":[{"embeddable":true,"href":"https:\/\/alfaomega.tv\/librarie\/wp-json\/wp\/v2\/media\/7677"}],"wp:attachment":[{"href":"https:\/\/alfaomega.tv\/librarie\/wp-json\/wp\/v2\/media?parent=35987"}],"wp:term":[{"taxonomy":"product_brand","embeddable":true,"href":"https:\/\/alfaomega.tv\/librarie\/wp-json\/wp\/v2\/product_brand?post=35987"},{"taxonomy":"product_cat","embeddable":true,"href":"https:\/\/alfaomega.tv\/librarie\/wp-json\/wp\/v2\/product_cat?post=35987"},{"taxonomy":"product_tag","embeddable":true,"href":"https:\/\/alfaomega.tv\/librarie\/wp-json\/wp\/v2\/product_tag?post=35987"}],"curies":[{"name":"wp","href":"https:\/\/api.w.org\/{rel}","templated":true}]}}