{"id":35989,"date":"2025-08-29T13:00:38","date_gmt":"2025-08-29T13:00:38","guid":{"rendered":"https:\/\/alfaomega.tv\/librarie\/?post_type=product&#038;p=35989"},"modified":"2025-10-20T11:21:20","modified_gmt":"2025-10-20T11:21:20","slug":"femei-lider-pline-de-indrazneala","status":"publish","type":"product","link":"https:\/\/alfaomega.tv\/librarie\/produse\/identitate-crestere-spirituala-revelatie\/femei-lider-pline-de-indrazneala\/","title":{"rendered":"Femei lider pline de \u00eendr\u0103zneal\u0103"},"content":{"rendered":"<p>Femei lider este ghidul t\u0103u prin circumstan\u021bele revigorante ale leadership-ului. Vei dep\u0103\u0219i limitele impuse de tradi\u021bie \u0219i a\u0219tept\u0103ri. G\u0103se\u0219te solidaritate \u00een pove\u0219tile Femeilor apostoli \u0219i Liderilor pionieri care \u0219i-au l\u0103sat amprenta asupra istoriei. \u00cenva\u021b\u0103 s\u0103-\u021bi valorifici puterea d\u0103ruit\u0103 de Dumnezeu ca o Mam\u0103 urs \u0219i s\u0103-\u021bi \u00eent\u0103re\u0219ti r\u0103zboinicul spiritual pentru a dep\u0103\u0219i obstacolele. Aceast\u0103 carte nu este doar despre ascensiunea \u00een leadership, ci despre a prospera \u00een cadrul acestuia. \u00cenva\u021b\u0103 s\u0103 construie\u0219ti parteneriate care schimb\u0103 fa\u021ba lea\u00ad- dership-ului \u00een toate domeniile. De la pia\u021ba muncii la slujire, de la liderii cu experien\u021b\u0103 la tinerii lideri \u00een devenire, calea ta este una de impact \u0219i inspira\u021bie. Porne\u0219te \u00een aceast\u0103 c\u0103l\u0103torie pentru a revendica promisiunile prezentului \u0219i pentru a l\u0103sa o mo\u0219tenire de victorie.<\/p>\n<p>Nr. pagini: 150<\/p>\n","protected":false},"excerpt":{"rendered":"<p>Desc\u0103tu\u0219area poten\u0163ialului, \u00eenl\u0103turarea obstacolelor<\/p>\n","protected":false},"featured_media":7679,"template":"","meta":{"_acf_changed":false},"product_brand":[],"product_cat":[21],"product_tag":[],"class_list":{"0":"post-35989","1":"product","2":"type-product","3":"status-publish","4":"has-post-thumbnail","6":"product_cat-identitate-crestere-spirituala-revelatie","7":"pa_autori-barbara-wentroble","8":"pa_format-carte-tiparita","9":"pa_format-carte-electronica","11":"first","12":"instock","13":"shipping-taxable","14":"purchasable","15":"product-type-variable"},"acf":[],"_links":{"self":[{"href":"https:\/\/alfaomega.tv\/librarie\/wp-json\/wp\/v2\/product\/35989","targetHints":{"allow":["GET"]}}],"collection":[{"href":"https:\/\/alfaomega.tv\/librarie\/wp-json\/wp\/v2\/product"}],"about":[{"href":"https:\/\/alfaomega.tv\/librarie\/wp-json\/wp\/v2\/types\/product"}],"wp:featuredmedia":[{"embeddable":true,"href":"https:\/\/alfaomega.tv\/librarie\/wp-json\/wp\/v2\/media\/7679"}],"wp:attachment":[{"href":"https:\/\/alfaomega.tv\/librarie\/wp-json\/wp\/v2\/media?parent=35989"}],"wp:term":[{"taxonomy":"product_brand","embeddable":true,"href":"https:\/\/alfaomega.tv\/librarie\/wp-json\/wp\/v2\/product_brand?post=35989"},{"taxonomy":"product_cat","embeddable":true,"href":"https:\/\/alfaomega.tv\/librarie\/wp-json\/wp\/v2\/product_cat?post=35989"},{"taxonomy":"product_tag","embeddable":true,"href":"https:\/\/alfaomega.tv\/librarie\/wp-json\/wp\/v2\/product_tag?post=35989"}],"curies":[{"name":"wp","href":"https:\/\/api.w.org\/{rel}","templated":true}]}}