{"id":36003,"date":"2025-08-29T13:00:40","date_gmt":"2025-08-29T13:00:40","guid":{"rendered":"https:\/\/alfaomega.tv\/librarie\/?post_type=product&#038;p=36003"},"modified":"2025-10-23T13:13:43","modified_gmt":"2025-10-23T13:13:43","slug":"crucea-este-cheia-pentru-copii-carte","status":"publish","type":"product","link":"https:\/\/alfaomega.tv\/librarie\/produse\/resurse-pentru-copii\/crucea-este-cheia-pentru-copii-carte\/","title":{"rendered":"CRUCEA ESTE CHEIA pentru copii | Carte"},"content":{"rendered":"<div>De multe ori, rat\u0103m sensul simplu \u0219i totodat\u0103 profund al mesajului Crucii. Crucea reprezint\u0103 mult mai mult dec\u00e2t iertarea p\u0103catelor noastre.<\/div>\n<div> <\/div>\n<div>Aceast\u0103 carte \u00eei ajut\u0103 pe copii s\u0103 \u00een\u021beleag\u0103 \u00een \u00eentregime mesaj \u0219i semnifica\u021bia a ceea ce Isus a f\u0103cut pentru ei la Cruce, dar \u0219i cum acest lucru se leag\u0103 de via\u021ba lor de zi cu zi.<\/div>\n<div> <\/div>\n<div>Prin ilustra\u021bii captivante \u0219i cuvinte accesibile, aceast\u0103 carte le va ar\u0103ta copiilor cum iubirea lui Dumnezeu a fost revelat\u0103 \u00een jertfa Lui suprem\u0103 \u0219i cum fiecare dintre noi suntem beneficiarii acestui dar minunat. Crucea este cheia pentru descoperirea unei vie\u021bi pline de speran\u021b\u0103, iubire \u0219i \u00eemplinire al\u0103turi de Isus. Pe fiecare pagin\u0103, copiii vor descoperi puterea iert\u0103rii, darul harului \u0219i promisiunea unei rela\u021bii profunde cu Dumnezeu.<\/div>\n<div> <\/div>\n<div>\u201eCrucea este cheia pentru copii&#8221; este o resurs\u0103 ideal\u0103 pentru p\u0103rin\u021bi, educatori sau biserici care doresc s\u0103 transmit\u0103 valori fundamentale despre credin\u021b\u0103, \u00eentr-un mod accesibil \u0219i plin de iubire pentru cei mici.<\/div>\n<div> <\/div>\n<div>Cartea are 36 de pagini color.<\/div>\n<div>Recomandat pentru copii cu v\u00e2rsta peste 3 ani.<\/div>\n","protected":false},"excerpt":{"rendered":"<p>De multe ori, rat\u0103m sensul simplu \u0219i totodat\u0103 profund al mesajului Crucii. Crucea reprezint\u0103 mult mai mult dec\u00e2t iertarea p\u0103catelor noastre. Aceast\u0103 carte \u00eei ajut\u0103 pe copii s\u0103 \u00een\u021beleag\u0103 \u00een \u00eentregime mesaj \u0219i semnifica\u021bia a ceea ce Isus a f\u0103cut pentru ei la Cruce, dar \u0219i cum acest lucru se leag\u0103 de via\u021ba lor de [&hellip;]<\/p>\n","protected":false},"featured_media":7693,"template":"","meta":{"_acf_changed":false},"product_brand":[],"product_cat":[34],"product_tag":[],"class_list":{"0":"post-36003","1":"product","2":"type-product","3":"status-publish","4":"has-post-thumbnail","6":"product_cat-resurse-pentru-copii","7":"pa_autori-terry-moore","8":"pa_format-carte-tiparita","9":"pa_format-carte-electronica","11":"first","12":"instock","13":"shipping-taxable","14":"purchasable","15":"product-type-variable"},"acf":[],"_links":{"self":[{"href":"https:\/\/alfaomega.tv\/librarie\/wp-json\/wp\/v2\/product\/36003","targetHints":{"allow":["GET"]}}],"collection":[{"href":"https:\/\/alfaomega.tv\/librarie\/wp-json\/wp\/v2\/product"}],"about":[{"href":"https:\/\/alfaomega.tv\/librarie\/wp-json\/wp\/v2\/types\/product"}],"wp:featuredmedia":[{"embeddable":true,"href":"https:\/\/alfaomega.tv\/librarie\/wp-json\/wp\/v2\/media\/7693"}],"wp:attachment":[{"href":"https:\/\/alfaomega.tv\/librarie\/wp-json\/wp\/v2\/media?parent=36003"}],"wp:term":[{"taxonomy":"product_brand","embeddable":true,"href":"https:\/\/alfaomega.tv\/librarie\/wp-json\/wp\/v2\/product_brand?post=36003"},{"taxonomy":"product_cat","embeddable":true,"href":"https:\/\/alfaomega.tv\/librarie\/wp-json\/wp\/v2\/product_cat?post=36003"},{"taxonomy":"product_tag","embeddable":true,"href":"https:\/\/alfaomega.tv\/librarie\/wp-json\/wp\/v2\/product_tag?post=36003"}],"curies":[{"name":"wp","href":"https:\/\/api.w.org\/{rel}","templated":true}]}}