{"id":36005,"date":"2025-08-29T13:00:40","date_gmt":"2025-08-29T13:00:40","guid":{"rendered":"https:\/\/alfaomega.tv\/librarie\/?post_type=product&#038;p=36005"},"modified":"2025-10-23T13:24:43","modified_gmt":"2025-10-23T13:24:43","slug":"auzind-vocea-lui-dumnezeu-pentru-copii-carte","status":"publish","type":"product","link":"https:\/\/alfaomega.tv\/librarie\/produse\/resurse-pentru-copii\/auzind-vocea-lui-dumnezeu-pentru-copii-carte\/","title":{"rendered":"AUZIND VOCEA LUI DUMNEZEU pentru copii | Carte"},"content":{"rendered":"<p>Cartea \u201eAuzind vocea lui Dumnezeu&#8221; ajut\u0103 copiii s\u0103 \u00eenve\u021be cum s\u0103 recunoasc\u0103 \u0219i s\u0103 aud\u0103 glasul lui Dumnezeu. Prin rime \u0219i versuri, aceasta le arat\u0103 modalit\u0103\u021bile prin care Dumnezeu le vorbe\u0219te, indiferent de v\u00e2rsta lor. Citind aceast\u0103 carte, copiii vor \u00een\u021belege c\u0103 Dumnezeu vorbe\u0219te nu doar prin Cuv\u00e2ntul S\u0103u, ci \u0219i prin g\u00e2nduri \u0219i vise. Dumnezeu continu\u0103 s\u0103 comunice cu copiii S\u0103i \u0219i ast\u0103zi, iar abilitatea de a-L auzi este esen\u021bial\u0103 pentru rela\u021bia cu El.<\/p>\n<p>De asemenea, aceast\u0103 carte \u00eei \u00eencurajeaz\u0103 pe cei mici s\u0103 dezvolte o rela\u021bie personal\u0103 cu Creatorul lor \u0219i s\u0103 fie aten\u021bi la semnele \u0219i \u00eendrum\u0103rile divine din via\u021ba de zi cu zi. Aceast\u0103 carte este un ghid spiritual pentru copii, care \u00eei conduce pe drumul cunoa\u0219terii lui Dumnezeu, ajut\u00e2ndu-i s\u0103 descopere cum poate fi Dumnezeu o parte activ\u0103 \u0219i prezent\u0103 \u00een fiecare moment al vie\u021bii lor.<\/p>\n<p>Cartea are 32 de pagini color<br \/>Recomandat pentru copii cu v\u00e2rsta peste 3 ani.<\/p>\n","protected":false},"excerpt":{"rendered":"<p>Cartea \u201eAuzind vocea lui Dumnezeu&#8221; ajut\u0103 copiii s\u0103 \u00eenve\u021be cum s\u0103 recunoasc\u0103 \u0219i s\u0103 aud\u0103 glasul lui Dumnezeu. Prin rime \u0219i versuri, aceasta le arat\u0103 modalit\u0103\u021bile prin care Dumnezeu le vorbe\u0219te, indiferent de v\u00e2rsta lor. Citind aceast\u0103 carte, copiii vor \u00een\u021belege c\u0103 Dumnezeu vorbe\u0219te nu doar prin Cuv\u00e2ntul S\u0103u, ci \u0219i prin g\u00e2nduri \u0219i vise. [&hellip;]<\/p>\n","protected":false},"featured_media":7695,"template":"","meta":{"_acf_changed":false},"product_brand":[],"product_cat":[34],"product_tag":[],"class_list":{"0":"post-36005","1":"product","2":"type-product","3":"status-publish","4":"has-post-thumbnail","6":"product_cat-resurse-pentru-copii","7":"pa_autori-terry-moore","8":"pa_format-carte-tiparita","9":"pa_format-carte-electronica","11":"first","12":"instock","13":"shipping-taxable","14":"purchasable","15":"product-type-variable"},"acf":[],"_links":{"self":[{"href":"https:\/\/alfaomega.tv\/librarie\/wp-json\/wp\/v2\/product\/36005","targetHints":{"allow":["GET"]}}],"collection":[{"href":"https:\/\/alfaomega.tv\/librarie\/wp-json\/wp\/v2\/product"}],"about":[{"href":"https:\/\/alfaomega.tv\/librarie\/wp-json\/wp\/v2\/types\/product"}],"wp:featuredmedia":[{"embeddable":true,"href":"https:\/\/alfaomega.tv\/librarie\/wp-json\/wp\/v2\/media\/7695"}],"wp:attachment":[{"href":"https:\/\/alfaomega.tv\/librarie\/wp-json\/wp\/v2\/media?parent=36005"}],"wp:term":[{"taxonomy":"product_brand","embeddable":true,"href":"https:\/\/alfaomega.tv\/librarie\/wp-json\/wp\/v2\/product_brand?post=36005"},{"taxonomy":"product_cat","embeddable":true,"href":"https:\/\/alfaomega.tv\/librarie\/wp-json\/wp\/v2\/product_cat?post=36005"},{"taxonomy":"product_tag","embeddable":true,"href":"https:\/\/alfaomega.tv\/librarie\/wp-json\/wp\/v2\/product_tag?post=36005"}],"curies":[{"name":"wp","href":"https:\/\/api.w.org\/{rel}","templated":true}]}}