{"id":36016,"date":"2025-08-29T13:00:51","date_gmt":"2025-08-29T13:00:51","guid":{"rendered":"https:\/\/alfaomega.tv\/librarie\/?post_type=product&#038;p=36016"},"modified":"2025-10-07T12:01:39","modified_gmt":"2025-10-07T12:01:39","slug":"o-aventura-uriasa","status":"publish","type":"product","link":"https:\/\/alfaomega.tv\/librarie\/produse\/cartea-cartilor\/o-aventura-uriasa\/","title":{"rendered":"O aventur\u0103 uria\u0219\u0103"},"content":{"rendered":"<p>\u201eO aventur\u0103 uria\u0219\u0103&#8221; este o bro\u0219ur\u0103 de benzi desenate, de 16 pagini, care spune povestea lui David, t\u00e2n\u0103rul care, \u00een ciuda v\u00e2rstei sale, porne\u0219te \u00een ajutorul fra\u021bilor s\u0103i afla\u021bi \u00een lupt\u0103 cu armata filistean\u0103. De\u0219i nimeni nu crede \u00een curajul lui, David \u00ee\u0219i pune toat\u0103 credin\u021ba \u00een Dumnezeu \u0219i se confrunt\u0103 cu Goliat, uria\u0219ul temut de c\u0103tre israeli\u021bi.<\/p>\n<p>Cu ajutor divin, David reu\u0219e\u0219te s\u0103-l \u00eenving\u0103 pe uria\u0219ul filistean, demonstr\u00e2nd c\u0103 orice obstacol poate fi dep\u0103\u0219it cu credin\u021b\u0103 \u0219i curaj.<\/p>\n<p>Ilustra\u021biile vibrante \u0219i mesajul puternic despre credin\u021b\u0103 fac din aceast\u0103 poveste o lec\u021bie de via\u021b\u0103 inspirat\u0103 din Biblie, ideal\u0103 pentru tinerii cititori.<\/p>\n","protected":false},"excerpt":{"rendered":"<p>Benzi desenate<\/p>\n","protected":false},"featured_media":7707,"template":"","meta":{"_acf_changed":false},"product_brand":[],"product_cat":[35,34],"product_tag":[],"class_list":{"0":"post-36016","1":"product","2":"type-product","3":"status-publish","4":"has-post-thumbnail","6":"product_cat-cartea-cartilor","7":"product_cat-resurse-pentru-copii","8":"pa_autori-cbn","9":"pa_format-carte-tiparita","11":"first","12":"instock","13":"shipping-taxable","14":"purchasable","15":"product-type-variable","16":"has-default-attributes"},"acf":[],"_links":{"self":[{"href":"https:\/\/alfaomega.tv\/librarie\/wp-json\/wp\/v2\/product\/36016","targetHints":{"allow":["GET"]}}],"collection":[{"href":"https:\/\/alfaomega.tv\/librarie\/wp-json\/wp\/v2\/product"}],"about":[{"href":"https:\/\/alfaomega.tv\/librarie\/wp-json\/wp\/v2\/types\/product"}],"wp:featuredmedia":[{"embeddable":true,"href":"https:\/\/alfaomega.tv\/librarie\/wp-json\/wp\/v2\/media\/7707"}],"wp:attachment":[{"href":"https:\/\/alfaomega.tv\/librarie\/wp-json\/wp\/v2\/media?parent=36016"}],"wp:term":[{"taxonomy":"product_brand","embeddable":true,"href":"https:\/\/alfaomega.tv\/librarie\/wp-json\/wp\/v2\/product_brand?post=36016"},{"taxonomy":"product_cat","embeddable":true,"href":"https:\/\/alfaomega.tv\/librarie\/wp-json\/wp\/v2\/product_cat?post=36016"},{"taxonomy":"product_tag","embeddable":true,"href":"https:\/\/alfaomega.tv\/librarie\/wp-json\/wp\/v2\/product_tag?post=36016"}],"curies":[{"name":"wp","href":"https:\/\/api.w.org\/{rel}","templated":true}]}}