{"id":36023,"date":"2025-08-29T13:00:52","date_gmt":"2025-08-29T13:00:52","guid":{"rendered":"https:\/\/alfaomega.tv\/librarie\/?post_type=product&#038;p=36023"},"modified":"2025-11-06T11:43:39","modified_gmt":"2025-11-06T11:43:39","slug":"inteligenta-artificiala-versus-dumnezeu","status":"publish","type":"product","link":"https:\/\/alfaomega.tv\/librarie\/produse\/intelegerea-vremurilor-israel\/inteligenta-artificiala-versus-dumnezeu\/","title":{"rendered":"Inteligen\u021ba artificial\u0103 versus Dumnezeu"},"content":{"rendered":"<p>Se preg\u0103te\u0219te b\u0103t\u0103lia final\u0103 pe m\u0103sur\u0103 ce exper\u021bii dezvolt\u0103 o lume a tehnologiei, care este considerat\u0103 drept cel mai mare progres din istoria umanit\u0103\u021bii.<\/p>\n<p>Exper\u021bii avertizeaz\u0103 c\u0103 ceea ce este cunoscut ca inteligen\u021ba artificial\u0103 vine cu mari beneficii, dar \u0219i cu mari amenin\u021b\u0103ri.<br \/>\nCe vom sacrifica pentru beneficiile acestei lumi noi? Ne vom sacrifica slujbele \u0219i rela\u021biile umane pentru ni\u0219te robo\u021bi? Vom permite unor ma\u0219in\u0103rii s\u0103 ne citeasc\u0103 g\u00e2ndurile \u0219i s\u0103 ne sacrifice intimitatea \u00een scopul sc\u0103derii infrac\u021bionalit\u0103\u021bii? Vom fuziona noi cu ma\u0219in\u0103riile \u0219i ne vom manipula genele \u0219i ADN-ul pentru a dob\u00e2ndi longevitatea? Promisiunea cuno\u0219tin\u021belor nelimitate merit\u0103 sacrificarea adev\u0103rului \u0219i a integrit\u0103\u021bii? Merit\u0103 acest poten\u021bial riscul dispari\u021biei umanit\u0103\u021bii \u0219i distrugerii lumii?<br \/>\nModele vechi care se repet\u0103? Cum va contribui inteligen\u021ba artificial\u0103 la declan\u0219area evenimentelor biblice profe\u021bite acum mii de ani? Cum va face Dumnezeu ca acest sistem s\u0103 e\u0219ueze \u00een viitor?<br \/>\nAceast\u0103 carte care v\u0103 va deschide ochii descoper\u0103 citate \u0219ocante, studii biblice \u0219i informa\u021bii istorice vechi, \u00een demersul de a documenta viitorul unei lumi care va fi controlat\u0103 de oameni care cred c\u0103 pot \u0219i chiar c\u0103 vor deveni \u00eentr-o zi asemenea lui Dumnezeu.<\/p>\n","protected":false},"excerpt":{"rendered":"<p>B\u0103t\u0103lia final\u0103 \u00eempotriva umanit\u0103\u021bii<\/p>\n","protected":false},"featured_media":29914,"template":"","meta":{"_acf_changed":false},"product_brand":[],"product_cat":[24,19],"product_tag":[],"class_list":{"0":"post-36023","1":"product","2":"type-product","3":"status-publish","4":"has-post-thumbnail","6":"product_cat-intelegerea-vremurilor-israel","7":"product_cat-slujind-trupul-lui-hristos","8":"pa_autori-perry-stone","9":"pa_format-carte-tiparita","10":"pa_format-carte-electronica","12":"first","13":"instock","14":"shipping-taxable","15":"purchasable","16":"product-type-variable"},"acf":[],"_links":{"self":[{"href":"https:\/\/alfaomega.tv\/librarie\/wp-json\/wp\/v2\/product\/36023","targetHints":{"allow":["GET"]}}],"collection":[{"href":"https:\/\/alfaomega.tv\/librarie\/wp-json\/wp\/v2\/product"}],"about":[{"href":"https:\/\/alfaomega.tv\/librarie\/wp-json\/wp\/v2\/types\/product"}],"wp:featuredmedia":[{"embeddable":true,"href":"https:\/\/alfaomega.tv\/librarie\/wp-json\/wp\/v2\/media\/29914"}],"wp:attachment":[{"href":"https:\/\/alfaomega.tv\/librarie\/wp-json\/wp\/v2\/media?parent=36023"}],"wp:term":[{"taxonomy":"product_brand","embeddable":true,"href":"https:\/\/alfaomega.tv\/librarie\/wp-json\/wp\/v2\/product_brand?post=36023"},{"taxonomy":"product_cat","embeddable":true,"href":"https:\/\/alfaomega.tv\/librarie\/wp-json\/wp\/v2\/product_cat?post=36023"},{"taxonomy":"product_tag","embeddable":true,"href":"https:\/\/alfaomega.tv\/librarie\/wp-json\/wp\/v2\/product_tag?post=36023"}],"curies":[{"name":"wp","href":"https:\/\/api.w.org\/{rel}","templated":true}]}}