{"id":36027,"date":"2025-08-29T13:00:52","date_gmt":"2025-08-29T13:00:52","guid":{"rendered":"https:\/\/alfaomega.tv\/librarie\/?post_type=product&#038;p=36027"},"modified":"2025-09-03T12:14:42","modified_gmt":"2025-09-03T12:14:42","slug":"cum-sa-impartim-drept-cuvantul","status":"publish","type":"product","link":"https:\/\/alfaomega.tv\/librarie\/produse\/identitate-crestere-spirituala-revelatie\/cum-sa-impartim-drept-cuvantul\/","title":{"rendered":"Cum s\u0103 \u00eemp\u0103r\u021bim drept Cuv\u00e2ntul"},"content":{"rendered":"<p>Totul a \u00eenceput cu o revela\u021bie pe care ea a primit-o \u00een timp ce cur\u0103\u021ba cartofi \u00een buc\u0103t\u0103ria ei din Oklahoma \u0219i asculta un mesaj al lui Kenneth E. Hagin. Din acea zi memorabil\u0103, dr. Billye Brim a studiat \u0219i a vorbit despre regulile interpret\u0103rii Bibliei, dar \u0219i despre cele trei grupuri de oameni despre care se vorbe\u0219te \u00een Scriptur\u0103 care sunt foarte importante pentru \u00een\u021belegerea Cuv\u00e2ntului adev\u0103rului.<\/p>\n<p><em>Cum s\u0103 \u00eemp\u0103r\u021bim drept Cuv\u00e2ntul<\/em> v\u0103 va oferi un fundament solid ca s\u0103 studia\u021bi Biblia, ajut\u00e2ndu-v\u0103 s\u0103 v\u0103 feri\u021bi de gre\u0219elile care i-au provocat at\u00e2t de mult r\u0103u Bisericii de-a lungul secolelor.<\/p>\n","protected":false},"excerpt":{"rendered":"<p>Totul a \u00eenceput cu o revela\u021bie pe care ea a primit-o \u00een timp ce cur\u0103\u021ba cartofi \u00een buc\u0103t\u0103ria ei din Oklahoma \u0219i asculta un mesaj al lui Kenneth E. Hagin. Din acea zi memorabil\u0103, dr. Billye Brim a studiat \u0219i a vorbit despre regulile interpret\u0103rii Bibliei, dar \u0219i despre cele trei grupuri de oameni despre [&hellip;]<\/p>\n","protected":false},"featured_media":29962,"template":"","meta":{"_acf_changed":false},"product_brand":[],"product_cat":[21],"product_tag":[],"class_list":{"0":"post-36027","1":"product","2":"type-product","3":"status-publish","4":"has-post-thumbnail","6":"product_cat-identitate-crestere-spirituala-revelatie","7":"pa_autori-billye-brim","8":"pa_format-carte-tiparita","9":"pa_format-carte-electronica","11":"first","12":"instock","13":"shipping-taxable","14":"purchasable","15":"product-type-variable"},"acf":[],"_links":{"self":[{"href":"https:\/\/alfaomega.tv\/librarie\/wp-json\/wp\/v2\/product\/36027","targetHints":{"allow":["GET"]}}],"collection":[{"href":"https:\/\/alfaomega.tv\/librarie\/wp-json\/wp\/v2\/product"}],"about":[{"href":"https:\/\/alfaomega.tv\/librarie\/wp-json\/wp\/v2\/types\/product"}],"wp:featuredmedia":[{"embeddable":true,"href":"https:\/\/alfaomega.tv\/librarie\/wp-json\/wp\/v2\/media\/29962"}],"wp:attachment":[{"href":"https:\/\/alfaomega.tv\/librarie\/wp-json\/wp\/v2\/media?parent=36027"}],"wp:term":[{"taxonomy":"product_brand","embeddable":true,"href":"https:\/\/alfaomega.tv\/librarie\/wp-json\/wp\/v2\/product_brand?post=36027"},{"taxonomy":"product_cat","embeddable":true,"href":"https:\/\/alfaomega.tv\/librarie\/wp-json\/wp\/v2\/product_cat?post=36027"},{"taxonomy":"product_tag","embeddable":true,"href":"https:\/\/alfaomega.tv\/librarie\/wp-json\/wp\/v2\/product_tag?post=36027"}],"curies":[{"name":"wp","href":"https:\/\/api.w.org\/{rel}","templated":true}]}}