{"id":36029,"date":"2025-08-29T13:00:52","date_gmt":"2025-08-29T13:00:52","guid":{"rendered":"https:\/\/alfaomega.tv\/librarie\/?post_type=product&#038;p=36029"},"modified":"2025-09-03T12:14:58","modified_gmt":"2025-09-03T12:14:58","slug":"promisiunile-domnului-catre-israel-cu-privire-la-tara","status":"publish","type":"product","link":"https:\/\/alfaomega.tv\/librarie\/produse\/intelegerea-vremurilor-israel\/promisiunile-domnului-catre-israel-cu-privire-la-tara\/","title":{"rendered":"Promisiunile Domnului ca\u0306tre Israel cu privire la t\u0326ara\u0306"},"content":{"rendered":"<p>Aceste scripturi sunt oferite de Dr. Billye Brim ca ghid de referin\u021b\u0103 rapid\u0103 cu privire la un anumit subiect din Cuv\u00e2ntul Domnului referitor la Israel: Promisiunea Lui de a-i oferi p\u0103m\u00e2ntul Israelului poporului lui Israel.<\/p>\n","protected":false},"excerpt":{"rendered":"<p>Aceste scripturi sunt oferite de Dr. Billye Brim ca ghid de referin\u021b\u0103 rapid\u0103 cu privire la un anumit subiect din Cuv\u00e2ntul Domnului referitor la Israel: Promisiunea Lui de a-i oferi p\u0103m\u00e2ntul Israelului poporului lui Israel.<\/p>\n","protected":false},"featured_media":29966,"template":"","meta":{"_acf_changed":false},"product_brand":[],"product_cat":[24],"product_tag":[],"class_list":{"0":"post-36029","1":"product","2":"type-product","3":"status-publish","4":"has-post-thumbnail","6":"product_cat-intelegerea-vremurilor-israel","7":"pa_autori-billye-brim","8":"pa_format-carte-tiparita","9":"pa_format-carte-electronica","11":"first","12":"instock","13":"shipping-taxable","14":"purchasable","15":"product-type-variable"},"acf":[],"_links":{"self":[{"href":"https:\/\/alfaomega.tv\/librarie\/wp-json\/wp\/v2\/product\/36029","targetHints":{"allow":["GET"]}}],"collection":[{"href":"https:\/\/alfaomega.tv\/librarie\/wp-json\/wp\/v2\/product"}],"about":[{"href":"https:\/\/alfaomega.tv\/librarie\/wp-json\/wp\/v2\/types\/product"}],"wp:featuredmedia":[{"embeddable":true,"href":"https:\/\/alfaomega.tv\/librarie\/wp-json\/wp\/v2\/media\/29966"}],"wp:attachment":[{"href":"https:\/\/alfaomega.tv\/librarie\/wp-json\/wp\/v2\/media?parent=36029"}],"wp:term":[{"taxonomy":"product_brand","embeddable":true,"href":"https:\/\/alfaomega.tv\/librarie\/wp-json\/wp\/v2\/product_brand?post=36029"},{"taxonomy":"product_cat","embeddable":true,"href":"https:\/\/alfaomega.tv\/librarie\/wp-json\/wp\/v2\/product_cat?post=36029"},{"taxonomy":"product_tag","embeddable":true,"href":"https:\/\/alfaomega.tv\/librarie\/wp-json\/wp\/v2\/product_tag?post=36029"}],"curies":[{"name":"wp","href":"https:\/\/api.w.org\/{rel}","templated":true}]}}