{"id":36031,"date":"2025-08-29T13:00:53","date_gmt":"2025-08-29T13:00:53","guid":{"rendered":"https:\/\/alfaomega.tv\/librarie\/?post_type=product&#038;p=36031"},"modified":"2025-09-03T12:15:15","modified_gmt":"2025-09-03T12:15:15","slug":"cum-poate-fi-folosita-autoritatea-credinciosului","status":"publish","type":"product","link":"https:\/\/alfaomega.tv\/librarie\/produse\/identitate-crestere-spirituala-revelatie\/cum-poate-fi-folosita-autoritatea-credinciosului\/","title":{"rendered":"Cum poate fi folosit\u0103 autoritatea credinciosului"},"content":{"rendered":"<p>Autoritatea este puterea delegat\u0103<\/p>\n<p>Isus a delegat autoritatea pe p\u0103m\u00e2nt trupului S\u0103u de pe p\u0103m\u00e2nt. \u00cen\u021belegerea acestei autorit\u0103\u021bi este de cea mai mare importan\u021b\u0103 \u00een colaborarea cu Dumnezeu \u00een rug\u0103ciune \u00een vremurile din urm\u0103. Cre\u0219tinii au autoritatea de a-l \u00eempiedica pe Satana s\u0103 fac\u0103 ravagii \u00een casele \u0219i familiile lor. Oriunde for\u021bele demonice sunt vinovate, avem autoritatea de a le \u021bine la distan\u021b\u0103. Dar credincio\u0219ii trebuie s\u0103 \u0219tie despre aceasta. \u0218i trebuie s\u0103 \u0219tie cum s\u0103 ac\u021bioneze \u00een baza acestei autorit\u0103\u021bi. \u00cen anii 1980, Kenneth E. Hagin i-a spus lui Billye Brim: \u201eAt\u00e2ta timp c\u00e2t e\u0219ti \u00een aceast\u0103 lume, nu po\u021bi \u00eempiedica formarea armelor \u00eempotriva ta, dar po\u021bi \u00eempiedica prosperarea lor.\u201d De atunci, ea a studiat subiectul autorit\u0103\u021bii credinciosului \u0219i a \u00eenv\u0103\u021bat s\u0103 o foloseasc\u0103 \u00een propria via\u021b\u0103, familie \u0219i lucrare. \u00cen aceast\u0103 edi\u021bie special\u0103, dr. Billye Brim ofer\u0103 instruc\u021biuni practice din Cuv\u00e2ntul lui Dumnezeu despre cum putem s\u0103 ne ridic\u0103m \u00een autoritatea \u0219i puterea care ne apar\u021bin, pentru a \u00eemplini lucrarea pe care Dumnezeu a inten\u021bionat s\u0103 o facem pe p\u0103m\u00e2nt.<\/p>\n","protected":false},"excerpt":{"rendered":"<p>Autoritatea este puterea delegat\u0103 Isus a delegat autoritatea pe p\u0103m\u00e2nt trupului S\u0103u de pe p\u0103m\u00e2nt. \u00cen\u021belegerea acestei autorit\u0103\u021bi este de cea mai mare importan\u021b\u0103 \u00een colaborarea cu Dumnezeu \u00een rug\u0103ciune \u00een vremurile din urm\u0103. Cre\u0219tinii au autoritatea de a-l \u00eempiedica pe Satana s\u0103 fac\u0103 ravagii \u00een casele \u0219i familiile lor. Oriunde for\u021bele demonice sunt vinovate, [&hellip;]<\/p>\n","protected":false},"featured_media":29971,"template":"","meta":{"_acf_changed":false},"product_brand":[],"product_cat":[21],"product_tag":[],"class_list":{"0":"post-36031","1":"product","2":"type-product","3":"status-publish","4":"has-post-thumbnail","6":"product_cat-identitate-crestere-spirituala-revelatie","7":"pa_autori-billye-brim","8":"pa_format-carte-tiparita","9":"pa_format-carte-electronica","11":"first","12":"instock","13":"shipping-taxable","14":"purchasable","15":"product-type-variable"},"acf":[],"_links":{"self":[{"href":"https:\/\/alfaomega.tv\/librarie\/wp-json\/wp\/v2\/product\/36031","targetHints":{"allow":["GET"]}}],"collection":[{"href":"https:\/\/alfaomega.tv\/librarie\/wp-json\/wp\/v2\/product"}],"about":[{"href":"https:\/\/alfaomega.tv\/librarie\/wp-json\/wp\/v2\/types\/product"}],"wp:featuredmedia":[{"embeddable":true,"href":"https:\/\/alfaomega.tv\/librarie\/wp-json\/wp\/v2\/media\/29971"}],"wp:attachment":[{"href":"https:\/\/alfaomega.tv\/librarie\/wp-json\/wp\/v2\/media?parent=36031"}],"wp:term":[{"taxonomy":"product_brand","embeddable":true,"href":"https:\/\/alfaomega.tv\/librarie\/wp-json\/wp\/v2\/product_brand?post=36031"},{"taxonomy":"product_cat","embeddable":true,"href":"https:\/\/alfaomega.tv\/librarie\/wp-json\/wp\/v2\/product_cat?post=36031"},{"taxonomy":"product_tag","embeddable":true,"href":"https:\/\/alfaomega.tv\/librarie\/wp-json\/wp\/v2\/product_tag?post=36031"}],"curies":[{"name":"wp","href":"https:\/\/api.w.org\/{rel}","templated":true}]}}