{"id":36037,"date":"2025-08-29T13:00:53","date_gmt":"2025-08-29T13:00:53","guid":{"rendered":"https:\/\/alfaomega.tv\/librarie\/?post_type=product&#038;p=36037"},"modified":"2025-12-17T11:24:37","modified_gmt":"2025-12-17T11:24:37","slug":"curatirea-si-aprinderea-lucrarii-profetice","status":"publish","type":"product","link":"https:\/\/alfaomega.tv\/librarie\/produse\/identitate-crestere-spirituala-revelatie\/curatirea-si-aprinderea-lucrarii-profetice\/","title":{"rendered":"Cur\u0103\u021birea \u0219i aprinderea lucr\u0103rii profetice"},"content":{"rendered":"<p>DUMNEZEU RIDIC\u0102 O MI\u0218CARE PROFETIC\u0102 CURAT\u0102 \u0218I PUTERNIC\u0102!<\/p>\n<p>\u00cen noua sa carte, Jeremiah Johnson abordeaz\u0103 cu \u00eendr\u0103zneal\u0103 acele domenii ale lucr\u0103rii profetice care au fost otr\u0103vite. Prin \u00eenv\u0103\u021b\u0103turi clare, exemple practice \u0219i m\u0103rturii personale, el prezint\u0103 o viziune conving\u0103toare cu privire la viitor, c\u00e2nd poporul lui Dumnezeu va folosi o expresie curat\u0103, nou testamentar\u0103 a lucr\u0103rii profetice.<\/p>\n<p>Vei \u00eenv\u0103\u021ba \u00een cartea de fa\u021b\u0103 s\u0103 auzi ce spune Cerul \u0219i s\u0103 profe\u021be\u0219ti cu o putere, o \u00eendr\u0103zneal\u0103 \u0219i o autoritate care produc rezultate. Descoper\u0103 cum s\u0103:<\/p>\n<ul>\n<li>Identifici ereziile periculoase care \u00eempiedic\u0103 eliberarea complet\u0103 a puterii lui Dumnezeu \u0219i cum s\u0103 te \u00eempotrive\u0219ti acestora.<\/li>\n<li>\u00cen\u021belegi expresiile profetice diferite prezentate \u00een Scripturi.<\/li>\n<li>Recuno\u0219ti binecuv\u00e2nt\u0103rile \u00een egal\u0103 m\u0103sur\u0103 at\u00e2t a cuvintelor profetice pozitive, c\u00e2t \u0219i a celor confruntative.<\/li>\n<li>Evi\u021bi cea mai mare amenin\u021bare la adresa mi\u0219c\u0103rii profetice contemporane.<\/li>\n<li>Cre\u0219ti \u00een ceea ce \u00eenseamn\u0103 impact, putere \u0219i autoritate profetice maturiz\u00e2ndu-te.<\/li>\n<li>Te \u00eempotrive\u0219ti celor 10 capcane care au ca scop contaminarea ungerii profetice.<\/li>\n<\/ul>\n<p>Fie c\u0103 e\u0219ti un profet sau operezi \u00een darul profetic, aceste cuvinte te pot proteja de o mare \u00een\u0219el\u0103ciune, conduc\u00e2ndu-te la urm\u0103torul nivel de putere pe care Dumnezeu vrea s-o manifeste prin poporul S\u0103u.<\/p>\n","protected":false},"excerpt":{"rendered":"<p>DUMNEZEU RIDIC\u0102 O MI\u0218CARE PROFETIC\u0102 CURAT\u0102 \u0218I PUTERNIC\u0102! \u00cen noua sa carte, Jeremiah Johnson abordeaz\u0103 cu \u00eendr\u0103zneal\u0103 acele domenii ale lucr\u0103rii profetice care au fost otr\u0103vite. Prin \u00eenv\u0103\u021b\u0103turi clare, exemple practice \u0219i m\u0103rturii personale, el prezint\u0103 o viziune conving\u0103toare cu privire la viitor, c\u00e2nd poporul lui Dumnezeu va folosi o expresie curat\u0103, nou testamentar\u0103 a [&hellip;]<\/p>\n","protected":false},"featured_media":29984,"template":"","meta":{"_acf_changed":false},"product_brand":[],"product_cat":[21],"product_tag":[],"class_list":{"0":"post-36037","1":"product","2":"type-product","3":"status-publish","4":"has-post-thumbnail","6":"product_cat-identitate-crestere-spirituala-revelatie","7":"pa_autori-jeremiah-johnson","8":"pa_format-carte-tiparita","10":"first","11":"instock","12":"shipping-taxable","13":"purchasable","14":"product-type-variable","15":"has-default-attributes"},"acf":[],"_links":{"self":[{"href":"https:\/\/alfaomega.tv\/librarie\/wp-json\/wp\/v2\/product\/36037","targetHints":{"allow":["GET"]}}],"collection":[{"href":"https:\/\/alfaomega.tv\/librarie\/wp-json\/wp\/v2\/product"}],"about":[{"href":"https:\/\/alfaomega.tv\/librarie\/wp-json\/wp\/v2\/types\/product"}],"wp:featuredmedia":[{"embeddable":true,"href":"https:\/\/alfaomega.tv\/librarie\/wp-json\/wp\/v2\/media\/29984"}],"wp:attachment":[{"href":"https:\/\/alfaomega.tv\/librarie\/wp-json\/wp\/v2\/media?parent=36037"}],"wp:term":[{"taxonomy":"product_brand","embeddable":true,"href":"https:\/\/alfaomega.tv\/librarie\/wp-json\/wp\/v2\/product_brand?post=36037"},{"taxonomy":"product_cat","embeddable":true,"href":"https:\/\/alfaomega.tv\/librarie\/wp-json\/wp\/v2\/product_cat?post=36037"},{"taxonomy":"product_tag","embeddable":true,"href":"https:\/\/alfaomega.tv\/librarie\/wp-json\/wp\/v2\/product_tag?post=36037"}],"curies":[{"name":"wp","href":"https:\/\/api.w.org\/{rel}","templated":true}]}}