{"id":36043,"date":"2025-08-29T13:01:03","date_gmt":"2025-08-29T13:01:03","guid":{"rendered":"https:\/\/alfaomega.tv\/librarie\/?post_type=product&#038;p=36043"},"modified":"2025-08-29T13:02:06","modified_gmt":"2025-08-29T13:02:06","slug":"traieste-fara-a-fi-ofensat","status":"publish","type":"product","link":"https:\/\/alfaomega.tv\/librarie\/produse\/identitate-crestere-spirituala-revelatie\/traieste-fara-a-fi-ofensat\/","title":{"rendered":"Tr\u0103ie\u0219te f\u0103r\u0103 a fi ofensat"},"content":{"rendered":"<p class=\"p1\">De-a lungul anilor, am avut privilegiul distinct de a observa via\u021ba \u0219i slujirea Patriciei King. Am observat cum ea \u0219i-a luat crucea, a murit fa\u021b\u0103 de sine \u0219i a tr\u0103it pentru Hristos. Am v\u0103zut cum ea a ales, ca pu\u021bini al\u021bii, s\u0103 duc\u0103 un \u201er\u0103zboi al iubirii\u201d, s\u0103 ierte \u0219i s\u0103 lupte de dragul celorlal\u021bi. Ei nu-i pas\u0103 dac\u0103 c\u00e2\u0219tig\u0103 disputa, ea vrea ca cauza lui Hristos s\u0103 progreseze \u0219i ca Isus s\u0103 c\u00e2\u0219tige recompensele suferin\u021belor Sale.<\/p>\n<p class=\"p3\">Patricia este cunoscut\u0103 \u00een \u00eentreaga lume pentru duhul ei de pionierat \u00een evanghelizarea profetic\u0103, influen\u021ba vast\u0103 \u00een domeniul mass media, munca de pionierat \u00een biserica online, deschiderea de drumuri pentru ca alte femei s\u0103 ias\u0103 la suprafa\u021b\u0103 \u00een slujire \u0219i conducere, unirea genera\u021biilor \u0219i multe altele! Ea \u00ee\u0219i \u00eemp\u0103rt\u0103\u0219e\u0219te mereu platforma cu un nou lider \u00een curs de dezvoltare \u00eentr-o anumit\u0103 parte a lumii. \u00cemi place asta la Patricia King. Tuturor ne place acest lucru la acest \u00eenainte-merg\u0103tor \u00een Hristos Isus.<\/p>\n<p><em>Cuv\u00e2nt \u00eenainte de James W. Goll<\/em><\/p>\n","protected":false},"excerpt":{"rendered":"<p>De-a lungul anilor, am avut privilegiul distinct de a observa via\u021ba \u0219i slujirea Patriciei King. Am observat cum ea \u0219i-a luat crucea, a murit fa\u021b\u0103 de sine \u0219i a tr\u0103it pentru Hristos. Am v\u0103zut cum ea a ales, ca pu\u021bini al\u021bii, s\u0103 duc\u0103 un \u201er\u0103zboi al iubirii\u201d, s\u0103 ierte \u0219i s\u0103 lupte de dragul celorlal\u021bi. [&hellip;]<\/p>\n","protected":false},"featured_media":29995,"template":"","meta":{"_acf_changed":false},"product_brand":[],"product_cat":[21],"product_tag":[],"class_list":{"0":"post-36043","1":"product","2":"type-product","3":"status-publish","4":"has-post-thumbnail","6":"product_cat-identitate-crestere-spirituala-revelatie","7":"pa_autori-patricia-king","8":"pa_format-carte-tiparita","9":"pa_format-carte-electronica","11":"first","12":"instock","13":"shipping-taxable","14":"purchasable","15":"product-type-variable"},"acf":[],"_links":{"self":[{"href":"https:\/\/alfaomega.tv\/librarie\/wp-json\/wp\/v2\/product\/36043","targetHints":{"allow":["GET"]}}],"collection":[{"href":"https:\/\/alfaomega.tv\/librarie\/wp-json\/wp\/v2\/product"}],"about":[{"href":"https:\/\/alfaomega.tv\/librarie\/wp-json\/wp\/v2\/types\/product"}],"wp:featuredmedia":[{"embeddable":true,"href":"https:\/\/alfaomega.tv\/librarie\/wp-json\/wp\/v2\/media\/29995"}],"wp:attachment":[{"href":"https:\/\/alfaomega.tv\/librarie\/wp-json\/wp\/v2\/media?parent=36043"}],"wp:term":[{"taxonomy":"product_brand","embeddable":true,"href":"https:\/\/alfaomega.tv\/librarie\/wp-json\/wp\/v2\/product_brand?post=36043"},{"taxonomy":"product_cat","embeddable":true,"href":"https:\/\/alfaomega.tv\/librarie\/wp-json\/wp\/v2\/product_cat?post=36043"},{"taxonomy":"product_tag","embeddable":true,"href":"https:\/\/alfaomega.tv\/librarie\/wp-json\/wp\/v2\/product_tag?post=36043"}],"curies":[{"name":"wp","href":"https:\/\/api.w.org\/{rel}","templated":true}]}}