{"id":36045,"date":"2025-08-29T13:01:03","date_gmt":"2025-08-29T13:01:03","guid":{"rendered":"https:\/\/alfaomega.tv\/librarie\/?post_type=product&#038;p=36045"},"modified":"2025-09-01T08:55:15","modified_gmt":"2025-09-01T08:55:15","slug":"transformarea-natiunilor-prin-case-de-rugaciune","status":"publish","type":"product","link":"https:\/\/alfaomega.tv\/librarie\/produse\/identitate-crestere-spirituala-revelatie\/transformarea-natiunilor-prin-case-de-rugaciune\/","title":{"rendered":"Transformarea na\u021biunilor prin case de rug\u0103ciune"},"content":{"rendered":"<p>Cartea \u201eTransformarea na\u021biunilor prin case de rug\u0103ciune\u201d subliniaz\u0103 faptul c\u0103 nu casele de rug\u0103ciune, sau transformarea ora\u0219elor \u0219i na\u021biunilor sunt principalul lucru. Nici m\u0103car \u00eenchinarea sau rug\u0103ciunea. Lucrul principal este \u00censu\u0219i Domnul nostru. Numai prezen\u021ba Sa poate transforma pe termen lung un ora\u0219 sau o na\u021biune. Cartea de fa\u021b\u0103 caut\u0103 s\u0103 ajute la preg\u0103tirea unui loc de odihn\u0103 pentru El \u00een ora\u0219ul, na\u021biunea &#8211; \u0219i inima \u2013 noastr\u0103.<\/p>\n","protected":false},"excerpt":{"rendered":"<p>Cartea \u201eTransformarea na\u021biunilor prin case de rug\u0103ciune\u201d subliniaz\u0103 faptul c\u0103 nu casele de rug\u0103ciune, sau transformarea ora\u0219elor \u0219i na\u021biunilor sunt principalul lucru. Nici m\u0103car \u00eenchinarea sau rug\u0103ciunea. Lucrul principal este \u00censu\u0219i Domnul nostru. Numai prezen\u021ba Sa poate transforma pe termen lung un ora\u0219 sau o na\u021biune. Cartea de fa\u021b\u0103 caut\u0103 s\u0103 ajute la preg\u0103tirea unui [&hellip;]<\/p>\n","protected":false},"featured_media":30001,"template":"","meta":{"_acf_changed":false},"product_brand":[],"product_cat":[21],"product_tag":[],"class_list":{"0":"post-36045","1":"product","2":"type-product","3":"status-publish","4":"has-post-thumbnail","6":"product_cat-identitate-crestere-spirituala-revelatie","7":"pa_autori-rick-patricia-ridings","8":"pa_format-carte-tiparita","9":"pa_format-carte-electronica","11":"first","12":"instock","13":"shipping-taxable","14":"purchasable","15":"product-type-variable"},"acf":[],"_links":{"self":[{"href":"https:\/\/alfaomega.tv\/librarie\/wp-json\/wp\/v2\/product\/36045","targetHints":{"allow":["GET"]}}],"collection":[{"href":"https:\/\/alfaomega.tv\/librarie\/wp-json\/wp\/v2\/product"}],"about":[{"href":"https:\/\/alfaomega.tv\/librarie\/wp-json\/wp\/v2\/types\/product"}],"wp:featuredmedia":[{"embeddable":true,"href":"https:\/\/alfaomega.tv\/librarie\/wp-json\/wp\/v2\/media\/30001"}],"wp:attachment":[{"href":"https:\/\/alfaomega.tv\/librarie\/wp-json\/wp\/v2\/media?parent=36045"}],"wp:term":[{"taxonomy":"product_brand","embeddable":true,"href":"https:\/\/alfaomega.tv\/librarie\/wp-json\/wp\/v2\/product_brand?post=36045"},{"taxonomy":"product_cat","embeddable":true,"href":"https:\/\/alfaomega.tv\/librarie\/wp-json\/wp\/v2\/product_cat?post=36045"},{"taxonomy":"product_tag","embeddable":true,"href":"https:\/\/alfaomega.tv\/librarie\/wp-json\/wp\/v2\/product_tag?post=36045"}],"curies":[{"name":"wp","href":"https:\/\/api.w.org\/{rel}","templated":true}]}}