{"id":36047,"date":"2025-08-29T13:01:03","date_gmt":"2025-08-29T13:01:03","guid":{"rendered":"https:\/\/alfaomega.tv\/librarie\/?post_type=product&#038;p=36047"},"modified":"2025-10-23T08:51:39","modified_gmt":"2025-10-23T08:51:39","slug":"compania-lui-mica","status":"publish","type":"product","link":"https:\/\/alfaomega.tv\/librarie\/produse\/identitate-crestere-spirituala-revelatie\/compania-lui-mica\/","title":{"rendered":"Compania lui Mica"},"content":{"rendered":"<p>Ne-ar fi greu s\u0103 ne imagin\u0103m o perioad\u0103 de timp \u00een care Trupul lui Hristos s\u0103 fi avut o nevoie mai mare dec\u00e2t acum de o lucrare profetic\u0103 sigur\u0103, \u00eentemeiat\u0103 pe Biblie \u0219i precis\u0103. Am v\u0103zut, \u00een mod tragic, o list\u0103 lung\u0103 de profe\u021bii, de la cuvinte personale la cuvinte rostite peste na\u021biuni \u0219i peste \u00eentreaga lume, nefiind \u00eemplinite. Cu siguran\u021b\u0103 este nevoie de o reform\u0103 profetic\u0103.<\/p>\n<p>A\u0219a cum Mica a stat \u00eempotriva a 400 de profe\u021bi care le spuneau \u00eemp\u0103ra\u021bilor cuvinte \u00een\u0219el\u0103toare, R. Loren Sandford \u0219i Jeremiah Johnson anticipeaz\u0103 ridicarea unei companii de oameni ca Mica, echipa\u021bi \u00een pustie, \u00eenr\u0103d\u0103cina\u021bi \u00een Cuv\u00e2ntul lui Dumnezeu \u0219i care caut\u0103 o intimitate profund\u0103 cu Isus. Pe unii, cartea de fa\u021b\u0103 \u00eei va tulbura, iar pe cei mai mul\u021bi \u00eei va \u00eencuraja profund. S\u0103 se ridice compania oamenilor ca Mica!<\/p>\n","protected":false},"excerpt":{"rendered":"<p>Ne-ar fi greu s\u0103 ne imagin\u0103m o perioad\u0103 de timp \u00een care Trupul lui Hristos s\u0103 fi avut o nevoie mai mare dec\u00e2t acum de o lucrare profetic\u0103 sigur\u0103, \u00eentemeiat\u0103 pe Biblie \u0219i precis\u0103. Am v\u0103zut, \u00een mod tragic, o list\u0103 lung\u0103 de profe\u021bii, de la cuvinte personale la cuvinte rostite peste na\u021biuni \u0219i peste [&hellip;]<\/p>\n","protected":false},"featured_media":30004,"template":"","meta":{"_acf_changed":false},"product_brand":[],"product_cat":[21],"product_tag":[],"class_list":{"0":"post-36047","1":"product","2":"type-product","3":"status-publish","4":"has-post-thumbnail","6":"product_cat-identitate-crestere-spirituala-revelatie","7":"pa_autori-jeremiah-johnson","8":"pa_format-carte-tiparita","9":"pa_format-carte-electronica","11":"first","12":"instock","13":"shipping-taxable","14":"purchasable","15":"product-type-variable"},"acf":[],"_links":{"self":[{"href":"https:\/\/alfaomega.tv\/librarie\/wp-json\/wp\/v2\/product\/36047","targetHints":{"allow":["GET"]}}],"collection":[{"href":"https:\/\/alfaomega.tv\/librarie\/wp-json\/wp\/v2\/product"}],"about":[{"href":"https:\/\/alfaomega.tv\/librarie\/wp-json\/wp\/v2\/types\/product"}],"wp:featuredmedia":[{"embeddable":true,"href":"https:\/\/alfaomega.tv\/librarie\/wp-json\/wp\/v2\/media\/30004"}],"wp:attachment":[{"href":"https:\/\/alfaomega.tv\/librarie\/wp-json\/wp\/v2\/media?parent=36047"}],"wp:term":[{"taxonomy":"product_brand","embeddable":true,"href":"https:\/\/alfaomega.tv\/librarie\/wp-json\/wp\/v2\/product_brand?post=36047"},{"taxonomy":"product_cat","embeddable":true,"href":"https:\/\/alfaomega.tv\/librarie\/wp-json\/wp\/v2\/product_cat?post=36047"},{"taxonomy":"product_tag","embeddable":true,"href":"https:\/\/alfaomega.tv\/librarie\/wp-json\/wp\/v2\/product_tag?post=36047"}],"curies":[{"name":"wp","href":"https:\/\/api.w.org\/{rel}","templated":true}]}}