{"id":36049,"date":"2025-08-29T13:01:04","date_gmt":"2025-08-29T13:01:04","guid":{"rendered":"https:\/\/alfaomega.tv\/librarie\/?post_type=product&#038;p=36049"},"modified":"2025-12-17T11:23:57","modified_gmt":"2025-12-17T11:23:57","slug":"ridicarea-celui-ce-va-birui","status":"publish","type":"product","link":"https:\/\/alfaomega.tv\/librarie\/produse\/identitate-crestere-spirituala-revelatie\/ridicarea-celui-ce-va-birui\/","title":{"rendered":"Ridicarea celui ce va birui"},"content":{"rendered":"<p>Biruin\u021ba nu este o \u021bint\u0103 final\u0103, ci o c\u0103utare zilnic\u0103. \u201eRidicarea celui ce va birui\u201d v\u0103 va echipa cu secrete practice pe care s\u0103 le pute\u021bi aplica \u00een via\u021ba de zi cu zi pentru o c\u0103l\u0103torie de succes, care s\u0103 v\u0103 aduc\u0103 \u00eemplinire.<\/p>\n<ul>\n<li>Descoperi\u021bi adev\u0103rul despre scopul vostru unic \u0219i dob\u00e2ndi\u021bi \u00een\u021belepciunea de a p\u0103\u0219i \u00een acesta.<\/li>\n<li>\u00cenv\u0103\u021ba\u021bi s\u0103 prospera\u021bi \u00een darurile, talentele \u0219i chem\u0103rile date de Dumnezeu.<\/li>\n<li>Dezvolta\u021bi pa\u0219i pentru a v\u0103 cre\u0219te influen\u021ba \u0219i a v\u0103 transforma lumea.<\/li>\n<li>\u00cen\u021belege\u021bi cum s\u0103 vindeca\u021bi \u0219i s\u0103 v\u0103 desc\u0103tu\u0219a\u021bi poten\u021bialul pentru m\u0103re\u021bie.<\/li>\n<li>Identifica\u021bi obstacole \u0219i strategii pentru a le dep\u0103\u0219i.<\/li>\n<li>Ob\u021bine\u021bi \u00eencrederea, hot\u0103r\u00e2rea \u0219i concentra\u021bi-v\u0103 pentru a v\u0103 cre\u0219te la maximum \u0219ansele de succes \u00een via\u021b\u0103.<\/li>\n<\/ul>\n<p>Ast\u0103zi, noi trebuie s\u0103 dezvolt\u0103m inima unui campion! Descuie campionul interior \u0219i devino ceea ce ai fost menit s\u0103 fii.<\/p>\n","protected":false},"excerpt":{"rendered":"<p>Biruin\u021ba nu este o \u021bint\u0103 final\u0103, ci o c\u0103utare zilnic\u0103. \u201eRidicarea celui ce va birui\u201d v\u0103 va echipa cu secrete practice pe care s\u0103 le pute\u021bi aplica \u00een via\u021ba de zi cu zi pentru o c\u0103l\u0103torie de succes, care s\u0103 v\u0103 aduc\u0103 \u00eemplinire. Descoperi\u021bi adev\u0103rul despre scopul vostru unic \u0219i dob\u00e2ndi\u021bi \u00een\u021belepciunea de a p\u0103\u0219i [&hellip;]<\/p>\n","protected":false},"featured_media":30008,"template":"","meta":{"_acf_changed":false},"product_brand":[],"product_cat":[21],"product_tag":[],"class_list":{"0":"post-36049","1":"product","2":"type-product","3":"status-publish","4":"has-post-thumbnail","6":"product_cat-identitate-crestere-spirituala-revelatie","7":"pa_autori-robyn-f-vincent","8":"pa_format-carte-tiparita","9":"pa_format-carte-electronica","11":"first","12":"instock","13":"shipping-taxable","14":"purchasable","15":"product-type-variable"},"acf":[],"_links":{"self":[{"href":"https:\/\/alfaomega.tv\/librarie\/wp-json\/wp\/v2\/product\/36049","targetHints":{"allow":["GET"]}}],"collection":[{"href":"https:\/\/alfaomega.tv\/librarie\/wp-json\/wp\/v2\/product"}],"about":[{"href":"https:\/\/alfaomega.tv\/librarie\/wp-json\/wp\/v2\/types\/product"}],"wp:featuredmedia":[{"embeddable":true,"href":"https:\/\/alfaomega.tv\/librarie\/wp-json\/wp\/v2\/media\/30008"}],"wp:attachment":[{"href":"https:\/\/alfaomega.tv\/librarie\/wp-json\/wp\/v2\/media?parent=36049"}],"wp:term":[{"taxonomy":"product_brand","embeddable":true,"href":"https:\/\/alfaomega.tv\/librarie\/wp-json\/wp\/v2\/product_brand?post=36049"},{"taxonomy":"product_cat","embeddable":true,"href":"https:\/\/alfaomega.tv\/librarie\/wp-json\/wp\/v2\/product_cat?post=36049"},{"taxonomy":"product_tag","embeddable":true,"href":"https:\/\/alfaomega.tv\/librarie\/wp-json\/wp\/v2\/product_tag?post=36049"}],"curies":[{"name":"wp","href":"https:\/\/api.w.org\/{rel}","templated":true}]}}