{"id":36051,"date":"2025-08-29T13:01:04","date_gmt":"2025-08-29T13:01:04","guid":{"rendered":"https:\/\/alfaomega.tv\/librarie\/?post_type=product&#038;p=36051"},"modified":"2025-09-02T11:56:51","modified_gmt":"2025-09-02T11:56:51","slug":"dragoste-identitate-si-scop","status":"publish","type":"product","link":"https:\/\/alfaomega.tv\/librarie\/produse\/identitate-crestere-spirituala-revelatie\/dragoste-identitate-si-scop\/","title":{"rendered":"Dragoste, identitate \u0219i scop"},"content":{"rendered":"<p>De-a lungul secolelor, omul s-a luptat \u00eentotdeauna cu \u00eentrebarea referitoare la \u201esensul vie\u021bii\u201d. \u00cen vederea acestui aspect, el poate avea \u00eentreb\u0103ri cu privire la esen\u021ba vie\u021bii, la scopul vie\u021bii, dac\u0103 ceva conteaz\u0103 \u0219i \u00een ce fel o face sau despre o sumedenie de alte lucruri. Cu toate acestea, \u00een esen\u021b\u0103 se \u00eentreab\u0103:<\/p>\n<p>Cine sunt? De ce exist? Sunt vrednic s\u0103 fiu iubit?<\/p>\n<p>Vestea bun\u0103 este c\u0103 Dumnezeu r\u0103spunde omenirii la aceste \u00eentreb\u0103ri, iar planul S\u0103u a fost \u00eentotdeauna ca TU s\u0103 experimentezi via\u021ba minunat\u0103 pe care a creat-o cu at\u00e2ta pasiune s\u0103 o duci pe acest p\u0103m\u00e2nt \u0219i \u00een eternitate. R\u00e2nduit \u00eenc\u0103 dinainte de \u00eentemeierea lumii, ai fost ales \u00een El s\u0103 umbli \u00een Dragoste, identitate \u0219i scop pe m\u0103sur\u0103 ce p\u0103\u0219e\u0219ti \u00een comuniune \u0219i o rela\u021bie personal\u0103 cu Isus Hristos.<\/p>\n<p>Al\u0103tur\u0103-te lui Terry Moore \u00een aceast\u0103 c\u0103l\u0103torie minunat\u0103 de descoperire a adev\u0103ratei tale identit\u0103\u021bii \u00een care te va purta. Vei descoperi c\u0103 ceea ce face cartea de fa\u021b\u0103 s\u0103 fie \u00een mod unic at\u00e2t de plin\u0103 de putere este \u00een\u021belegerea c\u0103 face referire la c\u0103l\u0103toria ta personal\u0103. Pe m\u0103sur\u0103 ce vei \u00eenainta printre paginile c\u0103r\u021bii te va impresiona profunzimea revela\u021biei dragostei statornice a lui Dumnezeu \u0219i vei \u00eencepe s\u0103 umbli \u00eentr-o nou\u0103 libertate \u0219i \u00een plin\u0103tatea destinului preg\u0103tit de El pentru tine.<\/p>\n<p>&nbsp;<\/p>\n<p>&nbsp;<\/p>\n","protected":false},"excerpt":{"rendered":"<p>Cum s\u0103 ne g\u0103sim scopul \u00een identitatea noastr\u0103 de copii ai lui Dumnezeu<\/p>\n","protected":false},"featured_media":30143,"template":"","meta":{"_acf_changed":false},"product_brand":[],"product_cat":[21],"product_tag":[],"class_list":{"0":"post-36051","1":"product","2":"type-product","3":"status-publish","4":"has-post-thumbnail","6":"product_cat-identitate-crestere-spirituala-revelatie","7":"pa_autori-terry-moore","8":"pa_format-carte-tiparita","9":"pa_format-carte-electronica","11":"first","12":"instock","13":"shipping-taxable","14":"purchasable","15":"product-type-variable"},"acf":[],"_links":{"self":[{"href":"https:\/\/alfaomega.tv\/librarie\/wp-json\/wp\/v2\/product\/36051","targetHints":{"allow":["GET"]}}],"collection":[{"href":"https:\/\/alfaomega.tv\/librarie\/wp-json\/wp\/v2\/product"}],"about":[{"href":"https:\/\/alfaomega.tv\/librarie\/wp-json\/wp\/v2\/types\/product"}],"wp:featuredmedia":[{"embeddable":true,"href":"https:\/\/alfaomega.tv\/librarie\/wp-json\/wp\/v2\/media\/30143"}],"wp:attachment":[{"href":"https:\/\/alfaomega.tv\/librarie\/wp-json\/wp\/v2\/media?parent=36051"}],"wp:term":[{"taxonomy":"product_brand","embeddable":true,"href":"https:\/\/alfaomega.tv\/librarie\/wp-json\/wp\/v2\/product_brand?post=36051"},{"taxonomy":"product_cat","embeddable":true,"href":"https:\/\/alfaomega.tv\/librarie\/wp-json\/wp\/v2\/product_cat?post=36051"},{"taxonomy":"product_tag","embeddable":true,"href":"https:\/\/alfaomega.tv\/librarie\/wp-json\/wp\/v2\/product_tag?post=36051"}],"curies":[{"name":"wp","href":"https:\/\/api.w.org\/{rel}","templated":true}]}}