{"id":36053,"date":"2025-08-29T13:01:04","date_gmt":"2025-08-29T13:01:04","guid":{"rendered":"https:\/\/alfaomega.tv\/librarie\/?post_type=product&#038;p=36053"},"modified":"2025-11-06T13:21:04","modified_gmt":"2025-11-06T13:21:04","slug":"o-imparatie-triumfatoare","status":"publish","type":"product","link":"https:\/\/alfaomega.tv\/librarie\/produse\/uncategorized\/o-imparatie-triumfatoare\/","title":{"rendered":"O Imp\u0103r\u0103\u021bie triumf\u0103toare"},"content":{"rendered":"<p>Nu am intrat doar \u00eentr-un sezon nou, ci \u00eentr-o nou\u0103 er\u0103 \u00een \u00cemp\u0103r\u0103\u021bia lui Dumnezeu. \u00cen aceast\u0103 er\u0103, primim o identitate nou\u0103. Ca s\u0103 \u00ee\u021bi po\u021bi dezvolta noua ta identitate, trebuie s\u0103 cuno\u0219ti ce spune Domnul despre tine. De aceea, este foarte important s\u0103 \u00een\u021belegem diferen\u021ba dintre \u00cemp\u0103r\u0103\u021bie \u0219i Biseric\u0103.<\/p>\n<p>De fiecare dat\u0103 c\u00e2nd se formeaz\u0103 un nou prototip, apar incertitudini despre cine e\u0219ti \u0219i despre cum va fi exprimat\u0103 credin\u021ba ta. C\u00e2nd s-a format Biserica primar\u0103, perspectiva apostolilor despre \u00eent\u00e2lnirile corporative \u0219i vestirea Evangheliei, a trebuit s\u0103 se schimbe radical, \u0219i totu\u0219i au \u00eenaintat \u00een ciuda \u00eempotrivirii du\u0219manului \u0219i au schimbat lumea. De\u0219i suntem \u00eentr-un mare r\u0103zboi ast\u0103zi, un popor triumf\u0103tor se ridic\u0103 pe p\u0103m\u00e2nt.<\/p>\n<p>Am intrat \u00eentr-o er\u0103 de l\u0103rgire a \u00cemp\u0103r\u0103\u021biei, \u00een care biserica apostolic\u0103 se \u00eendreapt\u0103 spre o nou\u0103 dimensiune.<\/p>\n<p>Aceast\u0103 carte, <em>O \u00cemp\u0103r\u0103\u021bie triumf\u0103toare<\/em>, te va ajuta s\u0103 intri \u00een noul sezon.<\/p>\n<p>&nbsp;<\/p>\n<p>&nbsp;<\/p>\n","protected":false},"excerpt":{"rendered":"<p>Avansarea bisericii apostolice<\/p>\n","protected":false},"featured_media":30150,"template":"","meta":{"_acf_changed":false},"product_brand":[],"product_cat":[15,25],"product_tag":[],"class_list":{"0":"post-36053","1":"product","2":"type-product","3":"status-publish","4":"has-post-thumbnail","6":"product_cat-uncategorized","7":"product_cat-restaurare-vindecare-eliberare","8":"pa_autori-chuck-d-pierce","9":"pa_autori-robert-d-heidler","10":"pa_format-carte-tiparita","11":"pa_format-carte-electronica","13":"first","14":"instock","15":"shipping-taxable","16":"purchasable","17":"product-type-variable"},"acf":[],"_links":{"self":[{"href":"https:\/\/alfaomega.tv\/librarie\/wp-json\/wp\/v2\/product\/36053","targetHints":{"allow":["GET"]}}],"collection":[{"href":"https:\/\/alfaomega.tv\/librarie\/wp-json\/wp\/v2\/product"}],"about":[{"href":"https:\/\/alfaomega.tv\/librarie\/wp-json\/wp\/v2\/types\/product"}],"wp:featuredmedia":[{"embeddable":true,"href":"https:\/\/alfaomega.tv\/librarie\/wp-json\/wp\/v2\/media\/30150"}],"wp:attachment":[{"href":"https:\/\/alfaomega.tv\/librarie\/wp-json\/wp\/v2\/media?parent=36053"}],"wp:term":[{"taxonomy":"product_brand","embeddable":true,"href":"https:\/\/alfaomega.tv\/librarie\/wp-json\/wp\/v2\/product_brand?post=36053"},{"taxonomy":"product_cat","embeddable":true,"href":"https:\/\/alfaomega.tv\/librarie\/wp-json\/wp\/v2\/product_cat?post=36053"},{"taxonomy":"product_tag","embeddable":true,"href":"https:\/\/alfaomega.tv\/librarie\/wp-json\/wp\/v2\/product_tag?post=36053"}],"curies":[{"name":"wp","href":"https:\/\/api.w.org\/{rel}","templated":true}]}}