{"id":36054,"date":"2025-08-29T13:01:04","date_gmt":"2025-08-29T13:01:04","guid":{"rendered":"https:\/\/alfaomega.tv\/librarie\/?post_type=product&#038;p=36054"},"modified":"2025-10-20T10:03:15","modified_gmt":"2025-10-20T10:03:15","slug":"conectarea-cu-dumnezeu","status":"publish","type":"product","link":"https:\/\/alfaomega.tv\/librarie\/produse\/identitate-crestere-spirituala-revelatie\/conectarea-cu-dumnezeu\/","title":{"rendered":"Conectarea cu Dumnezeu"},"content":{"rendered":"<p>De la crearea p\u0103m\u00e2ntului, dorin\u021ba lui Dumnezeu este s\u0103 aib\u0103 conectare regulat\u0103 \u0219i intim\u0103 cu cei pe care \u00eei iube\u0219te \u2013 tu \u0219i cu mine. Funda\u021bia pentru oricare rela\u021bie adev\u0103rat\u0103 este comunicarea. Dumnezeu nu a inten\u021bionat niciodat\u0103 ca noi s\u0103 tr\u0103im o via\u021b\u0103 f\u0103r\u0103 s\u0103 avem acces deplin la vocea Lui, dar noi \u00cei respingem adesea vocea deoarece ne g\u00e2ndim c\u0103 \u201eo invent\u0103m\u201d sau tr\u0103im f\u0103r\u0103 s\u0103 fim con\u0219tien\u021bi de numeroasele moduri prin care Dumnezeu vorbe\u0219te. Adev\u0103rul este c\u0103 fiecare fiin\u021b\u0103 uman\u0103 a fost menit\u0103 \u00een duhul, sufletul \u0219i corpul ei s\u0103 se conecteze \u00een mod regulat \u0219i consecvent cu Dumnezeu.<\/p>\n<p>\u00cen aceast\u0103 carte puternic\u0103, Bethany Hicks, pastor, instructor \u0219i autor, te va echipa s\u0103:<\/p>\n<ul>\n<li>Descoperi modurile primare prin care ai fost creat s\u0103 te conectezi cu Dumnezeu.<\/li>\n<li>Extinzi capacitatea de a recunoa\u0219te diferitele moduri \u00een care Dumnezeu \u00ee\u021bi vorbe\u0219te.<\/li>\n<li>Cre\u0219ti \u00eencrederea ta de a discerne vocea Lui \u0219i s\u0103 r\u0103spunzi \u00een mod adecvat.<\/li>\n<\/ul>\n<p>Dumnezeu dore\u0219te ca tu s\u0103 devii \u00eencrez\u0103tor, ca fiu \u0219i fiic\u0103 a Lui, c\u0103 \u00cei cuno\u0219ti vocea. Preg\u0103te\u0219te-te s\u0103 tr\u0103ie\u0219ti \u00een asigurarea deplin\u0103 c\u0103 po\u021bi recunoa\u0219te \u0219i r\u0103spunde la vocea lui Dumnezeu \u0219i s\u0103 tr\u0103ie\u0219ti cu beneficiile complete ale conect\u0103rii tale cu Dumnezeu.<\/p>\n<p>&nbsp;<\/p>\n<p>&nbsp;<\/p>\n","protected":false},"excerpt":{"rendered":"<p>12 moduri \u00een care e\u0219ti menit s\u0103 cuno\u0219ti vocea lui Dumnezeu<\/p>\n","protected":false},"featured_media":30153,"template":"","meta":{"_acf_changed":false},"product_brand":[],"product_cat":[21,15],"product_tag":[],"class_list":{"0":"post-36054","1":"product","2":"type-product","3":"status-publish","4":"has-post-thumbnail","6":"product_cat-identitate-crestere-spirituala-revelatie","7":"product_cat-uncategorized","8":"pa_autori-bethany-hicks","9":"pa_format-carte-tiparita","10":"pa_format-carte-electronica","12":"first","13":"instock","14":"shipping-taxable","15":"purchasable","16":"product-type-variable"},"acf":[],"_links":{"self":[{"href":"https:\/\/alfaomega.tv\/librarie\/wp-json\/wp\/v2\/product\/36054","targetHints":{"allow":["GET"]}}],"collection":[{"href":"https:\/\/alfaomega.tv\/librarie\/wp-json\/wp\/v2\/product"}],"about":[{"href":"https:\/\/alfaomega.tv\/librarie\/wp-json\/wp\/v2\/types\/product"}],"wp:featuredmedia":[{"embeddable":true,"href":"https:\/\/alfaomega.tv\/librarie\/wp-json\/wp\/v2\/media\/30153"}],"wp:attachment":[{"href":"https:\/\/alfaomega.tv\/librarie\/wp-json\/wp\/v2\/media?parent=36054"}],"wp:term":[{"taxonomy":"product_brand","embeddable":true,"href":"https:\/\/alfaomega.tv\/librarie\/wp-json\/wp\/v2\/product_brand?post=36054"},{"taxonomy":"product_cat","embeddable":true,"href":"https:\/\/alfaomega.tv\/librarie\/wp-json\/wp\/v2\/product_cat?post=36054"},{"taxonomy":"product_tag","embeddable":true,"href":"https:\/\/alfaomega.tv\/librarie\/wp-json\/wp\/v2\/product_tag?post=36054"}],"curies":[{"name":"wp","href":"https:\/\/api.w.org\/{rel}","templated":true}]}}