{"id":36056,"date":"2025-08-29T13:01:04","date_gmt":"2025-08-29T13:01:04","guid":{"rendered":"https:\/\/alfaomega.tv\/librarie\/?post_type=product&#038;p=36056"},"modified":"2025-10-20T08:55:31","modified_gmt":"2025-10-20T08:55:31","slug":"timpuri-de-restaurare","status":"publish","type":"product","link":"https:\/\/alfaomega.tv\/librarie\/produse\/intelegerea-vremurilor-israel\/timpuri-de-restaurare\/","title":{"rendered":"Timpuri de restaurare"},"content":{"rendered":"<p>Aceast\u0103 carte con\u021bine o serie de \u00eenv\u0103\u021b\u0103turi despre conceptul biblic de \u201eRestaurare\u201d, care a fost tema S\u0103rb\u0103torii Corturilor din Ierusalim, \u00een octombrie 2014, organizat\u0103 de Ambasada Cre\u0219tin\u0103 Interna\u021bional\u0103 din Ierusalim. Descoper\u0103 cum tr\u0103im cu adev\u0103rat vremuri ale restaur\u0103rii. Niciodat\u0103 \u00eenainte Dumnezeu nu a fost at\u00e2t de activ ca \u00een ultimul secol, restaur\u00e2nd ceea ce trebuie restaurat. At\u00e2t Israelul, c\u00e2t \u0219i Biserica au trecut prin perioade extinse de restaurare divin\u0103. Cu siguran\u021b\u0103, Dumnezeu nu a \u00eencheiat acest proces, deoarece Cuv\u00e2ntul lui Dumnezeu ne spune c\u0103 ce e mai bun urmeaz\u0103 s\u0103 vin\u0103! Acestea sunt, cu adev\u0103rat, zile extraordinare pentru a fi \u00een via\u021b\u0103.<\/p>\n<p>&nbsp;<\/p>\n<p>&nbsp;<\/p>\n","protected":false},"excerpt":{"rendered":"<p>Un ghid de \u00eenv\u0103\u021b\u0103tur\u0103 despre restaurarea promis\u0103 a Israelului, bisericii \u0219i a lumii<\/p>\n","protected":false},"featured_media":30159,"template":"","meta":{"_acf_changed":false},"product_brand":[],"product_cat":[24],"product_tag":[],"class_list":{"0":"post-36056","1":"product","2":"type-product","3":"status-publish","4":"has-post-thumbnail","6":"product_cat-intelegerea-vremurilor-israel","7":"pa_autori-david-parsons","8":"pa_autori-juha-ketola","9":"pa_autori-jurgen-buhler","10":"pa_format-carte-tiparita","11":"pa_format-carte-electronica","13":"first","14":"instock","15":"shipping-taxable","16":"purchasable","17":"product-type-variable"},"acf":[],"_links":{"self":[{"href":"https:\/\/alfaomega.tv\/librarie\/wp-json\/wp\/v2\/product\/36056","targetHints":{"allow":["GET"]}}],"collection":[{"href":"https:\/\/alfaomega.tv\/librarie\/wp-json\/wp\/v2\/product"}],"about":[{"href":"https:\/\/alfaomega.tv\/librarie\/wp-json\/wp\/v2\/types\/product"}],"wp:featuredmedia":[{"embeddable":true,"href":"https:\/\/alfaomega.tv\/librarie\/wp-json\/wp\/v2\/media\/30159"}],"wp:attachment":[{"href":"https:\/\/alfaomega.tv\/librarie\/wp-json\/wp\/v2\/media?parent=36056"}],"wp:term":[{"taxonomy":"product_brand","embeddable":true,"href":"https:\/\/alfaomega.tv\/librarie\/wp-json\/wp\/v2\/product_brand?post=36056"},{"taxonomy":"product_cat","embeddable":true,"href":"https:\/\/alfaomega.tv\/librarie\/wp-json\/wp\/v2\/product_cat?post=36056"},{"taxonomy":"product_tag","embeddable":true,"href":"https:\/\/alfaomega.tv\/librarie\/wp-json\/wp\/v2\/product_tag?post=36056"}],"curies":[{"name":"wp","href":"https:\/\/api.w.org\/{rel}","templated":true}]}}