{"id":36058,"date":"2025-08-29T13:01:05","date_gmt":"2025-08-29T13:01:05","guid":{"rendered":"https:\/\/alfaomega.tv\/librarie\/?post_type=product&#038;p=36058"},"modified":"2025-08-29T13:01:40","modified_gmt":"2025-08-29T13:01:40","slug":"sarutul-cerului","status":"publish","type":"product","link":"https:\/\/alfaomega.tv\/librarie\/produse\/identitate-crestere-spirituala-revelatie\/sarutul-cerului\/","title":{"rendered":"S\u0103rutul cerului"},"content":{"rendered":"<p>Darlene Zschech descrie S\u0103rutul Cerului ca acel sim\u021b\u0103m\u00e2nt pe care \u00eel ai c\u00e2nd cerul atinge p\u0103m\u00e2ntul, ca \u0219i c\u00e2nd Dumnezeu \u00censu\u0219i o s\u0103rut\u0103 pe cre\u0219tet. Prima ei experien\u021b\u0103 de acest fel a fost atunci c\u00e2nd \u0219i-a \u021binut \u00een bra\u021be prima fiic\u0103 nou-n\u0103scut\u0103. Darlene I-a sim\u021bit s\u0103rutul \u0219i Dumnezeu a folosit melodia Shout to the Lord pentru a inspira \u00eenchinarea din \u00eentreaga lume.<\/p>\n<p>\u00cen S\u0103rutul Cerului vei descoperi cum po\u021bi experimenta favoarea lui Dumnezeu, \u00een vreme ce cau\u021bi binecuv\u00e2ntarea Lui pentru a urm\u0103ri visul pe care Dumnezeu l-a s\u0103dit \u00een inima ta. Darlene spune: \u201cDumnezeu caut\u0103 pe cineva pe care s\u0103-l s\u0103rute cu favoa-rea Sa chiar \u00een acest moment! El caut\u0103 \u00een n\u0103dejdea c\u0103 va vedea m\u00e2inile noastre ridicate pentru a-L iubi, sluji \u0219i pentru a primi ajutorul S\u0103u \u00een vederea demonstr\u0103rii iubirii divine \u00eentr-o lume \u00eensetat\u0103 dup\u0103 dragoste..<\/p>\n<p>&nbsp;<\/p>\n<p>&nbsp;<\/p>\n","protected":false},"excerpt":{"rendered":"<p>Favoarea lui Dumnezeu pentru a \u00eenputernici visul t\u0103u<\/p>\n","protected":false},"featured_media":30165,"template":"","meta":{"_acf_changed":false},"product_brand":[],"product_cat":[21],"product_tag":[],"class_list":{"0":"post-36058","1":"product","2":"type-product","3":"status-publish","4":"has-post-thumbnail","6":"product_cat-identitate-crestere-spirituala-revelatie","7":"pa_autori-darlene-zschech","8":"pa_format-carte-tiparita","9":"pa_format-carte-electronica","11":"first","12":"instock","13":"shipping-taxable","14":"purchasable","15":"product-type-variable"},"acf":[],"_links":{"self":[{"href":"https:\/\/alfaomega.tv\/librarie\/wp-json\/wp\/v2\/product\/36058","targetHints":{"allow":["GET"]}}],"collection":[{"href":"https:\/\/alfaomega.tv\/librarie\/wp-json\/wp\/v2\/product"}],"about":[{"href":"https:\/\/alfaomega.tv\/librarie\/wp-json\/wp\/v2\/types\/product"}],"wp:featuredmedia":[{"embeddable":true,"href":"https:\/\/alfaomega.tv\/librarie\/wp-json\/wp\/v2\/media\/30165"}],"wp:attachment":[{"href":"https:\/\/alfaomega.tv\/librarie\/wp-json\/wp\/v2\/media?parent=36058"}],"wp:term":[{"taxonomy":"product_brand","embeddable":true,"href":"https:\/\/alfaomega.tv\/librarie\/wp-json\/wp\/v2\/product_brand?post=36058"},{"taxonomy":"product_cat","embeddable":true,"href":"https:\/\/alfaomega.tv\/librarie\/wp-json\/wp\/v2\/product_cat?post=36058"},{"taxonomy":"product_tag","embeddable":true,"href":"https:\/\/alfaomega.tv\/librarie\/wp-json\/wp\/v2\/product_tag?post=36058"}],"curies":[{"name":"wp","href":"https:\/\/api.w.org\/{rel}","templated":true}]}}