{"id":36060,"date":"2025-08-29T13:01:05","date_gmt":"2025-08-29T13:01:05","guid":{"rendered":"https:\/\/alfaomega.tv\/librarie\/?post_type=product&#038;p=36060"},"modified":"2025-10-23T13:06:40","modified_gmt":"2025-10-23T13:06:40","slug":"dragoste-identitate-si-scop-pentru-copii","status":"publish","type":"product","link":"https:\/\/alfaomega.tv\/librarie\/produse\/resurse-pentru-copii\/dragoste-identitate-si-scop-pentru-copii\/","title":{"rendered":"Dragoste, identitate \u0219i scop pentru copii"},"content":{"rendered":"<p class=\"p1\">De-a lungul secolelor, omenirea s-a luptat cu \u00eentreb\u0103ri despre \u201esensul vie\u021bii.\u201d Ceea ce \u00eentreb\u0103m cu adev\u0103rat este:<\/p>\n<p class=\"p1\"><i>Cine sunt eu?<\/i><\/p>\n<p class=\"p1\"><i>De ce exist?<\/i><\/p>\n<p class=\"p1\"><i>Sunt vrednic de iubire?<\/i><\/p>\n<p class=\"p1\">Dumnezeu r\u0103spunde acestor \u00eentreb\u0103ri pentru omenire \u00een Cuv\u00e2ntul S\u0103u, Biblia. Pe m\u0103sur\u0103 ce declara\u021bi aceste adev\u0103ruri peste copiii vo\u0219tri, sem\u0103na\u021bi semin\u021be de adev\u0103r care vor produce roade remarcabile.<\/p>\n<p>&nbsp;<\/p>\n<p>Nr. pagini: 28<\/p>\n","protected":false},"excerpt":{"rendered":"<p>De-a lungul secolelor, omenirea s-a luptat cu \u00eentreb\u0103ri despre \u201esensul vie\u021bii.\u201d Ceea ce \u00eentreb\u0103m cu adev\u0103rat este: Cine sunt eu? De ce exist? Sunt vrednic de iubire? Dumnezeu r\u0103spunde acestor \u00eentreb\u0103ri pentru omenire \u00een Cuv\u00e2ntul S\u0103u, Biblia. Pe m\u0103sur\u0103 ce declara\u021bi aceste adev\u0103ruri peste copiii vo\u0219tri, sem\u0103na\u021bi semin\u021be de adev\u0103r care vor produce roade remarcabile. [&hellip;]<\/p>\n","protected":false},"featured_media":30172,"template":"","meta":{"_acf_changed":false},"product_brand":[],"product_cat":[34],"product_tag":[],"class_list":{"0":"post-36060","1":"product","2":"type-product","3":"status-publish","4":"has-post-thumbnail","6":"product_cat-resurse-pentru-copii","7":"pa_autori-terry-moore","8":"pa_format-carte-tiparita","9":"pa_format-carte-electronica","11":"first","12":"instock","13":"shipping-taxable","14":"purchasable","15":"product-type-variable"},"acf":[],"_links":{"self":[{"href":"https:\/\/alfaomega.tv\/librarie\/wp-json\/wp\/v2\/product\/36060","targetHints":{"allow":["GET"]}}],"collection":[{"href":"https:\/\/alfaomega.tv\/librarie\/wp-json\/wp\/v2\/product"}],"about":[{"href":"https:\/\/alfaomega.tv\/librarie\/wp-json\/wp\/v2\/types\/product"}],"wp:featuredmedia":[{"embeddable":true,"href":"https:\/\/alfaomega.tv\/librarie\/wp-json\/wp\/v2\/media\/30172"}],"wp:attachment":[{"href":"https:\/\/alfaomega.tv\/librarie\/wp-json\/wp\/v2\/media?parent=36060"}],"wp:term":[{"taxonomy":"product_brand","embeddable":true,"href":"https:\/\/alfaomega.tv\/librarie\/wp-json\/wp\/v2\/product_brand?post=36060"},{"taxonomy":"product_cat","embeddable":true,"href":"https:\/\/alfaomega.tv\/librarie\/wp-json\/wp\/v2\/product_cat?post=36060"},{"taxonomy":"product_tag","embeddable":true,"href":"https:\/\/alfaomega.tv\/librarie\/wp-json\/wp\/v2\/product_tag?post=36060"}],"curies":[{"name":"wp","href":"https:\/\/api.w.org\/{rel}","templated":true}]}}