{"id":36061,"date":"2025-08-29T13:01:05","date_gmt":"2025-08-29T13:01:05","guid":{"rendered":"https:\/\/alfaomega.tv\/librarie\/?post_type=product&#038;p=36061"},"modified":"2025-10-22T09:49:50","modified_gmt":"2025-10-22T09:49:50","slug":"mutarea","status":"publish","type":"product","link":"https:\/\/alfaomega.tv\/librarie\/produse\/identitate-crestere-spirituala-revelatie\/mutarea\/","title":{"rendered":"Mutarea"},"content":{"rendered":"<p>MUTAREA #1 \u2013 AD\u00c2NC SAU DE SUPRAFA\u021a\u0102<\/p>\n<p>Psalmul 42:7 ne spune c\u0103 un ad\u00e2nc cheam\u0103 un alt ad\u00e2nc (NTR). Ad\u00e2ncul din Dumnezeu cheam\u0103 ad\u00e2ncul din noi. Auzim noi aceast\u0103 chemare? C\u00e2nd tr\u0103ie\u0219ti doar la suprafa\u021b\u0103, via\u021ba ta e definit\u0103 de sentimente, circumstan\u021be \u0219i furtuni. \u00cen ad\u00e2nc, via\u021ba ta e definit\u0103 de revela\u021bii, putere \u0219i scop!<\/p>\n<p>Pentru un cre\u0219tin, cel mai simplu lucru de f\u0103cut este s\u0103 tr\u0103iasc\u0103 \u00een apele de suprafa\u021b\u0103 a vie\u021bii de cre\u0219tin! \u201eMUTAREA\u201d se adreseaz\u0103 acelora care s-au s\u0103turat de apele pu\u021bin ad\u00e2nci \u0219i sunt preg\u0103ti\u021bi s\u0103 se aventureze \u00een ad\u00e2ncuri. \u201eMUTAREA\u201d este plin\u0103 de pove\u0219ti de via\u021b\u0103, revela\u021bii ob\u021binute \u00een urma a zeci de ani de slujire, \u0219i 222 de mut\u0103ri care \u00ee\u021bi vor influen\u021ba via\u021ba!<\/p>\n<p>&nbsp;<\/p>\n<p>&nbsp;<\/p>\n","protected":false},"excerpt":{"rendered":"<p>Din ape pu\u021bin ad\u00e2nci, \u00een ad\u00e2ncuri<\/p>\n","protected":false},"featured_media":30179,"template":"","meta":{"_acf_changed":false},"product_brand":[],"product_cat":[21],"product_tag":[],"class_list":{"0":"post-36061","1":"product","2":"type-product","3":"status-publish","4":"has-post-thumbnail","6":"product_cat-identitate-crestere-spirituala-revelatie","7":"pa_autori-phillip-baker","8":"pa_format-carte-tiparita","9":"pa_format-carte-electronica","11":"first","12":"instock","13":"shipping-taxable","14":"purchasable","15":"product-type-variable"},"acf":[],"_links":{"self":[{"href":"https:\/\/alfaomega.tv\/librarie\/wp-json\/wp\/v2\/product\/36061","targetHints":{"allow":["GET"]}}],"collection":[{"href":"https:\/\/alfaomega.tv\/librarie\/wp-json\/wp\/v2\/product"}],"about":[{"href":"https:\/\/alfaomega.tv\/librarie\/wp-json\/wp\/v2\/types\/product"}],"wp:featuredmedia":[{"embeddable":true,"href":"https:\/\/alfaomega.tv\/librarie\/wp-json\/wp\/v2\/media\/30179"}],"wp:attachment":[{"href":"https:\/\/alfaomega.tv\/librarie\/wp-json\/wp\/v2\/media?parent=36061"}],"wp:term":[{"taxonomy":"product_brand","embeddable":true,"href":"https:\/\/alfaomega.tv\/librarie\/wp-json\/wp\/v2\/product_brand?post=36061"},{"taxonomy":"product_cat","embeddable":true,"href":"https:\/\/alfaomega.tv\/librarie\/wp-json\/wp\/v2\/product_cat?post=36061"},{"taxonomy":"product_tag","embeddable":true,"href":"https:\/\/alfaomega.tv\/librarie\/wp-json\/wp\/v2\/product_tag?post=36061"}],"curies":[{"name":"wp","href":"https:\/\/api.w.org\/{rel}","templated":true}]}}