{"id":36073,"date":"2025-08-29T13:01:18","date_gmt":"2025-08-29T13:01:18","guid":{"rendered":"https:\/\/alfaomega.tv\/librarie\/?post_type=product&#038;p=36073"},"modified":"2025-08-29T13:02:07","modified_gmt":"2025-08-29T13:02:07","slug":"primii-pasi","status":"publish","type":"product","link":"https:\/\/alfaomega.tv\/librarie\/produse\/bazele-crestinismului-ucenicizare\/primii-pasi\/","title":{"rendered":"Primii pa\u0219i"},"content":{"rendered":"<p>Drag\u0103 prietene,<\/p>\n<p>M\u0103 bucur \u00eempreun\u0103 cu tine pentru decizia pe care ai luat-o de a te \u00eemp\u0103ca cu Dumnezeu! Ai f\u0103cut cel mai important prim pas \u00eentr-o rela\u021bie minunat\u0103 cu El. Poate c\u0103 este pentru prima oar\u0103 \u00een via\u021ba ta c\u00e2nd iei aceast\u0103 decizie. Dac\u0103 este a\u0219a, ai luat cea mai mare decizie a vie\u021bii tale. Biblia spune: \u201eOricine va chema Numele Domnului va fi m\u00e2ntuit.\u201d (Faptele apostolilor 2:21)<\/p>\n<p>Po\u021bi fi sigur c\u0103, cu mult \u00eenainte de a-L alege tu pe Isus, El te-a c\u0103utat pe tine! Vrea s\u0103 fie M\u00e2ntuitorul t\u0103u, Regele t\u0103u \u0219i cel mai apropiat Prieten al t\u0103u.<\/p>\n<p>Poate c\u0103 te consideri un fiu risipitor. C\u00e2ndva ai umblat cu Domnul, dar, la un moment dat, ai ales s\u0103 te dep\u0103rtezi de El \u0219i s\u0103-\u021bi urmezi propriile dorin\u021be. Poate p\u0103catul te-a dus mai departe de Dumnezeu dec\u00e2t ai fi crezut vreodat\u0103 c\u0103 vei putea ajunge. Sau poate circumstan\u021bele vie\u021bii te-au f\u0103cut s\u0103 \u00eencetezi s\u0103-L mai cau\u021bi pe Domnul. Exist\u0103 multe motive pentru care ne putem \u00eendep\u0103rta de Dumnezeu, dar important este c\u0103 ast\u0103zi ai luat decizia s\u0103 te \u00eentorci la El!<\/p>\n<p>Nu-l l\u0103sa pe Diavol s\u0103-\u021bi \u0219opteasc\u0103 nici m\u0103car pentru o clip\u0103 c\u0103 ai p\u0103c\u0103tuit prea mult sau c\u0103 ai pierdut m\u00e2ntuirea pentru totdeauna. \u00ce\u021bi aminte\u0219ti de fiul risipitor din Luca 15? A plecat inten\u021bionat din casa tat\u0103lui s\u0103u ca s\u0103 tr\u0103iasc\u0103 o via\u021b\u0103 de p\u0103cat \u0219i r\u0103zvr\u0103tire. A fugit departe \u0219i a risipit darul \u0219i mo\u0219tenirea primit\u0103. La un moment dat, a realizat c\u00e2t de nenorocit\u0103 era via\u021ba lui f\u0103r\u0103 binecuv\u00e2ntarea \u0219i favoarea tat\u0103lui. C\u00e2nd a decis s\u0103 se \u00eentoarc\u0103 acas\u0103, se a\u0219tepta s\u0103 fie primit doar ca un slujitor. \u00cen schimb, tat\u0103l a s\u0103rb\u0103torit \u00eentoarcerea fiului. Aceasta este o imagine a felului \u00een care Dumnezeu simte c\u00e2nd fiii \u0219i fiicele Sale aleg s\u0103 se \u00eentoarc\u0103 la El. Dumnezeu s\u0103rb\u0103tore\u0219te decizia ta de a veni acas\u0103!<\/p>\n<p>Poate c\u0103 e\u0219ti o persoan\u0103 care a mers la biseric\u0103 \u0219i care a f\u0103cut lucruri religioase, dar ai realizat c\u0103 nu e\u0219ti \u00eemp\u0103cat cu Dumnezeu. Poate c\u0103 \u0219tii cum s\u0103 \u201ejoci rolul\u201d credinciosului, dar \u00ee\u021bi lipse\u0219te o rela\u021bie personal\u0103, intim\u0103 cu Isus Hristos. Nu e\u0219ti singur. Isus a spus c\u0103 vor fi unii, \u00een ziua judec\u0103\u021bii, care vor rata cerul, de\u0219i au predicat, s-au rugat \u0219i chiar au v\u0103zut. (Matei 7:21\u201323)<\/p>\n<p>Indiferent din ce categorie faci parte, ce conteaz\u0103 este c\u0103 ai decis s\u0103 te \u00eempaci cu Dumnezeu \u0219i s\u0103 r\u0103m\u00e2i \u00eemp\u0103cat cu El! Pe m\u0103sur\u0103 ce cite\u0219ti aceast\u0103 carte, vei vedea clar urm\u0103torii pa\u0219i pe care trebuie s\u0103-i faci pentru a cre\u0219te \u00een rela\u021bia ta cu Dumnezeu.<\/p>\n<p>Multe binecuv\u00e2nt\u0103ri,<br \/>\nJakob Barrientos<\/p>\n","protected":false},"excerpt":{"rendered":"<p>\u00cemp\u0103carea cu Dumnezeu aduce iertare, credin\u021b\u0103, rela\u021bie profund\u0103 \u0219i \u00eentoarcere sincer\u0103.<\/p>\n","protected":false},"featured_media":30234,"template":"","meta":{"_acf_changed":false},"product_brand":[],"product_cat":[31],"product_tag":[],"class_list":{"0":"post-36073","1":"product","2":"type-product","3":"status-publish","4":"has-post-thumbnail","6":"product_cat-bazele-crestinismului-ucenicizare","7":"pa_autori-jakob-barrientos","8":"pa_format-carte-tiparita","9":"pa_format-carte-electronica","11":"first","12":"instock","13":"shipping-taxable","14":"purchasable","15":"product-type-variable"},"acf":[],"_links":{"self":[{"href":"https:\/\/alfaomega.tv\/librarie\/wp-json\/wp\/v2\/product\/36073","targetHints":{"allow":["GET"]}}],"collection":[{"href":"https:\/\/alfaomega.tv\/librarie\/wp-json\/wp\/v2\/product"}],"about":[{"href":"https:\/\/alfaomega.tv\/librarie\/wp-json\/wp\/v2\/types\/product"}],"wp:featuredmedia":[{"embeddable":true,"href":"https:\/\/alfaomega.tv\/librarie\/wp-json\/wp\/v2\/media\/30234"}],"wp:attachment":[{"href":"https:\/\/alfaomega.tv\/librarie\/wp-json\/wp\/v2\/media?parent=36073"}],"wp:term":[{"taxonomy":"product_brand","embeddable":true,"href":"https:\/\/alfaomega.tv\/librarie\/wp-json\/wp\/v2\/product_brand?post=36073"},{"taxonomy":"product_cat","embeddable":true,"href":"https:\/\/alfaomega.tv\/librarie\/wp-json\/wp\/v2\/product_cat?post=36073"},{"taxonomy":"product_tag","embeddable":true,"href":"https:\/\/alfaomega.tv\/librarie\/wp-json\/wp\/v2\/product_tag?post=36073"}],"curies":[{"name":"wp","href":"https:\/\/api.w.org\/{rel}","templated":true}]}}