{"id":36075,"date":"2025-08-29T13:01:18","date_gmt":"2025-08-29T13:01:18","guid":{"rendered":"https:\/\/alfaomega.tv\/librarie\/?post_type=product&#038;p=36075"},"modified":"2025-12-17T11:07:06","modified_gmt":"2025-12-17T11:07:06","slug":"sa-ne-amintim-de-david","status":"publish","type":"product","link":"https:\/\/alfaomega.tv\/librarie\/produse\/identitate-crestere-spirituala-revelatie\/sa-ne-amintim-de-david\/","title":{"rendered":"S\u0103 ne amintim de David"},"content":{"rendered":"<p>\u00centr-o or\u0103 \u00een care \u00eenchinarea a devenit divertisment, \u0219lefuit\u0103 \u00eentr-un produs care este produs, ambalat \u0219i v\u00e2ndut pentru profit, genera\u021bia noastr\u0103 a ales \u00een mare parte influen\u021ba \u00een locul t\u0103m\u00e2iei, drepturile de autor \u00een locul jertfei \u0219i produc\u021bia \u00een locul afec\u021biunii. Domnul st\u0103 la u\u0219\u0103 \u0219i bate.<\/p>\n<p>El exprim\u0103 o dorin\u021b\u0103, o cerere pentru poporul S\u0103u: ai renun\u021ba la toate acestea pentru a veni din nou \u00een odaia Mea? Ne-am mul\u021bumit cu numere, aprecieri \u0219i abona\u021bi, folosind \u00een acela\u0219i timp Numele S\u0103u pentru a ne construi brandurile. Babilonul a devenit o industrie care ia levi\u021bii captivi \u0219i vinde c\u00e2nt\u0103rile Domnului pentru c\u00e2\u0219tig personal \u0219i influen\u021b\u0103. O, Doamne, iart\u0103-ne. Iart\u0103-ne c\u0103 am p\u00e2ng\u0103rit jertfa Ta \u0219i am transformat \u00eenchinarea \u00eentr-un alt gen muzical. Iart\u0103-ne c\u0103 am c\u0103s\u0103torit industria cu \u00eenchinarea \u0219i am uitat de Prezen\u021ba Ta.<\/p>\n<p>Aceasta este o chemare preo\u021beasc\u0103 de a cur\u0103\u021ba mesele noastre de ofrande p\u00e2ng\u0103rite \u0219i de a preg\u0103ti din nou masa Domnului. Este timpul pentru reformare.<\/p>\n","protected":false},"excerpt":{"rendered":"<p>O c\u0103l\u0103torie levetic\u0103<\/p>\n","protected":false},"featured_media":30238,"template":"","meta":{"_acf_changed":false},"product_brand":[],"product_cat":[21],"product_tag":[],"class_list":{"0":"post-36075","1":"product","2":"type-product","3":"status-publish","4":"has-post-thumbnail","6":"product_cat-identitate-crestere-spirituala-revelatie","7":"pa_autori-william-hinn","8":"pa_format-carte-tiparita","9":"pa_format-carte-electronica","11":"first","12":"instock","13":"shipping-taxable","14":"purchasable","15":"product-type-variable"},"acf":[],"_links":{"self":[{"href":"https:\/\/alfaomega.tv\/librarie\/wp-json\/wp\/v2\/product\/36075","targetHints":{"allow":["GET"]}}],"collection":[{"href":"https:\/\/alfaomega.tv\/librarie\/wp-json\/wp\/v2\/product"}],"about":[{"href":"https:\/\/alfaomega.tv\/librarie\/wp-json\/wp\/v2\/types\/product"}],"wp:featuredmedia":[{"embeddable":true,"href":"https:\/\/alfaomega.tv\/librarie\/wp-json\/wp\/v2\/media\/30238"}],"wp:attachment":[{"href":"https:\/\/alfaomega.tv\/librarie\/wp-json\/wp\/v2\/media?parent=36075"}],"wp:term":[{"taxonomy":"product_brand","embeddable":true,"href":"https:\/\/alfaomega.tv\/librarie\/wp-json\/wp\/v2\/product_brand?post=36075"},{"taxonomy":"product_cat","embeddable":true,"href":"https:\/\/alfaomega.tv\/librarie\/wp-json\/wp\/v2\/product_cat?post=36075"},{"taxonomy":"product_tag","embeddable":true,"href":"https:\/\/alfaomega.tv\/librarie\/wp-json\/wp\/v2\/product_tag?post=36075"}],"curies":[{"name":"wp","href":"https:\/\/api.w.org\/{rel}","templated":true}]}}