{"id":36077,"date":"2025-08-29T13:01:18","date_gmt":"2025-08-29T13:01:18","guid":{"rendered":"https:\/\/alfaomega.tv\/librarie\/?post_type=product&#038;p=36077"},"modified":"2025-12-17T11:23:19","modified_gmt":"2025-12-17T11:23:19","slug":"pionieratul-profetic","status":"publish","type":"product","link":"https:\/\/alfaomega.tv\/librarie\/produse\/identitate-crestere-spirituala-revelatie\/pionieratul-profetic\/","title":{"rendered":"Pionieratul profetic"},"content":{"rendered":"<p><strong>LUMEA AFECTAT\u0102 DE \u00ceNTUNERIC A\u0218TEAPT\u0102 CA POPORUL PROFETIC S\u0102 SE RIDICE, S\u0102 STR\u0102LUCEASC\u0102 \u0218I S\u0102 LUMINEZE CALEA!<\/strong><\/p>\n<p>&nbsp;<\/p>\n<p><em>\u00cen vremuri de criz\u0103 \u0219i de tumult este nevoie s\u0103 se ridice un popor care este conectat la activitatea cerului. <\/em>Sistemele vechi de operare care au zidit imperii \u00een numele cre\u0219tinismului, dar au produs ucenici superficiali \u0219i compromi\u0219i, se pr\u0103bu\u0219esc sub greutatea instabilit\u0103\u021bii globale.<\/p>\n<p>&nbsp;<\/p>\n<p>\u00cen mijlocul unui sezon de mari provoc\u0103ri personale \u0219i persecu\u021bii, autorul, liderul \u0219i profetul Jeremiah Johnson a primit planuri proaspete \u0219i strategii profetice noi cu privire la cum s\u0103 navig\u0103m prin vremurile de provoc\u0103ri \u0219i oportunit\u0103\u021bi care ne stau \u00eenainte.<\/p>\n<p>&nbsp;<\/p>\n<p>Cartea de fa\u021b\u0103 este o chemare s\u0103 faci parte din r\u0103m\u0103\u0219i\u021ba radical\u0103 a Poporului lui Isus care se ridic\u0103 \u00een acest ceas crucial! Aceast\u0103 invita\u021bie nu este doar pentru pastori sau lideri de lucr\u0103ri; chemarea de a vedea mi\u0219carea lui Dumnezeu care urmeaz\u0103 s\u0103 aib\u0103 loc \u0219i de a zidi \u00een acord cu activitatea Cerului este la fel de relevant\u0103 \u00een pie\u021be precum este \u00een lucr\u0103ri.<\/p>\n<p>&nbsp;<\/p>\n<p>Preg\u0103te\u0219te-te s\u0103:<\/p>\n<ul>\n<li>Faci parte din noua mi\u0219care Jesus People<\/li>\n<li>Prime\u0219ti mantaua mijlocirii generalului Rees Howells, care a schimbat istoria.<\/li>\n<li>Discerni cum dezv\u0103luie \u00een mod supranatural profe\u021bii, apostolii, evangheli\u0219tii, pastorii \u0219i \u00eenv\u0103\u021b\u0103torii aspecte diferite ale lui Isus.<\/li>\n<li>Devii un reformator profetic care transform\u0103 cultura \u0219i scrie istoria.<\/li>\n<li>Vezi o f\u0103r\u00e2m\u0103 din mi\u0219carea nea\u0219teptat\u0103 a lui Dumnezeu prin \u201eProfe\u021bia \u00eemp\u0103r\u0103tesei din Seba\u201d.<\/li>\n<\/ul>\n<p>&nbsp;<\/p>\n<p>Tr\u0103im \u00eentr-un ceas al urgen\u021bei, \u00eentunericului \u0219i \u00eent\u00e2rzierii&#8230; \u00eens\u0103 nu a existat niciodat\u0103 o oportunitate mai mare de a fi purt\u0103torii solu\u021biilor profetice. <strong>\u00ce\u021bi vei ocupa locul de pionier profetic?<\/strong><\/p>\n","protected":false},"excerpt":{"rendered":"<p>O chemare de a zidi \u0219i a instaura burdufurile noii ere a lui Dumnezeu<\/p>\n","protected":false},"featured_media":30242,"template":"","meta":{"_acf_changed":false},"product_brand":[],"product_cat":[21],"product_tag":[],"class_list":{"0":"post-36077","1":"product","2":"type-product","3":"status-publish","4":"has-post-thumbnail","6":"product_cat-identitate-crestere-spirituala-revelatie","7":"pa_autori-jeremiah-johnson","8":"pa_format-carte-tiparita","10":"first","11":"instock","12":"shipping-taxable","13":"purchasable","14":"product-type-variable"},"acf":[],"_links":{"self":[{"href":"https:\/\/alfaomega.tv\/librarie\/wp-json\/wp\/v2\/product\/36077","targetHints":{"allow":["GET"]}}],"collection":[{"href":"https:\/\/alfaomega.tv\/librarie\/wp-json\/wp\/v2\/product"}],"about":[{"href":"https:\/\/alfaomega.tv\/librarie\/wp-json\/wp\/v2\/types\/product"}],"wp:featuredmedia":[{"embeddable":true,"href":"https:\/\/alfaomega.tv\/librarie\/wp-json\/wp\/v2\/media\/30242"}],"wp:attachment":[{"href":"https:\/\/alfaomega.tv\/librarie\/wp-json\/wp\/v2\/media?parent=36077"}],"wp:term":[{"taxonomy":"product_brand","embeddable":true,"href":"https:\/\/alfaomega.tv\/librarie\/wp-json\/wp\/v2\/product_brand?post=36077"},{"taxonomy":"product_cat","embeddable":true,"href":"https:\/\/alfaomega.tv\/librarie\/wp-json\/wp\/v2\/product_cat?post=36077"},{"taxonomy":"product_tag","embeddable":true,"href":"https:\/\/alfaomega.tv\/librarie\/wp-json\/wp\/v2\/product_tag?post=36077"}],"curies":[{"name":"wp","href":"https:\/\/api.w.org\/{rel}","templated":true}]}}