{"id":36079,"date":"2025-08-29T13:01:18","date_gmt":"2025-08-29T13:01:18","guid":{"rendered":"https:\/\/alfaomega.tv\/librarie\/?post_type=product&#038;p=36079"},"modified":"2026-01-08T11:16:55","modified_gmt":"2026-01-08T11:16:55","slug":"trezirea-care-urmeaza-sa-vina","status":"publish","type":"product","link":"https:\/\/alfaomega.tv\/librarie\/produse\/derek-prince\/trezirea-care-urmeaza-sa-vina\/","title":{"rendered":"Trezirea care urmeaz\u0103 s\u0103 vin\u0103"},"content":{"rendered":"<p>Fiecare dintre noi de\u021bine un rol esen\u021bial \u00een viitoarea trezire. Exist\u0103 mul\u021bi factori care contribuie la trezirea mondial\u0103 pe care Dumnezeu inten\u021bioneaz\u0103 s\u0103 o aduc\u0103.<br \/>\n\u00cen aceast\u0103 carte fascinant\u0103, autorul se concentreaz\u0103 pe \u0219apte elemente care sunt esen\u021biale pentru desf\u0103\u0219urarea acestui proces. Ne dorim ca \u021bara noastr\u0103 s\u0103 fie transformat\u0103, dar acest lucru \u00eencepe cu noi.<\/p>\n","protected":false},"excerpt":{"rendered":"<p>Fiecare dintre noi de\u021bine un rol esen\u021bial \u00een viitoarea trezire. Exist\u0103 mul\u021bi factori care contribuie la trezirea mondial\u0103 pe care Dumnezeu inten\u021bioneaz\u0103 s\u0103 o aduc\u0103. \u00cen aceast\u0103 carte fascinant\u0103, autorul se concentreaz\u0103 pe \u0219apte elemente care sunt esen\u021biale pentru desf\u0103\u0219urarea acestui proces. Ne dorim ca \u021bara noastr\u0103 s\u0103 fie transformat\u0103, dar acest lucru \u00eencepe cu [&hellip;]<\/p>\n","protected":false},"featured_media":30254,"template":"","meta":{"_acf_changed":false},"product_brand":[],"product_cat":[42],"product_tag":[],"class_list":{"0":"post-36079","1":"product","2":"type-product","3":"status-publish","4":"has-post-thumbnail","6":"product_cat-derek-prince","7":"pa_autori-derek-prince","8":"pa_format-carte-tiparita","10":"first","11":"outofstock","12":"shipping-taxable","13":"purchasable","14":"product-type-variable"},"acf":[],"_links":{"self":[{"href":"https:\/\/alfaomega.tv\/librarie\/wp-json\/wp\/v2\/product\/36079","targetHints":{"allow":["GET"]}}],"collection":[{"href":"https:\/\/alfaomega.tv\/librarie\/wp-json\/wp\/v2\/product"}],"about":[{"href":"https:\/\/alfaomega.tv\/librarie\/wp-json\/wp\/v2\/types\/product"}],"wp:featuredmedia":[{"embeddable":true,"href":"https:\/\/alfaomega.tv\/librarie\/wp-json\/wp\/v2\/media\/30254"}],"wp:attachment":[{"href":"https:\/\/alfaomega.tv\/librarie\/wp-json\/wp\/v2\/media?parent=36079"}],"wp:term":[{"taxonomy":"product_brand","embeddable":true,"href":"https:\/\/alfaomega.tv\/librarie\/wp-json\/wp\/v2\/product_brand?post=36079"},{"taxonomy":"product_cat","embeddable":true,"href":"https:\/\/alfaomega.tv\/librarie\/wp-json\/wp\/v2\/product_cat?post=36079"},{"taxonomy":"product_tag","embeddable":true,"href":"https:\/\/alfaomega.tv\/librarie\/wp-json\/wp\/v2\/product_tag?post=36079"}],"curies":[{"name":"wp","href":"https:\/\/api.w.org\/{rel}","templated":true}]}}