{"id":36081,"date":"2025-08-29T13:01:19","date_gmt":"2025-08-29T13:01:19","guid":{"rendered":"https:\/\/alfaomega.tv\/librarie\/?post_type=product&#038;p=36081"},"modified":"2025-08-29T13:01:30","modified_gmt":"2025-08-29T13:01:30","slug":"israelul-in-profetia-biblica","status":"publish","type":"product","link":"https:\/\/alfaomega.tv\/librarie\/produse\/derek-prince\/israelul-in-profetia-biblica\/","title":{"rendered":"Israelul \u00een profe\u0163ia biblic\u0103"},"content":{"rendered":"<p>Evenimentele care se deruleaz\u0103 \u00een Orientul Mijlociu au \u00een centru o na\u021biune minuscul\u0103, Israelul.<br \/>\n\u00cen aceast\u0103 carte, Derek Prince ne invit\u0103 s\u0103 trecem dincolo de \u0219tirile de maxim\u0103 audien\u021b\u0103 \u0219i ne conduce s\u0103 urm\u0103rim istoria \u00eendelungat\u0103 \u0219i uimitoare a acestei \u021b\u0103ri, descoperind astfel credincio\u0219ia lui Dumnezeu dovedit\u0103 peste veacuri, meticulozitatea cu care El \u00eempline\u0219te fiecare promisiune dat\u0103 poporului S\u0103u Israel.<br \/>\nEste o carte despre trecut, prezent \u0219i viitor \u0219i ne prive\u0219te pe to\u021bi deopotriv\u0103.<\/p>\n","protected":false},"excerpt":{"rendered":"<p>Evenimentele care se deruleaz\u0103 \u00een Orientul Mijlociu au \u00een centru o na\u021biune minuscul\u0103, Israelul. \u00cen aceast\u0103 carte, Derek Prince ne invit\u0103 s\u0103 trecem dincolo de \u0219tirile de maxim\u0103 audien\u021b\u0103 \u0219i ne conduce s\u0103 urm\u0103rim istoria \u00eendelungat\u0103 \u0219i uimitoare a acestei \u021b\u0103ri, descoperind astfel credincio\u0219ia lui Dumnezeu dovedit\u0103 peste veacuri, meticulozitatea cu care El \u00eempline\u0219te fiecare [&hellip;]<\/p>\n","protected":false},"featured_media":30257,"template":"","meta":{"_acf_changed":false},"product_brand":[],"product_cat":[42],"product_tag":[],"class_list":{"0":"post-36081","1":"product","2":"type-product","3":"status-publish","4":"has-post-thumbnail","6":"product_cat-derek-prince","7":"pa_autori-derek-prince","8":"pa_format-carte-tiparita","10":"first","11":"instock","12":"shipping-taxable","13":"purchasable","14":"product-type-variable"},"acf":[],"_links":{"self":[{"href":"https:\/\/alfaomega.tv\/librarie\/wp-json\/wp\/v2\/product\/36081","targetHints":{"allow":["GET"]}}],"collection":[{"href":"https:\/\/alfaomega.tv\/librarie\/wp-json\/wp\/v2\/product"}],"about":[{"href":"https:\/\/alfaomega.tv\/librarie\/wp-json\/wp\/v2\/types\/product"}],"wp:featuredmedia":[{"embeddable":true,"href":"https:\/\/alfaomega.tv\/librarie\/wp-json\/wp\/v2\/media\/30257"}],"wp:attachment":[{"href":"https:\/\/alfaomega.tv\/librarie\/wp-json\/wp\/v2\/media?parent=36081"}],"wp:term":[{"taxonomy":"product_brand","embeddable":true,"href":"https:\/\/alfaomega.tv\/librarie\/wp-json\/wp\/v2\/product_brand?post=36081"},{"taxonomy":"product_cat","embeddable":true,"href":"https:\/\/alfaomega.tv\/librarie\/wp-json\/wp\/v2\/product_cat?post=36081"},{"taxonomy":"product_tag","embeddable":true,"href":"https:\/\/alfaomega.tv\/librarie\/wp-json\/wp\/v2\/product_tag?post=36081"}],"curies":[{"name":"wp","href":"https:\/\/api.w.org\/{rel}","templated":true}]}}