{"id":36083,"date":"2025-08-29T13:01:19","date_gmt":"2025-08-29T13:01:19","guid":{"rendered":"https:\/\/alfaomega.tv\/librarie\/?post_type=product&#038;p=36083"},"modified":"2025-09-29T06:58:31","modified_gmt":"2025-09-29T06:58:31","slug":"duhul-sfant-in-tine","status":"publish","type":"product","link":"https:\/\/alfaomega.tv\/librarie\/produse\/derek-prince\/duhul-sfant-in-tine\/","title":{"rendered":"Duhul Sf\u00e2nt \u00een tine"},"content":{"rendered":"<p>Aceast\u0103 carte ne dezv\u0103luie minunatele adev\u0103ruri ale Bibliei cu privire la scopul \u0219i lucrarea Duhului Sf\u00e2nt \u00een poporul lui Dumnezeu.<br \/>\nEa prezint\u0103 \u00eentr-un mod simplu c\u0103, prin puterea Duhului Sf\u00e2nt, cre\u0219tinii vor putea \u00een\u021belege mai bine planurile lui Dumnezeu, vor deveni martori mai puternici ai lui Hristos, vor primi ajutor \u00een rug\u0103ciune, lumin\u0103 din Cuv\u00e2nt \u0219i c\u0103l\u0103uzire supranatural\u0103 din partea lui Dumnezeu.<\/p>\n","protected":false},"excerpt":{"rendered":"<p>Aceast\u0103 carte ne dezv\u0103luie minunatele adev\u0103ruri ale Bibliei cu privire la scopul \u0219i lucrarea Duhului Sf\u00e2nt \u00een poporul lui Dumnezeu. Ea prezint\u0103 \u00eentr-un mod simplu c\u0103, prin puterea Duhului Sf\u00e2nt, cre\u0219tinii vor putea \u00een\u021belege mai bine planurile lui Dumnezeu, vor deveni martori mai puternici ai lui Hristos, vor primi ajutor \u00een rug\u0103ciune, lumin\u0103 din Cuv\u00e2nt [&hellip;]<\/p>\n","protected":false},"featured_media":30260,"template":"","meta":{"_acf_changed":false},"product_brand":[],"product_cat":[42],"product_tag":[],"class_list":{"0":"post-36083","1":"product","2":"type-product","3":"status-publish","4":"has-post-thumbnail","6":"product_cat-derek-prince","7":"pa_autori-derek-prince","8":"pa_format-carte-tiparita","10":"first","11":"outofstock","12":"shipping-taxable","13":"purchasable","14":"product-type-variable"},"acf":[],"_links":{"self":[{"href":"https:\/\/alfaomega.tv\/librarie\/wp-json\/wp\/v2\/product\/36083","targetHints":{"allow":["GET"]}}],"collection":[{"href":"https:\/\/alfaomega.tv\/librarie\/wp-json\/wp\/v2\/product"}],"about":[{"href":"https:\/\/alfaomega.tv\/librarie\/wp-json\/wp\/v2\/types\/product"}],"wp:featuredmedia":[{"embeddable":true,"href":"https:\/\/alfaomega.tv\/librarie\/wp-json\/wp\/v2\/media\/30260"}],"wp:attachment":[{"href":"https:\/\/alfaomega.tv\/librarie\/wp-json\/wp\/v2\/media?parent=36083"}],"wp:term":[{"taxonomy":"product_brand","embeddable":true,"href":"https:\/\/alfaomega.tv\/librarie\/wp-json\/wp\/v2\/product_brand?post=36083"},{"taxonomy":"product_cat","embeddable":true,"href":"https:\/\/alfaomega.tv\/librarie\/wp-json\/wp\/v2\/product_cat?post=36083"},{"taxonomy":"product_tag","embeddable":true,"href":"https:\/\/alfaomega.tv\/librarie\/wp-json\/wp\/v2\/product_tag?post=36083"}],"curies":[{"name":"wp","href":"https:\/\/api.w.org\/{rel}","templated":true}]}}