{"id":36085,"date":"2025-08-29T13:01:19","date_gmt":"2025-08-29T13:01:19","guid":{"rendered":"https:\/\/alfaomega.tv\/librarie\/?post_type=product&#038;p=36085"},"modified":"2026-01-08T11:03:08","modified_gmt":"2026-01-08T11:03:08","slug":"dragostea-extravaganta-a-lui-dumnezeu","status":"publish","type":"product","link":"https:\/\/alfaomega.tv\/librarie\/produse\/derek-prince\/dragostea-extravaganta-a-lui-dumnezeu\/","title":{"rendered":"Dragostea extravagant\u0103 a lui Dumnezeu"},"content":{"rendered":"<p>Iubirea adev\u0103rat\u0103 nu este \u00eenr\u0103d\u0103cinat\u0103 \u00een ceea ce merit\u0103m, ci \u00een jertfa lui Isus Hristos de la cruce, prin care Dumnezeu ne-a oferit \u0219i ne-a dovedit cea mai pur\u0103 form\u0103 de iubire pe care o are pentru noi.<br \/>\nDescoper\u0103 dragostea extravagant\u0103 a lui Dumnezeu \u0219i permite-i s\u0103-\u021bi influen\u021beze via\u021ba!<\/p>\n","protected":false},"excerpt":{"rendered":"<p>Iubirea adev\u0103rat\u0103 nu este \u00eenr\u0103d\u0103cinat\u0103 \u00een ceea ce merit\u0103m, ci \u00een jertfa lui Isus Hristos de la cruce, prin care Dumnezeu ne-a oferit \u0219i ne-a dovedit cea mai pur\u0103 form\u0103 de iubire pe care o are pentru noi. Descoper\u0103 dragostea extravagant\u0103 a lui Dumnezeu \u0219i permite-i s\u0103-\u021bi influen\u021beze via\u021ba!<\/p>\n","protected":false},"featured_media":30263,"template":"","meta":{"_acf_changed":false},"product_brand":[],"product_cat":[42],"product_tag":[],"class_list":{"0":"post-36085","1":"product","2":"type-product","3":"status-publish","4":"has-post-thumbnail","6":"product_cat-derek-prince","7":"pa_autori-derek-prince","8":"pa_format-carte-tiparita","10":"first","11":"outofstock","12":"shipping-taxable","13":"purchasable","14":"product-type-variable"},"acf":[],"_links":{"self":[{"href":"https:\/\/alfaomega.tv\/librarie\/wp-json\/wp\/v2\/product\/36085","targetHints":{"allow":["GET"]}}],"collection":[{"href":"https:\/\/alfaomega.tv\/librarie\/wp-json\/wp\/v2\/product"}],"about":[{"href":"https:\/\/alfaomega.tv\/librarie\/wp-json\/wp\/v2\/types\/product"}],"wp:featuredmedia":[{"embeddable":true,"href":"https:\/\/alfaomega.tv\/librarie\/wp-json\/wp\/v2\/media\/30263"}],"wp:attachment":[{"href":"https:\/\/alfaomega.tv\/librarie\/wp-json\/wp\/v2\/media?parent=36085"}],"wp:term":[{"taxonomy":"product_brand","embeddable":true,"href":"https:\/\/alfaomega.tv\/librarie\/wp-json\/wp\/v2\/product_brand?post=36085"},{"taxonomy":"product_cat","embeddable":true,"href":"https:\/\/alfaomega.tv\/librarie\/wp-json\/wp\/v2\/product_cat?post=36085"},{"taxonomy":"product_tag","embeddable":true,"href":"https:\/\/alfaomega.tv\/librarie\/wp-json\/wp\/v2\/product_tag?post=36085"}],"curies":[{"name":"wp","href":"https:\/\/api.w.org\/{rel}","templated":true}]}}