{"id":36087,"date":"2025-08-29T13:01:19","date_gmt":"2025-08-29T13:01:19","guid":{"rendered":"https:\/\/alfaomega.tv\/librarie\/?post_type=product&#038;p=36087"},"modified":"2026-01-08T11:15:45","modified_gmt":"2026-01-08T11:15:45","slug":"doar-prin-har","status":"publish","type":"product","link":"https:\/\/alfaomega.tv\/librarie\/produse\/derek-prince\/doar-prin-har\/","title":{"rendered":"Doar prin har"},"content":{"rendered":"<p>Dac\u0103 te sim\u021bi uneori prins \u00een capcan\u0103 de un set de reguli religioase, ai mereu impresia c\u0103 nu e\u0219ti la \u00een\u0103l\u021bimea a\u0219tept\u0103rilor lui Dumnezeu, iar umblarea ta cu Domnul seam\u0103n\u0103 mai mult cu o list\u0103 de urmat dec\u00e2t cu o rela\u021bie, atunci aceast\u0103 carte este r\u0103spunsul pentru tine. Chiar \u0219i atunci c\u00e2nd gu\u0219ti din plin din harul lui Dumnezeu, aceast\u0103 carte \u00ee\u021bi poate \u00eemprosp\u0103ta umblarea \u0219i te \u00eenr\u0103d\u0103cineaz\u0103 \u0219i mai ad\u00e2nc \u00een adev\u0103ruri de baz\u0103 ale credin\u021bei cre\u0219tine.<br \/>\nPlec\u00e2nd rapid de la o analiz\u0103 perspicace a problemei, Derek Prince trateaz\u0103 \u00een mod revigorant \u0219i eliberator cel mai minunat antidot \u00eempotriva legalismului: harul lui Dumnezeu, care aduce eliberare, sfin\u021bire \u0219i bucurie \u00een rela\u021bia cu Domnul Isus Hristos.<\/p>\n","protected":false},"excerpt":{"rendered":"<p>Dac\u0103 te sim\u021bi uneori prins \u00een capcan\u0103 de un set de reguli religioase, ai mereu impresia c\u0103 nu e\u0219ti la \u00een\u0103l\u021bimea a\u0219tept\u0103rilor lui Dumnezeu, iar umblarea ta cu Domnul seam\u0103n\u0103 mai mult cu o list\u0103 de urmat dec\u00e2t cu o rela\u021bie, atunci aceast\u0103 carte este r\u0103spunsul pentru tine. Chiar \u0219i atunci c\u00e2nd gu\u0219ti din plin [&hellip;]<\/p>\n","protected":false},"featured_media":30266,"template":"","meta":{"_acf_changed":false},"product_brand":[],"product_cat":[42],"product_tag":[],"class_list":{"0":"post-36087","1":"product","2":"type-product","3":"status-publish","4":"has-post-thumbnail","6":"product_cat-derek-prince","7":"pa_autori-derek-prince","8":"pa_format-carte-tiparita","10":"first","11":"outofstock","12":"shipping-taxable","13":"purchasable","14":"product-type-variable"},"acf":[],"_links":{"self":[{"href":"https:\/\/alfaomega.tv\/librarie\/wp-json\/wp\/v2\/product\/36087","targetHints":{"allow":["GET"]}}],"collection":[{"href":"https:\/\/alfaomega.tv\/librarie\/wp-json\/wp\/v2\/product"}],"about":[{"href":"https:\/\/alfaomega.tv\/librarie\/wp-json\/wp\/v2\/types\/product"}],"wp:featuredmedia":[{"embeddable":true,"href":"https:\/\/alfaomega.tv\/librarie\/wp-json\/wp\/v2\/media\/30266"}],"wp:attachment":[{"href":"https:\/\/alfaomega.tv\/librarie\/wp-json\/wp\/v2\/media?parent=36087"}],"wp:term":[{"taxonomy":"product_brand","embeddable":true,"href":"https:\/\/alfaomega.tv\/librarie\/wp-json\/wp\/v2\/product_brand?post=36087"},{"taxonomy":"product_cat","embeddable":true,"href":"https:\/\/alfaomega.tv\/librarie\/wp-json\/wp\/v2\/product_cat?post=36087"},{"taxonomy":"product_tag","embeddable":true,"href":"https:\/\/alfaomega.tv\/librarie\/wp-json\/wp\/v2\/product_tag?post=36087"}],"curies":[{"name":"wp","href":"https:\/\/api.w.org\/{rel}","templated":true}]}}