{"id":36089,"date":"2025-08-29T13:01:20","date_gmt":"2025-08-29T13:01:20","guid":{"rendered":"https:\/\/alfaomega.tv\/librarie\/?post_type=product&#038;p=36089"},"modified":"2025-08-29T13:01:31","modified_gmt":"2025-08-29T13:01:31","slug":"discernamantul-spiritual","status":"publish","type":"product","link":"https:\/\/alfaomega.tv\/librarie\/produse\/derek-prince\/discernamantul-spiritual\/","title":{"rendered":"Discern\u0103m\u00e2ntul spiritual"},"content":{"rendered":"<p>\u00centr-o lume care \u00cei \u00eentoarce spatele lui Dumnezeu \u00een timp ce strig\u0103 \u201enu m\u0103 judeca\u021bi!\u201d, Derek Prince intervine cu Scriptura \u00een favoarea unei judec\u0103\u021bi corecte.<\/p>\n<p>Unele pasaje din Scriptur\u0103 spun \u201ejudeca\u021bi\u201d, \u00een timp ce altele spun \u201enu judeca\u021bi\u201d. Majoritatea cre\u0219tinilor au \u00eendoieli cu privire la faptul dac\u0103 au permisiunea s\u0103 judece, iar al\u021bii se simt responsabili s\u0103 ridice un standard moral, dar nu \u0219tiu \u00een ce m\u0103sur\u0103 au dreptul s\u0103 fac\u0103 acest lucru. Derek Prince elimin\u0103 conflictul aparent \u0219i abordeaz\u0103 urm\u0103toarele subiecte:<\/p>\n<p>\u2022 cine este autorizat s\u0103 judece;<br \/>\n\u2022 c\u00e2nd este necesar\u0103 judecata;<br \/>\n\u2022 ce suntem autoriza\u021bi s\u0103 judec\u0103m;<br \/>\n\u2022 care sunt limitele \u0219i<br \/>\n\u2022 de ce conteaz\u0103 atitudinea noastr\u0103.<\/p>\n","protected":false},"excerpt":{"rendered":"<p>\u00centr-o lume care \u00cei \u00eentoarce spatele lui Dumnezeu \u00een timp ce strig\u0103 \u201enu m\u0103 judeca\u021bi!\u201d, Derek Prince intervine cu Scriptura \u00een favoarea unei judec\u0103\u021bi corecte. Unele pasaje din Scriptur\u0103 spun \u201ejudeca\u021bi\u201d, \u00een timp ce altele spun \u201enu judeca\u021bi\u201d. Majoritatea cre\u0219tinilor au \u00eendoieli cu privire la faptul dac\u0103 au permisiunea s\u0103 judece, iar al\u021bii se simt [&hellip;]<\/p>\n","protected":false},"featured_media":30269,"template":"","meta":{"_acf_changed":false},"product_brand":[],"product_cat":[42],"product_tag":[],"class_list":{"0":"post-36089","1":"product","2":"type-product","3":"status-publish","4":"has-post-thumbnail","6":"product_cat-derek-prince","7":"pa_autori-derek-prince","8":"pa_format-carte-tiparita","10":"first","11":"outofstock","12":"shipping-taxable","13":"purchasable","14":"product-type-variable"},"acf":[],"_links":{"self":[{"href":"https:\/\/alfaomega.tv\/librarie\/wp-json\/wp\/v2\/product\/36089","targetHints":{"allow":["GET"]}}],"collection":[{"href":"https:\/\/alfaomega.tv\/librarie\/wp-json\/wp\/v2\/product"}],"about":[{"href":"https:\/\/alfaomega.tv\/librarie\/wp-json\/wp\/v2\/types\/product"}],"wp:featuredmedia":[{"embeddable":true,"href":"https:\/\/alfaomega.tv\/librarie\/wp-json\/wp\/v2\/media\/30269"}],"wp:attachment":[{"href":"https:\/\/alfaomega.tv\/librarie\/wp-json\/wp\/v2\/media?parent=36089"}],"wp:term":[{"taxonomy":"product_brand","embeddable":true,"href":"https:\/\/alfaomega.tv\/librarie\/wp-json\/wp\/v2\/product_brand?post=36089"},{"taxonomy":"product_cat","embeddable":true,"href":"https:\/\/alfaomega.tv\/librarie\/wp-json\/wp\/v2\/product_cat?post=36089"},{"taxonomy":"product_tag","embeddable":true,"href":"https:\/\/alfaomega.tv\/librarie\/wp-json\/wp\/v2\/product_tag?post=36089"}],"curies":[{"name":"wp","href":"https:\/\/api.w.org\/{rel}","templated":true}]}}