{"id":36091,"date":"2025-08-29T13:01:20","date_gmt":"2025-08-29T13:01:20","guid":{"rendered":"https:\/\/alfaomega.tv\/librarie\/?post_type=product&#038;p=36091"},"modified":"2025-08-29T13:01:31","modified_gmt":"2025-08-29T13:01:31","slug":"de-la-blestem-la-binecuvantare","status":"publish","type":"product","link":"https:\/\/alfaomega.tv\/librarie\/produse\/derek-prince\/de-la-blestem-la-binecuvantare\/","title":{"rendered":"De la blestem la binecuv\u00e2ntare"},"content":{"rendered":"<p>Multe vie\u021bi sunt afectate de blestem \u00een ce prive\u0219te s\u0103n\u0103tatea, familia, finan\u021bele sau apari\u021bia cancerului, dar exist\u0103 o cale de ie\u0219ire!<\/p>\n<p>Poate sim\u021bi c\u0103 via\u021ba ta este o lupt\u0103 constant\u0103, \u00een care capcanele sunt numeroase \u0219i cineva pare s\u0103 te vizeze, c\u0103 indiferent c\u00e2t efort depui, pare c\u0103 ba\u021bi pasul pe loc.<br \/>\nDac\u0103 te afli tu sau cineva drag \u00eentr-o astfel de situa\u021bie, afl\u0103 cum se poate trece de la blestem la binecuv\u00e2ntare. Ascultarea de glasul Domnului este cerin\u021ba nu numai pentru a r\u0103m\u00e2ne departe de blesteme, ci \u0219i pentru a avea parte de favoarea, binecuv\u00e2ntarea \u0219i ajutorul lui Dumnezeu.<\/p>\n","protected":false},"excerpt":{"rendered":"<p>Multe vie\u021bi sunt afectate de blestem \u00een ce prive\u0219te s\u0103n\u0103tatea, familia, finan\u021bele sau apari\u021bia cancerului, dar exist\u0103 o cale de ie\u0219ire! Poate sim\u021bi c\u0103 via\u021ba ta este o lupt\u0103 constant\u0103, \u00een care capcanele sunt numeroase \u0219i cineva pare s\u0103 te vizeze, c\u0103 indiferent c\u00e2t efort depui, pare c\u0103 ba\u021bi pasul pe loc. Dac\u0103 te afli [&hellip;]<\/p>\n","protected":false},"featured_media":30272,"template":"","meta":{"_acf_changed":false},"product_brand":[],"product_cat":[42],"product_tag":[],"class_list":{"0":"post-36091","1":"product","2":"type-product","3":"status-publish","4":"has-post-thumbnail","6":"product_cat-derek-prince","7":"pa_autori-derek-prince","8":"pa_format-carte-tiparita","10":"first","11":"instock","12":"shipping-taxable","13":"purchasable","14":"product-type-variable"},"acf":[],"_links":{"self":[{"href":"https:\/\/alfaomega.tv\/librarie\/wp-json\/wp\/v2\/product\/36091","targetHints":{"allow":["GET"]}}],"collection":[{"href":"https:\/\/alfaomega.tv\/librarie\/wp-json\/wp\/v2\/product"}],"about":[{"href":"https:\/\/alfaomega.tv\/librarie\/wp-json\/wp\/v2\/types\/product"}],"wp:featuredmedia":[{"embeddable":true,"href":"https:\/\/alfaomega.tv\/librarie\/wp-json\/wp\/v2\/media\/30272"}],"wp:attachment":[{"href":"https:\/\/alfaomega.tv\/librarie\/wp-json\/wp\/v2\/media?parent=36091"}],"wp:term":[{"taxonomy":"product_brand","embeddable":true,"href":"https:\/\/alfaomega.tv\/librarie\/wp-json\/wp\/v2\/product_brand?post=36091"},{"taxonomy":"product_cat","embeddable":true,"href":"https:\/\/alfaomega.tv\/librarie\/wp-json\/wp\/v2\/product_cat?post=36091"},{"taxonomy":"product_tag","embeddable":true,"href":"https:\/\/alfaomega.tv\/librarie\/wp-json\/wp\/v2\/product_tag?post=36091"}],"curies":[{"name":"wp","href":"https:\/\/api.w.org\/{rel}","templated":true}]}}