{"id":36093,"date":"2025-08-29T13:01:20","date_gmt":"2025-08-29T13:01:20","guid":{"rendered":"https:\/\/alfaomega.tv\/librarie\/?post_type=product&#038;p=36093"},"modified":"2025-12-09T08:23:42","modified_gmt":"2025-12-09T08:23:42","slug":"balta-amara-a-vietii","status":"publish","type":"product","link":"https:\/\/alfaomega.tv\/librarie\/produse\/derek-prince\/balta-amara-a-vietii\/","title":{"rendered":"Balta amar\u0103 a vie\u021bii"},"content":{"rendered":"<p>Care este comportamentul nostru atunci c\u00e2nd ne confrunt\u0103m \u00een via\u021b\u0103 cu o \u201ebalt\u0103 amar\u0103\u201d a dezam\u0103girii?<br \/>\nBazat\u0103 pe o \u00eent\u00e2mplare din istoria poporului Israel, aceast\u0103 carte ne ajut\u0103 s\u0103 r\u0103m\u00e2nem tari \u00een credin\u021b\u0103 atunci c\u00e2nd trecem prin \u00eencerc\u0103ri.<\/p>\n","protected":false},"excerpt":{"rendered":"<p>Care este comportamentul nostru atunci c\u00e2nd ne confrunt\u0103m \u00een via\u021b\u0103 cu o \u201ebalt\u0103 amar\u0103\u201d a dezam\u0103girii? Bazat\u0103 pe o \u00eent\u00e2mplare din istoria poporului Israel, aceast\u0103 carte ne ajut\u0103 s\u0103 r\u0103m\u00e2nem tari \u00een credin\u021b\u0103 atunci c\u00e2nd trecem prin \u00eencerc\u0103ri.<\/p>\n","protected":false},"featured_media":30275,"template":"","meta":{"_acf_changed":false},"product_brand":[],"product_cat":[42],"product_tag":[],"class_list":{"0":"post-36093","1":"product","2":"type-product","3":"status-publish","4":"has-post-thumbnail","6":"product_cat-derek-prince","7":"pa_autori-derek-prince","8":"pa_format-carte-tiparita","10":"first","11":"outofstock","12":"shipping-taxable","13":"purchasable","14":"product-type-variable"},"acf":[],"_links":{"self":[{"href":"https:\/\/alfaomega.tv\/librarie\/wp-json\/wp\/v2\/product\/36093","targetHints":{"allow":["GET"]}}],"collection":[{"href":"https:\/\/alfaomega.tv\/librarie\/wp-json\/wp\/v2\/product"}],"about":[{"href":"https:\/\/alfaomega.tv\/librarie\/wp-json\/wp\/v2\/types\/product"}],"wp:featuredmedia":[{"embeddable":true,"href":"https:\/\/alfaomega.tv\/librarie\/wp-json\/wp\/v2\/media\/30275"}],"wp:attachment":[{"href":"https:\/\/alfaomega.tv\/librarie\/wp-json\/wp\/v2\/media?parent=36093"}],"wp:term":[{"taxonomy":"product_brand","embeddable":true,"href":"https:\/\/alfaomega.tv\/librarie\/wp-json\/wp\/v2\/product_brand?post=36093"},{"taxonomy":"product_cat","embeddable":true,"href":"https:\/\/alfaomega.tv\/librarie\/wp-json\/wp\/v2\/product_cat?post=36093"},{"taxonomy":"product_tag","embeddable":true,"href":"https:\/\/alfaomega.tv\/librarie\/wp-json\/wp\/v2\/product_tag?post=36093"}],"curies":[{"name":"wp","href":"https:\/\/api.w.org\/{rel}","templated":true}]}}