{"id":36095,"date":"2025-08-29T13:01:20","date_gmt":"2025-08-29T13:01:20","guid":{"rendered":"https:\/\/alfaomega.tv\/librarie\/?post_type=product&#038;p=36095"},"modified":"2025-08-29T13:02:07","modified_gmt":"2025-08-29T13:02:07","slug":"7-ungeri-pentru-transformarea-imparatiei","status":"publish","type":"product","link":"https:\/\/alfaomega.tv\/librarie\/produse\/identitate-crestere-spirituala-revelatie\/7-ungeri-pentru-transformarea-imparatiei\/","title":{"rendered":"7 ungeri pentru transformarea \u00cemp\u0103r\u0103\u021biei"},"content":{"rendered":"<p>Caracteristicile unice ale unui individ provin din ceea ce cunoa\u0219tem sub numele de markeri cromozomiali ADN, care lucreaz\u0103 la dezvoltarea corpului nostru \u0219i ne fac s\u0103 ar\u0103t\u0103m \u0219i s\u0103 avem capacit\u0103\u021bile caracteristice ale p\u0103rin\u021bilor no\u0219tri \u0219i ale familiilor noastre. \u00cen 2 Petru 1:4 scrie c\u0103 noi suntem p\u0103rta\u0219i naturii divine (sau \u201efirii dumnezeie\u0219ti, n. tr.). Acest lucru se refer\u0103 la \u0219irul unic de ADN (atributele divinei naturi) pe care Dumnezeu l-a pus \u00een noi pentru a exprima binecuv\u00e2nt\u0103rile \u00cemp\u0103r\u0103\u021biei Sale pe p\u0103m\u00e2nt.<\/p>\n<p>\u00cen ultimii 30 de ani, Christian International a descoperit 7 ungeri folosite cu putere de mi\u0219carea apostolic\u0103 \u0219i profetic\u0103 pentru a transforma vie\u021bi, biserici, afaceri \u0219i teritorii.<\/p>\n<p>ACESTE 7 UNGERI SUNT:<br \/>\nApostoli \u0219i profe\u021bi \u00een na\u021biuni<br \/>\nUngerea de activare<br \/>\nUngerea de reproducere\/\u00eemp\u0103rt\u0103\u0219ire<br \/>\nUngerea din familie<br \/>\nUngerea lucr\u0103rii \u00een echip\u0103<br \/>\nR\u0103zboiul spiritual \u00een rug\u0103ciune \u0219i laud\u0103<br \/>\nUngerea influen\u021batorilor \u00cemp\u0103r\u0103\u021biei \u00een societate<\/p>\n<p>Voi povesti totodat\u0103 cum am participat \u00eempreun\u0103 cu Domnul la transformarea propriului nostru teritoriu folosind aceste ungeri. Este o poveste extraordinar\u0103 pe care nu ai vrea s\u0103 o ratezi.<\/p>\n","protected":false},"excerpt":{"rendered":"<p>Caracteristicile unice ale unui individ provin din ceea ce cunoa\u0219tem sub numele de markeri cromozomiali ADN, care lucreaz\u0103 la dezvoltarea corpului nostru \u0219i ne fac s\u0103 ar\u0103t\u0103m \u0219i s\u0103 avem capacit\u0103\u021bile caracteristice ale p\u0103rin\u021bilor no\u0219tri \u0219i ale familiilor noastre. \u00cen 2 Petru 1:4 scrie c\u0103 noi suntem p\u0103rta\u0219i naturii divine (sau \u201efirii dumnezeie\u0219ti, n. tr.). [&hellip;]<\/p>\n","protected":false},"featured_media":30319,"template":"","meta":{"_acf_changed":false},"product_brand":[],"product_cat":[21],"product_tag":[],"class_list":{"0":"post-36095","1":"product","2":"type-product","3":"status-publish","4":"has-post-thumbnail","6":"product_cat-identitate-crestere-spirituala-revelatie","7":"pa_autori-tom-hamon","8":"pa_format-carte-tiparita","9":"pa_format-carte-electronica","11":"first","12":"instock","13":"shipping-taxable","14":"purchasable","15":"product-type-variable"},"acf":[],"_links":{"self":[{"href":"https:\/\/alfaomega.tv\/librarie\/wp-json\/wp\/v2\/product\/36095","targetHints":{"allow":["GET"]}}],"collection":[{"href":"https:\/\/alfaomega.tv\/librarie\/wp-json\/wp\/v2\/product"}],"about":[{"href":"https:\/\/alfaomega.tv\/librarie\/wp-json\/wp\/v2\/types\/product"}],"wp:featuredmedia":[{"embeddable":true,"href":"https:\/\/alfaomega.tv\/librarie\/wp-json\/wp\/v2\/media\/30319"}],"wp:attachment":[{"href":"https:\/\/alfaomega.tv\/librarie\/wp-json\/wp\/v2\/media?parent=36095"}],"wp:term":[{"taxonomy":"product_brand","embeddable":true,"href":"https:\/\/alfaomega.tv\/librarie\/wp-json\/wp\/v2\/product_brand?post=36095"},{"taxonomy":"product_cat","embeddable":true,"href":"https:\/\/alfaomega.tv\/librarie\/wp-json\/wp\/v2\/product_cat?post=36095"},{"taxonomy":"product_tag","embeddable":true,"href":"https:\/\/alfaomega.tv\/librarie\/wp-json\/wp\/v2\/product_tag?post=36095"}],"curies":[{"name":"wp","href":"https:\/\/api.w.org\/{rel}","templated":true}]}}